

{"id":53960,"date":"2025-03-24T10:40:00","date_gmt":"2025-03-24T10:40:00","guid":{"rendered":"https:\/\/motoma.cn\/fr\/?post_type=product&#038;p=53960"},"modified":"2025-04-17T00:18:08","modified_gmt":"2025-04-17T00:18:08","slug":"liquid-cooling-container-ess-m2500-5015","status":"publish","type":"product","link":"https:\/\/motoma.cn\/fr\/product\/liquid-cooling-container-ess-m2500-5015\/","title":{"rendered":"Liquid-cooling Container ESS M2500-5015"},"content":{"rendered":"<p class=\"\" data-start=\"0\" data-end=\"374\"><strong data-start=\"0\" data-end=\"12\">Aper\u00e7u :<\/strong><br data-start=\"12\" data-end=\"15\" \/>Le <strong data-start=\"18\" data-end=\"37\">MOTOMA 5015 ESS<\/strong> est un syst\u00e8me de stockage d\u2019\u00e9nergie compos\u00e9 d\u2019une batterie de 314Ah, d\u2019un pack batterie avec refroidissement liquide, d\u2019un cluster de batteries, d\u2019un syst\u00e8me de distribution d\u2019\u00e9nergie, d\u2019un syst\u00e8me de contr\u00f4le thermique par refroidissement liquide, d\u2019un syst\u00e8me de protection incendie, d\u2019un BMS (syst\u00e8me de gestion de batterie), etc.<\/p>\n<p class=\"\" data-start=\"376\" data-end=\"922\">La capacit\u00e9 nominale du syst\u00e8me est de <strong data-start=\"415\" data-end=\"430\">5015.96 kWh<\/strong>. Chaque cluster est \u00e9quip\u00e9 d\u2019un <strong data-start=\"463\" data-end=\"482\">sous-contr\u00f4leur<\/strong> permettant la gestion ind\u00e9pendante des cycles de charge et de d\u00e9charge. Chaque cluster comprend <strong data-start=\"579\" data-end=\"608\">huit packs batterie 1P52S<\/strong> connect\u00e9s en s\u00e9rie. Les cellules haute densit\u00e9 de 314Ah assurent une grande capacit\u00e9 \u00e9nerg\u00e9tique, et l\u2019\u00e9nergie est dirig\u00e9e vers l\u2019interface externe du conteneur apr\u00e8s passage par le sous-contr\u00f4leur. Le conteneur adopte un <strong data-start=\"831\" data-end=\"860\">design sans acc\u00e8s interne<\/strong> (non-walk-in), con\u00e7u pour une maintenance depuis l\u2019ext\u00e9rieur.<\/p>\n<p class=\"\" data-start=\"924\" data-end=\"1027\">Il est recommand\u00e9 pour une utilisation dans plusieurs sc\u00e9narios de stockage d\u2019\u00e9nergie (ESS), tels que :<\/p>\n<ul data-start=\"1028\" data-end=\"1369\">\n<li class=\"\" data-start=\"1028\" data-end=\"1080\">\n<p class=\"\" data-start=\"1030\" data-end=\"1080\">la r\u00e9gulation de fr\u00e9quence en p\u00e9riode de pointe,<\/p>\n<\/li>\n<li class=\"\" data-start=\"1081\" data-end=\"1113\">\n<p class=\"\" data-start=\"1083\" data-end=\"1113\">le lissage de la production,<\/p>\n<\/li>\n<li class=\"\" data-start=\"1114\" data-end=\"1150\">\n<p class=\"\" data-start=\"1116\" data-end=\"1150\">le soutien au r\u00e9seau \u00e9lectrique,<\/p>\n<\/li>\n<li class=\"\" data-start=\"1151\" data-end=\"1212\">\n<p class=\"\" data-start=\"1153\" data-end=\"1212\">le <strong data-start=\"1156\" data-end=\"1172\">peak shaving<\/strong> (r\u00e9duction des pics de consommation),<\/p>\n<\/li>\n<li class=\"\" data-start=\"1213\" data-end=\"1369\">\n<p class=\"\" data-start=\"1215\" data-end=\"1369\">et le <strong data-start=\"1221\" data-end=\"1239\">valley filling<\/strong> (remplissage des creux de charge),<br data-start=\"1274\" data-end=\"1277\" \/>que ce soit c\u00f4t\u00e9 production d\u2019\u00e9nergie renouvelable, c\u00f4t\u00e9 r\u00e9seau ou chez l\u2019utilisateur final.<\/p>\n<\/li>\n<\/ul>\n<p><strong>Param\u00e8tres du syst\u00e8me ESS :<\/strong><\/p>\n<table style=\"width: 100%; border-collapse: collapse; font-family: Arial, sans-serif; font-size: 14px; text-align: center;\">\n<thead>\n<tr style=\"color: white;\">\n<th style=\"padding: 8px; border: 1px solid black; background-color: #a51d1d;\">Type<\/th>\n<th style=\"padding: 8px; border: 1px solid black; background-color: #a51d1d;\">Nom<\/th>\n<th style=\"padding: 8px; border: 1px solid black; background-color: #a51d1d;\">Param\u00e8tres<\/th>\n<th style=\"padding: 8px; border: 1px solid black; background-color: #a51d1d;\">Remarques<\/th>\n<\/tr>\n<\/thead>\n<tbody>\n<tr>\n<td style=\"background-color: #ffffff; color: black; font-weight: bold; padding: 8px; border: 1px solid black; vertical-align: middle;\" rowspan=\"11\">Param\u00e8tres de la batterie<\/td>\n<td style=\"padding: 8px; border: 1px solid black;\">Type de cellule<\/td>\n<td style=\"padding: 8px; border: 1px solid black;\">LFP-3.2V-314Ah<\/td>\n<td style=\"padding: 8px; border: 1px solid black;\"><\/td>\n<\/tr>\n<tr>\n<td style=\"padding: 8px; border: 1px solid black;\">Capacit\u00e9 nominale [kWh]<\/td>\n<td style=\"padding: 8px; border: 1px solid black;\">5015.96<\/td>\n<td style=\"padding: 8px; border: 1px solid black;\">P2, @25\u00b0C\u00b13\u00b0C<\/td>\n<\/tr>\n<tr>\n<td style=\"padding: 8px; border: 1px solid black;\">Tension nominale [V]<\/td>\n<td style=\"padding: 8px; border: 1px solid black;\">1331.2<\/td>\n<td style=\"padding: 8px; border: 1px solid black;\"><\/td>\n<\/tr>\n<tr>\n<td style=\"padding: 8px; border: 1px solid black;\">Plage de tension [V]<\/td>\n<td style=\"padding: 8px; border: 1px solid black;\">1164.8~1497.6<\/td>\n<td style=\"padding: 8px; border: 1px solid black;\"><\/td>\n<\/tr>\n<tr>\n<td style=\"padding: 8px; border: 1px solid black;\">Ratio de charge\/d\u00e9charge<\/td>\n<td style=\"padding: 8px; border: 1px solid black;\">\u22640.5CP<\/td>\n<td style=\"padding: 8px; border: 1px solid black;\"><\/td>\n<\/tr>\n<tr>\n<td style=\"padding: 8px; border: 1px solid black;\">Puissance max. de charge\/d\u00e9charge<\/td>\n<td style=\"padding: 8px; border: 1px solid black;\">2500<\/td>\n<td style=\"padding: 8px; border: 1px solid black;\">215kW Modular PCS<\/td>\n<\/tr>\n<tr>\n<td style=\"padding: 8px; border: 1px solid black;\">Temp\u00e9rature de fonctionnement<\/td>\n<td style=\"padding: 8px; border: 1px solid black;\">Charging: 0~50\u00b0C<br \/>\nDischarging: -20~55\u00b0C<\/td>\n<td style=\"padding: 8px; border: 1px solid black;\"><\/td>\n<\/tr>\n<tr>\n<td style=\"padding: 8px; border: 1px solid black;\">Temp\u00e9rature ambiante recommand\u00e9e<\/td>\n<td style=\"padding: 8px; border: 1px solid black;\">25\u00b110<\/td>\n<td style=\"padding: 8px; border: 1px solid black;\"><\/td>\n<\/tr>\n<tr>\n<td style=\"padding: 8px; border: 1px solid black;\">Dur\u00e9e de vie (cycles)<\/td>\n<td style=\"padding: 8px; border: 1px solid black;\">\u22656000 times<\/td>\n<td style=\"padding: 8px; border: 1px solid black;\">25\u00b110\u00b0C, 90%DOD, 80%EOL<\/td>\n<\/tr>\n<tr>\n<td style=\"padding: 8px; border: 1px solid black;\">M\u00e9thode de refroidissement<\/td>\n<td style=\"padding: 8px; border: 1px solid black;\">Refroidissement liquide<\/td>\n<td style=\"padding: 8px; border: 1px solid black;\">Liquid cooling medium: water + glycol<\/td>\n<\/tr>\n<tr>\n<td style=\"padding: 8px; border: 1px solid black;\">BMS<\/td>\n<td style=\"padding: 8px; border: 1px solid black;\">Level 3<\/td>\n<td style=\"padding: 8px; border: 1px solid black;\"><\/td>\n<\/tr>\n<tr>\n<td style=\"background-color: #ffffff; color: black; font-weight: bold; padding: 8px; border: 1px solid black; vertical-align: middle;\" rowspan=\"17\">Param\u00e8tres syst\u00e8me<\/td>\n<td style=\"padding: 8px; border: 1px solid black;\">Param\u00e8tres \u00e9lectriques auxiliaires<\/td>\n<td style=\"padding: 8px; border: 1px solid black;\">~40kW-400V\/50Hz<\/td>\n<td style=\"padding: 8px; border: 1px solid black;\">~3N+PE<\/td>\n<\/tr>\n<tr>\n<td style=\"padding: 8px; border: 1px solid black;\">Syst\u00e8me de protection incendie<\/td>\n<td style=\"padding: 8px; border: 1px solid black;\">Perfluorohexanone + water fire protection<\/td>\n<td style=\"padding: 8px; border: 1px solid black;\">Type S aerosol\/HFC-227ea optional<\/td>\n<\/tr>\n<tr>\n<td style=\"padding: 8px; border: 1px solid black;\">Niveau anticorrosion<\/td>\n<td style=\"padding: 8px; border: 1px solid black;\">C4<\/td>\n<td style=\"padding: 8px; border: 1px solid black;\">C5 optional<\/td>\n<\/tr>\n<tr>\n<td style=\"padding: 8px; border: 1px solid black;\">Niveau de protection contre la foudre<\/td>\n<td style=\"padding: 8px; border: 1px solid black;\">Level II<\/td>\n<td style=\"padding: 8px; border: 1px solid black;\"><\/td>\n<\/tr>\n<tr>\n<td style=\"padding: 8px; border: 1px solid black;\">Indice de protection (IP)<\/td>\n<td style=\"padding: 8px; border: 1px solid black;\">IP55<\/td>\n<td style=\"padding: 8px; border: 1px solid black;\"><\/td>\n<\/tr>\n<tr>\n<td style=\"padding: 8px; border: 1px solid black;\">Plage de temp\u00e9rature de fonctionnement [\u00b0C]<\/td>\n<td style=\"padding: 8px; border: 1px solid black;\">-20~+50<\/td>\n<td style=\"padding: 8px; border: 1px solid black;\">&gt;45\u00b0C derating<\/td>\n<\/tr>\n<tr>\n<td style=\"padding: 8px; border: 1px solid black;\">Temp\u00e9rature de stockage [\u00b0C]<\/td>\n<td style=\"padding: 8px; border: 1px solid black;\">-20~+55<\/td>\n<td style=\"padding: 8px; border: 1px solid black;\">&lt;6 months<\/td>\n<\/tr>\n<tr>\n<td style=\"padding: 8px; border: 1px solid black;\">Plage d\u2019humidit\u00e9 de fonctionnement<\/td>\n<td style=\"padding: 8px; border: 1px solid black;\">0~95%RH<\/td>\n<td style=\"padding: 8px; border: 1px solid black;\">No condensation<\/td>\n<\/tr>\n<tr>\n<td style=\"padding: 8px; border: 1px solid black;\">Mode d\u2019installation<\/td>\n<td style=\"padding: 8px; border: 1px solid black;\">Installation mode<\/td>\n<td style=\"padding: 8px; border: 1px solid black;\"><\/td>\n<\/tr>\n<tr>\n<td style=\"padding: 8px; border: 1px solid black;\">Conditions de travail<\/td>\n<td style=\"padding: 8px; border: 1px solid black;\">Max. 2 charge and 2 discharge per day<\/td>\n<td style=\"padding: 8px; border: 1px solid black;\"><\/td>\n<\/tr>\n<tr>\n<td style=\"padding: 8px; border: 1px solid black;\">Interface de communication syst\u00e8me<\/td>\n<td style=\"padding: 8px; border: 1px solid black;\">CAN\/Ethernet\/RS485<\/td>\n<td style=\"padding: 8px; border: 1px solid black;\"><\/td>\n<\/tr>\n<tr>\n<td style=\"padding: 8px; border: 1px solid black;\">Protocole de communication externe<\/td>\n<td style=\"padding: 8px; border: 1px solid black;\">Modbus TCP<\/td>\n<td style=\"padding: 8px; border: 1px solid black;\"><\/td>\n<\/tr>\n<tr>\n<td style=\"padding: 8px; border: 1px solid black;\">Altitude [m]<\/td>\n<td style=\"padding: 8px; border: 1px solid black;\">\u22643000<\/td>\n<td style=\"padding: 8px; border: 1px solid black;\"><\/td>\n<\/tr>\n<tr>\n<td style=\"padding: 8px; border: 1px solid black;\">Dimensions [L \u00d7 P \u00d7 H mm]<\/td>\n<td style=\"padding: 8px; border: 1px solid black;\">6058*2438*2896<\/td>\n<td style=\"padding: 8px; border: 1px solid black;\">20 feet<\/td>\n<\/tr>\n<tr>\n<td style=\"padding: 8px; border: 1px solid black;\">Poids [tonnes]<\/td>\n<td style=\"padding: 8px; border: 1px solid black;\">~41<\/td>\n<td style=\"padding: 8px; border: 1px solid black;\"><\/td>\n<\/tr>\n<tr>\n<td style=\"padding: 8px; border: 1px solid black;\">R\u00e9f\u00e9rence du mod\u00e8le de batterie<\/td>\n<td style=\"padding: 8px; border: 1px solid black;\">M2500-5015<\/td>\n<td style=\"padding: 8px; border: 1px solid black;\"><\/td>\n<\/tr>\n<tr>\n<td style=\"padding: 8px; border: 1px solid black;\">Certificats<\/td>\n<td style=\"padding: 8px; border: 1px solid black;\" colspan=\"2\">GB\/T 36276, GB\/T 34131<\/td>\n<\/tr>\n<\/tbody>\n<\/table>\n<p>&nbsp;<\/p>\n<p><strong>Caract\u00e9ristiques principales:<\/strong><\/p>\n<h5 data-start=\"39\" data-end=\"60\"><strong data-start=\"46\" data-end=\"60\">S\u00e9curit\u00e9 :<\/strong><\/h5>\n<ul data-start=\"62\" data-end=\"725\">\n<li class=\"\" data-start=\"62\" data-end=\"257\">\n<p class=\"\" data-start=\"64\" data-end=\"257\">D\u00e9tection ultra-rapide (\u00e0 l\u2019\u00e9chelle de la milliseconde) au niveau du PACK et du conteneur pour permettre une extinction cibl\u00e9e : extinction par gaz + par eau pour \u00e9viter toute reprise de feu.<\/p>\n<\/li>\n<li class=\"\" data-start=\"258\" data-end=\"365\">\n<p class=\"\" data-start=\"260\" data-end=\"365\">Syst\u00e8me d\u2019\u00e9vacuation active + soupapes de surpression de niveau 3 pour \u00e9viter les dommages secondaires.<\/p>\n<\/li>\n<li class=\"\" data-start=\"366\" data-end=\"482\">\n<p class=\"\" data-start=\"368\" data-end=\"482\">Isolation thermique \u00e0 trois niveaux (cellules, PACK, clusters) avec une r\u00e9sistance au feu sup\u00e9rieure \u00e0 2 heures.<\/p>\n<\/li>\n<li class=\"\" data-start=\"483\" data-end=\"621\">\n<p class=\"\" data-start=\"485\" data-end=\"621\">M\u00e9canisme de protection par fusibles \u00e0 quatre niveaux : PACK, cluster, ensemble et syst\u00e8me, r\u00e9duisant les risques de s\u00e9curit\u00e9 de 30 %.<\/p>\n<\/li>\n<li class=\"\" data-start=\"622\" data-end=\"725\">\n<p class=\"\" data-start=\"624\" data-end=\"725\">Nouveau mat\u00e9riau isolant ignifuge de niveau 5VA, augmentant la capacit\u00e9 de r\u00e9sistance au feu de 25 %.<\/p>\n<\/li>\n<\/ul>\n<h5 data-start=\"732\" data-end=\"755\"><strong data-start=\"739\" data-end=\"755\">Simplicit\u00e9 :<\/strong><\/h5>\n<ul data-start=\"757\" data-end=\"1184\">\n<li class=\"\" data-start=\"757\" data-end=\"930\">\n<p class=\"\" data-start=\"759\" data-end=\"930\">Batterie de 314Ah avec plaque froide ultra-\u00e9troite, conteneur HQ standard de 20 pieds avec \u00e9nergie nominale de 5.015 MWh, surface au sol &lt;15 m\u00b2, r\u00e9duisant les co\u00fbts EPC.<\/p>\n<\/li>\n<li class=\"\" data-start=\"931\" data-end=\"1068\">\n<p class=\"\" data-start=\"933\" data-end=\"1068\">Architecture en s\u00e9rie (string), couplage c\u00f4t\u00e9 AC, \u00e9vite la circulation entre les clusters et augmente la puissance disponible de 9 %.<\/p>\n<\/li>\n<li class=\"\" data-start=\"1069\" data-end=\"1184\">\n<p class=\"\" data-start=\"1071\" data-end=\"1184\">Conteneur enti\u00e8rement pr\u00e9fabriqu\u00e9, install\u00e9 et test\u00e9 en usine, r\u00e9duisant le d\u00e9lai de livraison du projet de 50 %.<\/p>\n<\/li>\n<\/ul>\n<h5 data-start=\"1191\" data-end=\"1216\"><strong data-start=\"1198\" data-end=\"1216\">Intelligence :<\/strong><\/h5>\n<ul data-start=\"1218\" data-end=\"1721\" data-is-last-node=\"\" data-is-only-node=\"\">\n<li class=\"\" data-start=\"1218\" data-end=\"1436\">\n<p class=\"\" data-start=\"1220\" data-end=\"1436\">\u00c9cart de temp\u00e9rature entre cellules inf\u00e9rieur \u00e0 2,5\u00b0C, mod\u00e8le IA pr\u00e9disant la dur\u00e9e de vie restante et les risques de s\u00e9curit\u00e9, guidant la maintenance pr\u00e9ventive, prolongeant la dur\u00e9e de vie de la batterie de 12 %.<\/p>\n<\/li>\n<li class=\"\" data-start=\"1437\" data-end=\"1624\">\n<p class=\"\" data-start=\"1439\" data-end=\"1624\">\u00c9quilibrage actif sans perte, autor\u00e9paration et auto-\u00e9quilibrage, contr\u00f4le automatique de basculement pour chaque cluster, \u00e9liminant le besoin de maintenance sur site par des experts.<\/p>\n<\/li>\n<li class=\"\" data-start=\"1625\" data-end=\"1721\">\n<p class=\"\" data-start=\"1627\" data-end=\"1721\">Syst\u00e8me intelligent de d\u00e9tection et de d\u00e9bogage pour anticiper les erreurs \u00e0 un stade pr\u00e9coce.<\/p>\n<\/li>\n<\/ul>\n","protected":false},"excerpt":{"rendered":"<p>Aper\u00e7u :Le MOTOMA 5015 ESS est un syst\u00e8me de stockage&hellip;<\/p>\n","protected":false},"featured_media":53961,"template":"","meta":{"content-type":"","om_disable_all_campaigns":false,"_monsterinsights_skip_tracking":false,"_monsterinsights_sitenote_active":false,"_monsterinsights_sitenote_note":"","_monsterinsights_sitenote_category":0},"product_brand":[],"product_cat":[253,72],"product_tag":[],"class_list":{"0":"post-53960","1":"product","2":"type-product","3":"status-publish","4":"has-post-thumbnail","6":"product_cat-utilities-ess","7":"product_cat-lithium-battery","9":"first","10":"instock","11":"shipping-taxable","12":"product-type-simple"},"_links":{"self":[{"href":"https:\/\/motoma.cn\/fr\/wp-json\/wp\/v2\/product\/53960","targetHints":{"allow":["GET"]}}],"collection":[{"href":"https:\/\/motoma.cn\/fr\/wp-json\/wp\/v2\/product"}],"about":[{"href":"https:\/\/motoma.cn\/fr\/wp-json\/wp\/v2\/types\/product"}],"version-history":[{"count":4,"href":"https:\/\/motoma.cn\/fr\/wp-json\/wp\/v2\/product\/53960\/revisions"}],"predecessor-version":[{"id":54150,"href":"https:\/\/motoma.cn\/fr\/wp-json\/wp\/v2\/product\/53960\/revisions\/54150"}],"wp:featuredmedia":[{"embeddable":true,"href":"https:\/\/motoma.cn\/fr\/wp-json\/wp\/v2\/media\/53961"}],"wp:attachment":[{"href":"https:\/\/motoma.cn\/fr\/wp-json\/wp\/v2\/media?parent=53960"}],"wp:term":[{"taxonomy":"product_brand","embeddable":true,"href":"https:\/\/motoma.cn\/fr\/wp-json\/wp\/v2\/product_brand?post=53960"},{"taxonomy":"product_cat","embeddable":true,"href":"https:\/\/motoma.cn\/fr\/wp-json\/wp\/v2\/product_cat?post=53960"},{"taxonomy":"product_tag","embeddable":true,"href":"https:\/\/motoma.cn\/fr\/wp-json\/wp\/v2\/product_tag?post=53960"}],"curies":[{"name":"wp","href":"https:\/\/api.w.org\/{rel}","templated":true}]}}