

{"id":54237,"date":"2025-10-23T09:12:00","date_gmt":"2025-10-23T09:12:00","guid":{"rendered":"https:\/\/motoma.cn\/fr\/?post_type=product&#038;p=54237"},"modified":"2025-10-31T09:27:04","modified_gmt":"2025-10-31T09:27:04","slug":"infini-v4-wp-elite-10-6-kw","status":"publish","type":"product","link":"https:\/\/motoma.cn\/fr\/product\/infini-v4-wp-elite-10-6-kw\/","title":{"rendered":"Infini V4 WP Elite 10.6 KW"},"content":{"rendered":"<p><strong>Vue d&#8217;ensemble:<\/strong><\/p>\n<p>Inverseur hybride avec un bo\u00eetier class\u00e9 IP66. L&#8217;Infini V 4 WP Elite est un inverseur hybride caract\u00e9ris\u00e9 par un bo\u00eetier class\u00e9 IP66. La r\u00e9sistance \u00e0 l&#8217;eau et \u00e0 la poussi\u00e8re IP66 offre une excellente protection dans divers climats. L&#8217;Infini V 4 WP Elite peut \u00eatre install\u00e9 dans des zones susceptibles de subir des infiltrations de sable et d&#8217;eau. Priorit\u00e9 programmable par l&#8217;utilisateur pour le PV, la batterie et le r\u00e9seau; et plus encore via un logiciel qui s&#8217;adapte \u00e0 vos besoins \u00e0 tout moment, jour ou nuit. Il aide \u00e0 g\u00e9rer l&#8217;autoconsommation et \u00e0 r\u00e9duire les factures d&#8217;\u00e9lectricit\u00e9.<\/p>\n<p>&nbsp;<\/p>\n<p><strong>Caract\u00e9ristiques Principales:<\/strong><\/p>\n<ul>\n<li>Bo\u00eetier certifi\u00e9 <strong data-start=\"17\" data-end=\"25\">IP66<\/strong> : \u00c9tanche \u00e0 l\u2019eau et \u00e0 la poussi\u00e8re pour un fonctionnement fiable dans divers climats.<\/li>\n<li><strong data-start=\"115\" data-end=\"136\">Suivi MPPT double<\/strong> : Deux traqueurs du point de puissance maximale int\u00e9gr\u00e9s pour optimiser la r\u00e9colte d\u2019\u00e9nergie.<\/li>\n<li><strong data-start=\"233\" data-end=\"274\">Priorit\u00e9 de source d\u2019\u00e9nergie flexible<\/strong> : Priorit\u00e9 programmable pour l\u2019alimentation par panneaux solaires (PV), batterie ou r\u00e9seau \u00e9lectrique.<\/li>\n<li><strong data-start=\"380\" data-end=\"417\">Modes de fonctionnement multiples<\/strong> : Prend en charge le fonctionnement en mode r\u00e9seau (Grid-tie), hors r\u00e9seau (Off-grid) et hybride (Grid-tie avec secours).<\/li>\n<li><strong data-start=\"542\" data-end=\"579\">Gestion intelligente de la charge<\/strong> : Sortie double permettant un contr\u00f4le intelligent des charges.<\/li>\n<li><strong data-start=\"646\" data-end=\"675\">Courant d\u2019entr\u00e9e PV \u00e9lev\u00e9<\/strong> : Prend en charge jusqu\u2019\u00e0 27 A de courant d\u2019entr\u00e9e photovolta\u00efque.<\/li>\n<li><strong data-start=\"745\" data-end=\"776\">Fonctionnement en parall\u00e8le<\/strong> : Extensible en connectant jusqu\u2019\u00e0 9 unit\u00e9s en parall\u00e8le.<\/li>\n<li><strong data-start=\"837\" data-end=\"854\">Wi-Fi int\u00e9gr\u00e9<\/strong> : Permet la surveillance mobile via une application d\u00e9di\u00e9e.<\/li>\n<li><strong data-start=\"917\" data-end=\"946\">Port de communication BMS<\/strong> : Comprend un port RS485 pour l\u2019int\u00e9gration avec le syst\u00e8me de gestion de batterie.<\/li>\n<li><strong data-start=\"1033\" data-end=\"1053\">Charge ajustable<\/strong> : Permet \u00e0 l\u2019utilisateur de personnaliser le courant et la tension de charge.<\/li>\n<li><strong data-start=\"1134\" data-end=\"1167\">Compatibilit\u00e9 avec g\u00e9n\u00e9rateur<\/strong> : Prend en charge le stockage d\u2019\u00e9nergie \u00e0 partir d\u2019un g\u00e9n\u00e9rateur diesel.<\/li>\n<li><strong data-start=\"1243\" data-end=\"1264\">Garantie de 5 ans<\/strong> : Livr\u00e9 avec une garantie standard de cinq ans.<\/li>\n<\/ul>\n","protected":false},"excerpt":{"rendered":"<p>Vue d&#8217;ensemble: Inverseur hybride avec un bo\u00eetier class\u00e9 IP66. L&#8217;Infini&hellip;<\/p>\n","protected":false},"featured_media":54231,"template":"","meta":{"content-type":"","om_disable_all_campaigns":false,"_monsterinsights_skip_tracking":false,"_monsterinsights_sitenote_active":false,"_monsterinsights_sitenote_note":"","_monsterinsights_sitenote_category":0},"product_brand":[],"product_cat":[182,231],"product_tag":[],"class_list":{"0":"post-54237","1":"product","2":"type-product","3":"status-publish","4":"has-post-thumbnail","6":"product_cat-solar-inverter","7":"product_cat-high-voltage-inverter","9":"first","10":"instock","11":"shipping-taxable","12":"product-type-simple"},"_links":{"self":[{"href":"https:\/\/motoma.cn\/fr\/wp-json\/wp\/v2\/product\/54237","targetHints":{"allow":["GET"]}}],"collection":[{"href":"https:\/\/motoma.cn\/fr\/wp-json\/wp\/v2\/product"}],"about":[{"href":"https:\/\/motoma.cn\/fr\/wp-json\/wp\/v2\/types\/product"}],"version-history":[{"count":5,"href":"https:\/\/motoma.cn\/fr\/wp-json\/wp\/v2\/product\/54237\/revisions"}],"predecessor-version":[{"id":54247,"href":"https:\/\/motoma.cn\/fr\/wp-json\/wp\/v2\/product\/54237\/revisions\/54247"}],"wp:featuredmedia":[{"embeddable":true,"href":"https:\/\/motoma.cn\/fr\/wp-json\/wp\/v2\/media\/54231"}],"wp:attachment":[{"href":"https:\/\/motoma.cn\/fr\/wp-json\/wp\/v2\/media?parent=54237"}],"wp:term":[{"taxonomy":"product_brand","embeddable":true,"href":"https:\/\/motoma.cn\/fr\/wp-json\/wp\/v2\/product_brand?post=54237"},{"taxonomy":"product_cat","embeddable":true,"href":"https:\/\/motoma.cn\/fr\/wp-json\/wp\/v2\/product_cat?post=54237"},{"taxonomy":"product_tag","embeddable":true,"href":"https:\/\/motoma.cn\/fr\/wp-json\/wp\/v2\/product_tag?post=54237"}],"curies":[{"name":"wp","href":"https:\/\/api.w.org\/{rel}","templated":true}]}}