

{"id":54268,"date":"2025-11-25T09:44:13","date_gmt":"2025-11-25T09:44:13","guid":{"rendered":"https:\/\/motoma.cn\/fr\/?post_type=product&#038;p=54268"},"modified":"2025-12-05T09:09:11","modified_gmt":"2025-12-05T09:09:11","slug":"hv-m61-614-4-v-100-ah","status":"publish","type":"product","link":"https:\/\/motoma.cn\/fr\/product\/hv-m61-614-4-v-100-ah\/","title":{"rendered":"HV-M61 614.4 V 100 AH"},"content":{"rendered":"<p><strong>Vue d&#8217;ensemble:<\/strong><\/p>\n<p data-start=\"750\" data-end=\"1123\">Nous vous pr\u00e9sentons la <strong data-start=\"774\" data-end=\"814\">Batterie Haute Tension MOTOMA 614.4V<\/strong>, l\u2019incarnation m\u00eame de la s\u00e9curit\u00e9 et de la fiabilit\u00e9 dans le domaine du stockage d\u2019\u00e9nergie.<br data-start=\"907\" data-end=\"910\" \/>Ce syst\u00e8me avanc\u00e9 de batterie au lithium fer phosphate est sp\u00e9cialement con\u00e7u pour r\u00e9pondre aux exigences \u00e9lev\u00e9es des syst\u00e8mes UPS, du stockage domestique, ainsi que des applications industrielles et commerciales.<\/p>\n<p data-start=\"1125\" data-end=\"1612\">Offrant des performances \u00e9lev\u00e9es, une stabilit\u00e9 exceptionnelle et une efficacit\u00e9 incomparable, la Batterie Haute Tension MOTOMA assure un fonctionnement fluide dans une large gamme d\u2019applications. Que vous cherchiez \u00e0 garantir une alimentation \u00e9lectrique ininterrompue, \u00e0 optimiser la consommation \u00e9nerg\u00e9tique de votre maison ou \u00e0 renforcer les capacit\u00e9s \u00e9nerg\u00e9tiques industrielles, ce syst\u00e8me de <strong>614.4\u00a0V<\/strong> vous offre la solution id\u00e9ale avec une fiabilit\u00e9 et une polyvalence in\u00e9gal\u00e9es.<\/p>\n<p>&nbsp;<\/p>\n<p><strong>Param\u00e8tres de la Batterie:<\/strong><\/p>\n<table>\n<tbody>\n<tr>\n<td>Num\u00e9ro de mod\u00e8le de la batterie<\/td>\n<td>HV-M61<\/td>\n<\/tr>\n<tr>\n<td>Tension nominale<\/td>\n<td>614.4V<\/td>\n<\/tr>\n<tr>\n<td>Capacit\u00e9 nominale<\/td>\n<td>100A<\/td>\n<\/tr>\n<tr>\n<td>Capacit\u00e9 de puissance<\/td>\n<td>61.44 KWh<\/td>\n<\/tr>\n<tr>\n<td>Dur\u00e9e de vie du cycle<\/td>\n<td>6000 cycles \u00e0 80% DOD<\/td>\n<\/tr>\n<tr>\n<td>Plage de tension op\u00e9rationnelle<\/td>\n<td>43.2~58.4V<\/td>\n<\/tr>\n<tr>\n<td>Courant de charge maximal<\/td>\n<td>100A<\/td>\n<\/tr>\n<tr>\n<td>Courant de d\u00e9charge maximal<\/td>\n<td>100A<\/td>\n<\/tr>\n<tr>\n<td>Dimensions (L x l x H)<\/td>\n<td>910\u00d7580\u00d71080mm<\/td>\n<\/tr>\n<tr>\n<td>Communication<\/td>\n<td>CAN\/RS485\/LAN<\/td>\n<\/tr>\n<tr>\n<td>Parall\u00e8le de modules<\/td>\n<td>Supporte jusqu\u2019\u00e0 8 packs<\/td>\n<\/tr>\n<tr>\n<td>Protection BMS<\/td>\n<td>Support<\/td>\n<\/tr>\n<tr>\n<td>Plage de temp\u00e9rature de charge<\/td>\n<td>0~45\u00b0C<\/td>\n<\/tr>\n<tr>\n<td>Plage de temp\u00e9rature de d\u00e9charge<\/td>\n<td>-20~60\u00b0C<\/td>\n<\/tr>\n<tr>\n<td>Certifications<\/td>\n<td>ISO \/UN38.3 \/MSDS<\/td>\n<\/tr>\n<\/tbody>\n<\/table>\n<p>&nbsp;<\/p>\n<p><strong>Caract\u00e9ristiques Principales:<\/strong><\/p>\n<p><strong>S\u00e9curit\u00e9, Fiabilit\u00e9 et Longue Dur\u00e9e de Vie:<\/strong><\/p>\n<ul>\n<li>Con\u00e7u avec la s\u00e9curit\u00e9 comme priorit\u00e9, notre syst\u00e8me de batterie offre une fiabilit\u00e9 in\u00e9gal\u00e9e et une dur\u00e9e de vie prolong\u00e9e, garantissant une tranquillit\u00e9 d\u2019esprit totale pour tous les utilisateurs.<\/li>\n<\/ul>\n<p><strong>Conception Modulaire Standardis\u00e9e:<\/strong><\/p>\n<ul>\n<li>La conception modulaire du syst\u00e8me facilite l\u2019installation et l\u2019extension, permettant une int\u00e9gration simple dans diverses applications de stockage d\u2019\u00e9nergie. Jusqu\u2019\u00e0 8 armoires de batteries peuvent fonctionner en parall\u00e8le.<\/li>\n<\/ul>\n<p><strong>Contr\u00f4le de Charge et de D\u00e9charge:<\/strong><\/p>\n<ul>\n<li>Des m\u00e9canismes de contr\u00f4le avanc\u00e9s assurent une gestion efficace des processus de charge et de d\u00e9charge, optimisant les performances et prolongeant la dur\u00e9e de vie de la batterie.<\/li>\n<\/ul>\n<p><strong>Alimentation Sans Interruption:<\/strong><\/p>\n<ul>\n<li>Con\u00e7u pour fournir une alimentation continue, le syst\u00e8me garantit une couverture \u00e9nerg\u00e9tique sans aucune interruption.<\/li>\n<\/ul>\n<p><strong>Ports de Communication (CAN\/RS485\/LAN):<\/strong><\/p>\n<ul>\n<li>Offre plusieurs options de connectivit\u00e9, assurant une communication fluide avec les syst\u00e8mes de gestion d\u2019\u00e9nergie pour une surveillance et un contr\u00f4le en temps r\u00e9el.<\/li>\n<\/ul>\n<p><strong>\u00c9cran LCD:<\/strong><\/p>\n<ul>\n<li>Un \u00e9cran LCD convivial affiche instantan\u00e9ment les informations essentielles, facilitant le suivi de l\u2019\u00e9tat et des performances de la batterie.<\/li>\n<\/ul>\n<p><strong>Capacit\u00e9 Flexible:<\/strong><\/p>\n<ul>\n<li>La conception du syst\u00e8me permet une extension de capacit\u00e9, offrant une solution personnalis\u00e9e adapt\u00e9e aux besoins \u00e9nerg\u00e9tiques sp\u00e9cifiques de chaque utilisateur.<\/li>\n<\/ul>\n<p><strong>Fonctionnement et Maintenance Efficaces:<\/strong><\/p>\n<ul>\n<li>Optimis\u00e9 pour l\u2019efficacit\u00e9, le syst\u00e8me assure une utilisation simple et une maintenance minimale, r\u00e9duisant les temps d\u2019arr\u00eat et les co\u00fbts op\u00e9rationnels.<\/li>\n<\/ul>\n","protected":false},"excerpt":{"rendered":"<p>Vue d&#8217;ensemble: Nous vous pr\u00e9sentons la Batterie Haute Tension MOTOMA&hellip;<\/p>\n","protected":false},"featured_media":54295,"template":"","meta":{"content-type":"","om_disable_all_campaigns":false,"_monsterinsights_skip_tracking":false,"_monsterinsights_sitenote_active":false,"_monsterinsights_sitenote_note":"","_monsterinsights_sitenote_category":0},"product_brand":[],"product_cat":[72,250],"product_tag":[],"class_list":{"0":"post-54268","1":"product","2":"type-product","3":"status-publish","4":"has-post-thumbnail","6":"product_cat-lithium-battery","7":"product_cat-high-voltage-battery","9":"first","10":"instock","11":"virtual","12":"product-type-simple"},"_links":{"self":[{"href":"https:\/\/motoma.cn\/fr\/wp-json\/wp\/v2\/product\/54268","targetHints":{"allow":["GET"]}}],"collection":[{"href":"https:\/\/motoma.cn\/fr\/wp-json\/wp\/v2\/product"}],"about":[{"href":"https:\/\/motoma.cn\/fr\/wp-json\/wp\/v2\/types\/product"}],"version-history":[{"count":3,"href":"https:\/\/motoma.cn\/fr\/wp-json\/wp\/v2\/product\/54268\/revisions"}],"predecessor-version":[{"id":54289,"href":"https:\/\/motoma.cn\/fr\/wp-json\/wp\/v2\/product\/54268\/revisions\/54289"}],"wp:featuredmedia":[{"embeddable":true,"href":"https:\/\/motoma.cn\/fr\/wp-json\/wp\/v2\/media\/54295"}],"wp:attachment":[{"href":"https:\/\/motoma.cn\/fr\/wp-json\/wp\/v2\/media?parent=54268"}],"wp:term":[{"taxonomy":"product_brand","embeddable":true,"href":"https:\/\/motoma.cn\/fr\/wp-json\/wp\/v2\/product_brand?post=54268"},{"taxonomy":"product_cat","embeddable":true,"href":"https:\/\/motoma.cn\/fr\/wp-json\/wp\/v2\/product_cat?post=54268"},{"taxonomy":"product_tag","embeddable":true,"href":"https:\/\/motoma.cn\/fr\/wp-json\/wp\/v2\/product_tag?post=54268"}],"curies":[{"name":"wp","href":"https:\/\/api.w.org\/{rel}","templated":true}]}}