

{"id":54271,"date":"2025-11-25T11:05:29","date_gmt":"2025-11-25T11:05:29","guid":{"rendered":"https:\/\/motoma.cn\/fr\/?post_type=product&#038;p=54271"},"modified":"2025-12-06T09:15:38","modified_gmt":"2025-12-06T09:15:38","slug":"100kw-209kwh-smart-ess-m100-209","status":"publish","type":"product","link":"https:\/\/motoma.cn\/fr\/product\/100kw-209kwh-smart-ess-m100-209\/","title":{"rendered":"100KW\/209KWh Smart ESS (M100-209)"},"content":{"rendered":"<p><strong>Vue d&#8217;ensemble<\/strong><\/p>\n<p data-start=\"645\" data-end=\"997\">Le <strong data-start=\"648\" data-end=\"663\">ESS-MHV PRO<\/strong> est un syst\u00e8me de stockage d\u2019\u00e9nergie commercial et industriel (C&amp;I) compact, \u00e9volutif et con\u00e7u pour une installation en ext\u00e9rieur.<br data-start=\"794\" data-end=\"797\" \/>Il se compose d\u2019un <strong data-start=\"816\" data-end=\"996\">cluster de batteries de puissance, d\u2019un onduleur hybride, d\u2019un syst\u00e8me intelligent de contr\u00f4le de la temp\u00e9rature, d\u2019un BMS, d\u2019un EMS et d\u2019une armoire r\u00e9sistante aux intemp\u00e9ries<\/strong>.<\/p>\n<p data-start=\"999\" data-end=\"1281\">Le syst\u00e8me offre des options de capacit\u00e9 flexibles de <strong data-start=\"1053\" data-end=\"1094\">161 kWh, 193 kWh ou 209 kWh par unit\u00e9<\/strong>, et prend en charge l\u2019extension jusqu\u2019\u00e0 <strong data-start=\"1135\" data-end=\"1160\">8 unit\u00e9s en parall\u00e8le<\/strong>, ce qui en fait une solution id\u00e9ale pour les applications n\u00e9cessitant un stockage d\u2019\u00e9nergie fiable et haute performance.<\/p>\n<p><strong>Caract\u00e9ristiques Principales:<\/strong><\/p>\n<p><strong>S\u00e9curit\u00e9<\/strong><\/p>\n<ul>\n<li><strong data-start=\"1350\" data-end=\"1386\">S\u00e9curit\u00e9 &amp; Protection Avanc\u00e9es :<\/strong><br data-start=\"1386\" data-end=\"1389\" \/>Class\u00e9 IP55 pour une utilisation en ext\u00e9rieur, avec un BMS \u00e0 trois niveaux offrant une protection multicouche contre les surtensions\/sous-tensions, le courant, la temp\u00e9rature et les courts-circuits.<\/li>\n<li><strong data-start=\"1593\" data-end=\"1623\">Gestion Thermique Fiable :<\/strong><br data-start=\"1623\" data-end=\"1626\" \/>\u00c9quip\u00e9 de ventilateurs int\u00e9gr\u00e9s assurant un \u00e9quilibre thermique pour un fonctionnement stable et s\u00e9curis\u00e9.<\/li>\n<li><strong data-start=\"1738\" data-end=\"1769\">Cellules de Haute Qualit\u00e9 :<\/strong><br data-start=\"1769\" data-end=\"1772\" \/>Utilise des cellules LiFePO4, reconnues pour leur s\u00e9curit\u00e9 et leur longue dur\u00e9e de vie.<\/li>\n<\/ul>\n<p><strong>Simplicit\u00e9<\/strong><\/p>\n<ul>\n<li><strong data-start=\"1896\" data-end=\"1937\">Configuration &amp; Extension Flexibles :<\/strong><br data-start=\"1937\" data-end=\"1940\" \/>Propose des options de capacit\u00e9 de 161 kWh, 193 kWh et 209 kWh par unit\u00e9, avec possibilit\u00e9 d\u2019extension jusqu\u2019\u00e0 8 unit\u00e9s en parall\u00e8le.<\/li>\n<li><strong data-start=\"2087\" data-end=\"2124\">Conception Compacte &amp; Modulaire :<\/strong><br data-start=\"2124\" data-end=\"2127\" \/>Empreinte r\u00e9duite, installation au sol rapide et besoins de maintenance faibles.<\/li>\n<li><strong data-start=\"2213\" data-end=\"2241\">Int\u00e9gration Tout-en-Un :<\/strong><br data-start=\"2241\" data-end=\"2244\" \/>Erreur de court-circuit anti-installation, pratique et s\u00fbre pour la maintenance.<\/li>\n<li>Int\u00e8gre tous les composants n\u00e9cessaires dans une seule unit\u00e9 facile \u00e0 installer.<\/li>\n<\/ul>\n<p><strong>Intelligence<\/strong><\/p>\n<ul>\n<li><strong data-start=\"2358\" data-end=\"2401\">Contr\u00f4le &amp; Communication Intelligents :<\/strong><br data-start=\"2401\" data-end=\"2404\" \/>Dot\u00e9 d\u2019un \u00e9cran LCD int\u00e9gr\u00e9 de 7,0&#8243;, avec surveillance en temps r\u00e9el et options de suivi local ou \u00e0 distance via Wi-Fi, 4G ou LAN.<\/li>\n<li><strong data-start=\"2544\" data-end=\"2580\">Haute Efficacit\u00e9 &amp; Performance :<\/strong><br data-start=\"2580\" data-end=\"2583\" \/>Rendement de l\u2019onduleur atteignant 97,8% et efficacit\u00e9 charge\/d\u00e9charge allant jusqu\u2019\u00e0 97,5%.<\/li>\n<li><strong data-start=\"2689\" data-end=\"2725\">Longue Dur\u00e9e de Vie des Cycles :<\/strong><br data-start=\"2725\" data-end=\"2728\" \/>Offre 8000 cycles \u00e0 70% EOL, garantissant une longue dur\u00e9e de fonctionnement.<\/li>\n<\/ul>\n<p><strong>Applications<\/strong><\/p>\n<ul>\n<li>Locaux Commerciaux<\/li>\n<li>Zone Industriel<\/li>\n<li>Mine<\/li>\n<li>Pastorale<\/li>\n<li>Station-service<\/li>\n<li>\u00cele<\/li>\n<li>Centre de Donn\u00e9es<\/li>\n<\/ul>\n","protected":false},"excerpt":{"rendered":"<p>Vue d&#8217;ensemble Le ESS-MHV PRO est un syst\u00e8me de stockage&hellip;<\/p>\n","protected":false},"featured_media":54276,"template":"","meta":{"content-type":"","om_disable_all_campaigns":false,"_monsterinsights_skip_tracking":false,"_monsterinsights_sitenote_active":false,"_monsterinsights_sitenote_note":"","_monsterinsights_sitenote_category":0},"product_brand":[],"product_cat":[72,244],"product_tag":[],"class_list":{"0":"post-54271","1":"product","2":"type-product","3":"status-publish","4":"has-post-thumbnail","6":"product_cat-lithium-battery","7":"product_cat-all-in-one-smart-ess","9":"first","10":"instock","11":"virtual","12":"product-type-simple"},"_links":{"self":[{"href":"https:\/\/motoma.cn\/fr\/wp-json\/wp\/v2\/product\/54271","targetHints":{"allow":["GET"]}}],"collection":[{"href":"https:\/\/motoma.cn\/fr\/wp-json\/wp\/v2\/product"}],"about":[{"href":"https:\/\/motoma.cn\/fr\/wp-json\/wp\/v2\/types\/product"}],"version-history":[{"count":3,"href":"https:\/\/motoma.cn\/fr\/wp-json\/wp\/v2\/product\/54271\/revisions"}],"predecessor-version":[{"id":54292,"href":"https:\/\/motoma.cn\/fr\/wp-json\/wp\/v2\/product\/54271\/revisions\/54292"}],"wp:featuredmedia":[{"embeddable":true,"href":"https:\/\/motoma.cn\/fr\/wp-json\/wp\/v2\/media\/54276"}],"wp:attachment":[{"href":"https:\/\/motoma.cn\/fr\/wp-json\/wp\/v2\/media?parent=54271"}],"wp:term":[{"taxonomy":"product_brand","embeddable":true,"href":"https:\/\/motoma.cn\/fr\/wp-json\/wp\/v2\/product_brand?post=54271"},{"taxonomy":"product_cat","embeddable":true,"href":"https:\/\/motoma.cn\/fr\/wp-json\/wp\/v2\/product_cat?post=54271"},{"taxonomy":"product_tag","embeddable":true,"href":"https:\/\/motoma.cn\/fr\/wp-json\/wp\/v2\/product_tag?post=54271"}],"curies":[{"name":"wp","href":"https:\/\/api.w.org\/{rel}","templated":true}]}}