

{"id":54283,"date":"2025-11-25T12:13:34","date_gmt":"2025-11-25T12:13:34","guid":{"rendered":"https:\/\/motoma.cn\/fr\/?post_type=product&#038;p=54283"},"modified":"2025-11-25T12:55:48","modified_gmt":"2025-11-25T12:55:48","slug":"battery-energy-storage-system-bess-500kw-1045kwh","status":"publish","type":"product","link":"https:\/\/motoma.cn\/fr\/product\/battery-energy-storage-system-bess-500kw-1045kwh\/","title":{"rendered":"BATTERY ENERGY STORAGE SYSTEM BESS-500kW\/1045kWh"},"content":{"rendered":"<p class=\"\" data-start=\"0\" data-end=\"374\"><strong data-start=\"0\" data-end=\"12\">Aper\u00e7u :<\/strong><\/p>\n<p data-start=\"889\" data-end=\"1207\">Le <strong data-start=\"892\" data-end=\"921\">MOTOMA BESS-500kW\/1045kWh<\/strong> int\u00e8gre un syst\u00e8me de batteries \u00e0 refroidissement liquide, un syst\u00e8me hybride photovolta\u00efque-stockage, un syst\u00e8me de gestion de l\u2019\u00e9nergie (EMS), ainsi que la protection incendie, la protection contre la foudre et la mise \u00e0 la terre. La capacit\u00e9 nominale du syst\u00e8me est de <strong data-start=\"1194\" data-end=\"1206\">1045 kWh<\/strong>.<\/p>\n<p data-start=\"1209\" data-end=\"1538\">Le syst\u00e8me se distingue par une utilisation efficace des \u00e9nergies renouvelables, un contr\u00f4le coordonn\u00e9 multi-\u00e9nergies, une transition fluide entre les modes on-grid et off-grid, une optimisation \u00e9conomique, une alimentation de secours en cas d\u2019urgence et des strat\u00e9gies op\u00e9rationnelles flexibles adapt\u00e9es aux besoins des clients.<\/p>\n<p data-start=\"1540\" data-end=\"1912\">Il adopte une conception \u00e0 trois niveaux avec gestion de la qualit\u00e9 de l\u2019\u00e9nergie et un transformateur isol\u00e9, garantissant une alimentation stable, s\u00fbre et fiable. Il est recommand\u00e9 pour les entreprises industrielles et mini\u00e8res confront\u00e9es \u00e0 une mauvaise qualit\u00e9 de l\u2019alimentation \u00e9lectrique, ainsi que pour diverses applications flexibles selon les exigences des clients.<\/p>\n<p><strong>Param\u00e8tres de la batterie :<\/strong><\/p>\n<table style=\"width: 100%; border-collapse: collapse; font-family: Arial, sans-serif; font-size: 14px; text-align: center;\">\n<thead>\n<tr style=\"color: white;\">\n<th style=\"padding: 8px; border: 1px solid black; background-color: #a51d1d;\">Nom<\/th>\n<th style=\"padding: 8px; border: 1px solid black; background-color: #a51d1d;\">Param\u00e8tre<\/th>\n<th style=\"padding: 8px; border: 1px solid black; background-color: #a51d1d;\">Remarques<\/th>\n<\/tr>\n<\/thead>\n<tbody>\n<tr>\n<td style=\"padding: 8px; border: 1px solid black;\">Type de cellule [Ah]<\/td>\n<td style=\"padding: 8px; border: 1px solid black;\">LFP-3.2V-314<\/td>\n<td style=\"padding: 8px; border: 1px solid black;\"><\/td>\n<\/tr>\n<tr>\n<td style=\"padding: 8px; border: 1px solid black;\">Capacit\u00e9 nominale [kWh]<\/td>\n<td style=\"padding: 8px; border: 1px solid black;\">1045<\/td>\n<td style=\"padding: 8px; border: 1px solid black;\"><\/td>\n<\/tr>\n<tr>\n<td style=\"padding: 8px; border: 1px solid black;\">Tension nominale de la batterie [Vdc]<\/td>\n<td style=\"padding: 8px; border: 1px solid black;\">832<\/td>\n<td style=\"padding: 8px; border: 1px solid black;\"><\/td>\n<\/tr>\n<tr>\n<td style=\"padding: 8px; border: 1px solid black;\">Plage de tension de la batterie [Vdc]<\/td>\n<td style=\"padding: 8px; border: 1px solid black;\">728 ~ 936<\/td>\n<td style=\"padding: 8px; border: 1px solid black;\"><\/td>\n<\/tr>\n<tr>\n<td style=\"padding: 8px; border: 1px solid black;\">Taux de charge et de d\u00e9charge [CP]<\/td>\n<td style=\"padding: 8px; border: 1px solid black;\">\u22640.5<\/td>\n<td style=\"padding: 8px; border: 1px solid black;\"><\/td>\n<\/tr>\n<tr>\n<td style=\"padding: 8px; border: 1px solid black;\">M\u00e9thode de refroidissement<\/td>\n<td style=\"padding: 8px; border: 1px solid black;\">Refroidissement liquide<\/td>\n<td style=\"padding: 8px; border: 1px solid black;\"><\/td>\n<\/tr>\n<tr>\n<td style=\"padding: 8px; border: 1px solid black;\">Syst\u00e8me d\u2019extinction d\u2019incendie<\/td>\n<td style=\"padding: 8px; border: 1px solid black;\">A\u00e9rosol<\/td>\n<td style=\"padding: 8px; border: 1px solid black;\">Perfluorohexane \/ Heptafluoropropane (en option)<\/td>\n<\/tr>\n<tr>\n<td style=\"padding: 8px; border: 1px solid black;\">Plage de temp\u00e9rature de fonctionnement [\u2103]<\/td>\n<td style=\"padding: 8px; border: 1px solid black;\">-20 ~ +50<\/td>\n<td style=\"padding: 8px; border: 1px solid black;\"><\/td>\n<\/tr>\n<tr>\n<td style=\"padding: 8px; border: 1px solid black;\">Temp\u00e9rature de stockage [\u2103]<\/td>\n<td style=\"padding: 8px; border: 1px solid black;\">-20 ~ +45<\/td>\n<td style=\"padding: 8px; border: 1px solid black;\"><\/td>\n<\/tr>\n<tr>\n<td style=\"padding: 8px; border: 1px solid black;\">Plage d\u2019humidit\u00e9 de fonctionnement [HR]<\/td>\n<td style=\"padding: 8px; border: 1px solid black;\">0 ~ 95%<\/td>\n<td style=\"padding: 8px; border: 1px solid black;\">Sans condensation<\/td>\n<\/tr>\n<tr>\n<td style=\"padding: 8px; border: 1px solid black;\">Dur\u00e9e de vie en cycles<\/td>\n<td style=\"padding: 8px; border: 1px solid black;\">8000 Cycles @ DOD 80%<\/td>\n<td style=\"padding: 8px; border: 1px solid black;\"><\/td>\n<\/tr>\n<tr>\n<td style=\"padding: 8px; border: 1px solid black;\">Interface de communication du syst\u00e8me<\/td>\n<td style=\"padding: 8px; border: 1px solid black;\">Ethernet\/RS485<\/td>\n<td style=\"padding: 8px; border: 1px solid black;\"><\/td>\n<\/tr>\n<tr>\n<td style=\"padding: 8px; border: 1px solid black;\">Protocole de communication du syst\u00e8me externe<\/td>\n<td style=\"padding: 8px; border: 1px solid black;\">ModbusTCP\/IEC61850\/IEC104\/Modbus RTU<\/td>\n<td style=\"padding: 8px; border: 1px solid black;\"><\/td>\n<\/tr>\n<\/tbody>\n<\/table>\n<p>&nbsp;<\/p>\n<p><strong>Param\u00e8tres du syst\u00e8me :<\/strong><\/p>\n<table style=\"width: 100%; border-collapse: collapse; font-family: Arial, sans-serif; font-size: 14px; text-align: center;\">\n<thead>\n<tr style=\"color: white;\">\n<th style=\"padding: 8px; border: 1px solid black; background-color: #a51d1d;\">Nom<\/th>\n<th style=\"padding: 8px; border: 1px solid black; background-color: #a51d1d;\">Param\u00e8tre<\/th>\n<th style=\"padding: 8px; border: 1px solid black; background-color: #a51d1d;\">Remarques<\/th>\n<\/tr>\n<\/thead>\n<tbody>\n<tr>\n<td style=\"padding: 8px; border: 1px solid black;\">Capacit\u00e9 nominale de la batterie [kWh]<\/td>\n<td style=\"padding: 8px; border: 1px solid black;\">1045<\/td>\n<td style=\"padding: 8px; border: 1px solid black;\"><\/td>\n<\/tr>\n<tr>\n<td style=\"padding: 8px; border: 1px solid black;\">Puissance nominale du PCS [kW]<\/td>\n<td style=\"padding: 8px; border: 1px solid black;\">500<\/td>\n<td style=\"padding: 8px; border: 1px solid black;\"><\/td>\n<\/tr>\n<tr>\n<td style=\"padding: 8px; border: 1px solid black;\">Puissance d\u2019entr\u00e9e photovolta\u00efque [kW]<\/td>\n<td style=\"padding: 8px; border: 1px solid black;\">600<\/td>\n<td style=\"padding: 8px; border: 1px solid black;\"><\/td>\n<\/tr>\n<tr>\n<td style=\"padding: 8px; border: 1px solid black;\">Capacit\u00e9 de charge<\/td>\n<td style=\"padding: 8px; border: 1px solid black;\">1. Charge r\u00e9sistive 500 kW, 2. Charge inductive 300 kW<\/td>\n<td style=\"padding: 8px; border: 1px solid black;\">Le moteur repr\u00e9sente la charge inductive la plus contraignante<\/td>\n<\/tr>\n<tr>\n<td style=\"padding: 8px; border: 1px solid black;\">Tension de sortie hors r\u00e9seau<\/td>\n<td style=\"padding: 8px; border: 1px solid black;\">400<\/td>\n<td style=\"padding: 8px; border: 1px solid black;\">Triphas\u00e9 quatre fils<\/td>\n<\/tr>\n<tr>\n<td style=\"padding: 8px; border: 1px solid black;\">Fr\u00e9quence de sortie hors r\u00e9seau [Hz]<\/td>\n<td style=\"padding: 8px; border: 1px solid black;\">50\/60, \u00b12<\/td>\n<td style=\"padding: 8px; border: 1px solid black;\"><\/td>\n<\/tr>\n<tr>\n<td style=\"padding: 8px; border: 1px solid black;\">Temps de commutation r\u00e9seau \/ hors r\u00e9seau [ms]<\/td>\n<td style=\"padding: 8px; border: 1px solid black;\">20<\/td>\n<td style=\"padding: 8px; border: 1px solid black;\"><\/td>\n<\/tr>\n<tr>\n<td style=\"padding: 8px; border: 1px solid black;\">Tension c\u00f4t\u00e9 r\u00e9seau<\/td>\n<td style=\"padding: 8px; border: 1px solid black;\">320~460<\/td>\n<td style=\"padding: 8px; border: 1px solid black;\"><\/td>\n<\/tr>\n<tr>\n<td style=\"padding: 8px; border: 1px solid black;\">Fr\u00e9quence de connexion au r\u00e9seau [Hz]<\/td>\n<td style=\"padding: 8px; border: 1px solid black;\">50\/60 r\u00e9glable<\/td>\n<td style=\"padding: 8px; border: 1px solid black;\"><\/td>\n<\/tr>\n<tr>\n<td style=\"padding: 8px; border: 1px solid black;\">Extinction et protection<\/td>\n<td style=\"padding: 8px; border: 1px solid black;\">A\u00e9rosol<\/td>\n<td style=\"padding: 8px; border: 1px solid black;\">Perfluorohexane\/Heptafluoropropane<\/td>\n<\/tr>\n<tr>\n<td style=\"padding: 8px; border: 1px solid black;\">Temp\u00e9rature ambiante de fonctionnement [\u2103]<\/td>\n<td style=\"padding: 8px; border: 1px solid black;\">-20-45<\/td>\n<td style=\"padding: 8px; border: 1px solid black;\"><\/td>\n<\/tr>\n<tr>\n<td style=\"padding: 8px; border: 1px solid black;\">Humidit\u00e9 de l\u2019environnement de travail [HR]<\/td>\n<td style=\"padding: 8px; border: 1px solid black;\">\u226495%<\/td>\n<td style=\"padding: 8px; border: 1px solid black;\">-20\u2103-45\u2103<\/td>\n<\/tr>\n<tr>\n<td style=\"padding: 8px; border: 1px solid black;\">Altitude [m]<\/td>\n<td style=\"padding: 8px; border: 1px solid black;\">&lt; 2000<\/td>\n<td style=\"padding: 8px; border: 1px solid black;\"><\/td>\n<\/tr>\n<tr>\n<td style=\"padding: 8px; border: 1px solid black;\">Niveau sonore [dB]<\/td>\n<td style=\"padding: 8px; border: 1px solid black;\">&lt; 75(A)<\/td>\n<td style=\"padding: 8px; border: 1px solid black;\"><\/td>\n<\/tr>\n<tr>\n<td style=\"padding: 8px; border: 1px solid black;\">Niveau de protection contre la foudre<\/td>\n<td style=\"padding: 8px; border: 1px solid black;\">Niveau II<\/td>\n<td style=\"padding: 8px; border: 1px solid black;\"><\/td>\n<\/tr>\n<tr>\n<td style=\"padding: 8px; border: 1px solid black;\">Indice de protection (IP)<\/td>\n<td style=\"padding: 8px; border: 1px solid black;\">IP54<\/td>\n<td style=\"padding: 8px; border: 1px solid black;\"><\/td>\n<\/tr>\n<tr>\n<td style=\"padding: 8px; border: 1px solid black;\">Classe de r\u00e9sistance \u00e0 la corrosion<\/td>\n<td style=\"padding: 8px; border: 1px solid black;\">C3<\/td>\n<td style=\"padding: 8px; border: 1px solid black;\"><\/td>\n<\/tr>\n<tr>\n<td style=\"padding: 8px; border: 1px solid black;\">Dimensions (L*P*H) [mm]<\/td>\n<td style=\"padding: 8px; border: 1px solid black;\">6058*2438*2896<\/td>\n<td style=\"padding: 8px; border: 1px solid black;\">C4 et C5 en option<\/td>\n<\/tr>\n<tr>\n<td style=\"padding: 8px; border: 1px solid black;\">Poids [kg]<\/td>\n<td style=\"padding: 8px; border: 1px solid black;\">Environ 15 000<\/td>\n<td style=\"padding: 8px; border: 1px solid black;\">Conteneur 20 ft<\/td>\n<\/tr>\n<tr>\n<td style=\"padding: 8px; border: 1px solid black;\">Certification du syst\u00e8me de batterie<\/td>\n<td style=\"padding: 8px; border: 1px solid black;\">IEC 62619, IEC 60730, CE-EMC<\/td>\n<td style=\"padding: 8px; border: 1px solid black;\"><\/td>\n<\/tr>\n<tr>\n<td style=\"padding: 8px; border: 1px solid black;\">Homologation PCS<\/td>\n<td style=\"padding: 8px; border: 1px solid black;\">EN62477-1, EN61000-6-2, EN61000-6-4, etc.<\/td>\n<td style=\"padding: 8px; border: 1px solid black;\"><\/td>\n<\/tr>\n<tr>\n<td style=\"padding: 8px; border: 1px solid black;\">Certification maritime<\/td>\n<td style=\"padding: 8px; border: 1px solid black;\">Certification soci\u00e9t\u00e9 de classification, UN38.3, UN3536<\/td>\n<td style=\"padding: 8px; border: 1px solid black;\"><\/td>\n<\/tr>\n<\/tbody>\n<\/table>\n<p>&nbsp;<\/p>\n<p><strong>Syst\u00e8me hybride photovolta\u00efque-stockage<\/strong><\/p>\n<table style=\"width: 100%; border-collapse: collapse; font-family: Arial, sans-serif; font-size: 14px; text-align: center;\">\n<thead>\n<tr style=\"color: white;\">\n<th style=\"padding: 8px; border: 1px solid black; background-color: #a51d1d;\" colspan=\"2\">Param\u00e8tres CA (en r\u00e9seau)<\/th>\n<th style=\"padding: 8px; border: 1px solid black; background-color: #a51d1d;\">Remarques<\/th>\n<\/tr>\n<\/thead>\n<tbody>\n<tr>\n<td style=\"padding: 8px; border: 1px solid black;\">Puissance de sortie maximale (kVA)<\/td>\n<td style=\"padding: 8px; border: 1px solid black;\">550<\/td>\n<td style=\"padding: 8px; border: 1px solid black;\"><\/td>\n<\/tr>\n<tr>\n<td style=\"padding: 8px; border: 1px solid black;\">Puissance de sortie nominale (kW)<\/td>\n<td style=\"padding: 8px; border: 1px solid black;\">500<\/td>\n<td style=\"padding: 8px; border: 1px solid black;\"><\/td>\n<\/tr>\n<tr>\n<td style=\"padding: 8px; border: 1px solid black;\">Tension nominale du r\u00e9seau (V)<\/td>\n<td style=\"padding: 8px; border: 1px solid black;\">400<\/td>\n<td style=\"padding: 8px; border: 1px solid black;\"><\/td>\n<\/tr>\n<tr>\n<td style=\"padding: 8px; border: 1px solid black;\">Plage de tension du r\u00e9seau (V)<\/td>\n<td style=\"padding: 8px; border: 1px solid black;\">320~460<\/td>\n<td style=\"padding: 8px; border: 1px solid black;\"><\/td>\n<\/tr>\n<tr>\n<td style=\"padding: 8px; border: 1px solid black;\">Courant de sortie nominal (A)<\/td>\n<td style=\"padding: 8px; border: 1px solid black;\">722<\/td>\n<td style=\"padding: 8px; border: 1px solid black;\"><\/td>\n<\/tr>\n<tr>\n<td style=\"padding: 8px; border: 1px solid black;\">Fr\u00e9quence nominale du r\u00e9seau (Hz)<\/td>\n<td style=\"padding: 8px; border: 1px solid black;\">50\/60<\/td>\n<td style=\"padding: 8px; border: 1px solid black;\"><\/td>\n<\/tr>\n<tr>\n<td style=\"padding: 8px; border: 1px solid black;\">THDi<\/td>\n<td style=\"padding: 8px; border: 1px solid black;\">&lt;3%<\/td>\n<td style=\"padding: 8px; border: 1px solid black;\"><\/td>\n<\/tr>\n<tr>\n<td style=\"padding: 8px; border: 1px solid black;\">Facteur de puissance<\/td>\n<td style=\"padding: 8px; border: 1px solid black;\">1 en avance ~ 1 en retard (r\u00e9glable)<\/td>\n<td style=\"padding: 8px; border: 1px solid black;\"><\/td>\n<\/tr>\n<tr>\n<td style=\"padding: 8px; border: 1px solid black;\">Syst\u00e8me de courant alternatif<\/td>\n<td style=\"padding: 8px; border: 1px solid black;\">3W+N+PE<\/td>\n<td style=\"padding: 8px; border: 1px solid black;\"><\/td>\n<\/tr>\n<tr>\n<td style=\"padding: 8px; border: 1px solid black;\">Rapport du transformateur d\u2019isolement<\/td>\n<td style=\"padding: 8px; border: 1px solid black;\">315\/400<\/td>\n<td style=\"padding: 8px; border: 1px solid black;\"><\/td>\n<\/tr>\n<\/tbody>\n<\/table>\n<table style=\"width: 100%; border-collapse: collapse; font-family: Arial, sans-serif; font-size: 14px; text-align: center; margin-top: 20px;\">\n<thead>\n<tr style=\"color: white;\">\n<th style=\"padding: 8px; border: 1px solid black; background-color: #a51d1d;\" colspan=\"2\">Param\u00e8tres CA (hors r\u00e9seau)<\/th>\n<th style=\"padding: 8px; border: 1px solid black; background-color: #a51d1d;\">Remarques<\/th>\n<\/tr>\n<\/thead>\n<tbody>\n<tr>\n<td style=\"padding: 8px; border: 1px solid black;\">Puissance de sortie maximale (kVA)<\/td>\n<td style=\"padding: 8px; border: 1px solid black;\">550<\/td>\n<td style=\"padding: 8px; border: 1px solid black;\"><\/td>\n<\/tr>\n<tr>\n<td style=\"padding: 8px; border: 1px solid black;\">Puissance de sortie nominale (kW)<\/td>\n<td style=\"padding: 8px; border: 1px solid black;\">500<\/td>\n<td style=\"padding: 8px; border: 1px solid black;\"><\/td>\n<\/tr>\n<tr>\n<td style=\"padding: 8px; border: 1px solid black;\">Tension de sortie nominale (V)<\/td>\n<td style=\"padding: 8px; border: 1px solid black;\">400<\/td>\n<td style=\"padding: 8px; border: 1px solid black;\"><\/td>\n<\/tr>\n<tr>\n<td style=\"padding: 8px; border: 1px solid black;\">Courant de sortie nominal (A)<\/td>\n<td style=\"padding: 8px; border: 1px solid black;\">722<\/td>\n<td style=\"padding: 8px; border: 1px solid black;\"><\/td>\n<\/tr>\n<tr>\n<td style=\"padding: 8px; border: 1px solid black;\">THDu<\/td>\n<td style=\"padding: 8px; border: 1px solid black;\">Lin\u00e9aire \u2264 1% ; ou non lin\u00e9aire \u2264 5%<\/td>\n<td style=\"padding: 8px; border: 1px solid black;\"><\/td>\n<\/tr>\n<tr>\n<td style=\"padding: 8px; border: 1px solid black;\">Fr\u00e9quence nominale du r\u00e9seau (Hz)<\/td>\n<td style=\"padding: 8px; border: 1px solid black;\">50\/60<\/td>\n<td style=\"padding: 8px; border: 1px solid black;\"><\/td>\n<\/tr>\n<tr>\n<td style=\"padding: 8px; border: 1px solid black;\">Capacit\u00e9 de surcharge<\/td>\n<td style=\"padding: 8px; border: 1px solid black;\">110 % en continu, 120 % pendant une minute<\/td>\n<td style=\"padding: 8px; border: 1px solid black;\"><\/td>\n<\/tr>\n<\/tbody>\n<\/table>\n<table style=\"width: 100%; border-collapse: collapse; font-family: Arial, sans-serif; font-size: 14px; text-align: center; margin-top: 20px;\">\n<thead>\n<tr style=\"color: white;\">\n<th style=\"padding: 8px; border: 1px solid black; background-color: #a51d1d;\" colspan=\"2\">DCDC<\/th>\n<th style=\"padding: 8px; border: 1px solid black; background-color: #a51d1d;\">Remarques<\/th>\n<\/tr>\n<\/thead>\n<tbody>\n<tr>\n<td style=\"padding: 8px; border: 1px solid black;\">Tension PV d\u2019entr\u00e9e maximale (V)<\/td>\n<td style=\"padding: 8px; border: 1px solid black;\">1000<\/td>\n<td style=\"padding: 8px; border: 1px solid black;\"><\/td>\n<\/tr>\n<tr>\n<td style=\"padding: 8px; border: 1px solid black;\">Puissance PV maximale (kW)<\/td>\n<td style=\"padding: 8px; border: 1px solid black;\">600<\/td>\n<td style=\"padding: 8px; border: 1px solid black;\"><\/td>\n<\/tr>\n<tr>\n<td style=\"padding: 8px; border: 1px solid black;\">Nombre de modules MPPT<\/td>\n<td style=\"padding: 8px; border: 1px solid black;\">5\/6<\/td>\n<td style=\"padding: 8px; border: 1px solid black;\"><\/td>\n<\/tr>\n<tr>\n<td style=\"padding: 8px; border: 1px solid black;\">Plage de tension MPPT (V)<\/td>\n<td style=\"padding: 8px; border: 1px solid black;\">250-850<\/td>\n<td style=\"padding: 8px; border: 1px solid black;\"><\/td>\n<\/tr>\n<tr>\n<td style=\"padding: 8px; border: 1px solid black;\">Plage de tension MPPT \u00e0 pleine charge (V)<\/td>\n<td style=\"padding: 8px; border: 1px solid black;\">450-850<\/td>\n<td style=\"padding: 8px; border: 1px solid black;\"><\/td>\n<\/tr>\n<\/tbody>\n<\/table>\n<table style=\"width: 100%; border-collapse: collapse; font-family: Arial, sans-serif; font-size: 14px; text-align: center; margin-top: 20px;\">\n<thead>\n<tr style=\"color: white;\">\n<th style=\"padding: 8px; border: 1px solid black; background-color: #a51d1d;\" colspan=\"2\">Entr\u00e9e batterie<\/th>\n<th style=\"padding: 8px; border: 1px solid black; background-color: #a51d1d;\">Remarques<\/th>\n<\/tr>\n<\/thead>\n<tbody>\n<tr>\n<td style=\"padding: 8px; border: 1px solid black;\">Plage de tension batterie (V)<\/td>\n<td style=\"padding: 8px; border: 1px solid black;\">500~950<\/td>\n<td style=\"padding: 8px; border: 1px solid black;\"><\/td>\n<\/tr>\n<tr>\n<td style=\"padding: 8px; border: 1px solid black;\">Puissance de charge maximale (kW)<\/td>\n<td style=\"padding: 8px; border: 1px solid black;\">550<\/td>\n<td style=\"padding: 8px; border: 1px solid black;\"><\/td>\n<\/tr>\n<\/tbody>\n<\/table>\n<table style=\"width: 100%; border-collapse: collapse; font-family: Arial, sans-serif; font-size: 14px; text-align: center; margin-top: 20px;\">\n<thead>\n<tr style=\"color: white;\">\n<th style=\"padding: 8px; border: 1px solid black; background-color: #a51d1d;\" colspan=\"2\">Param\u00e8tres standards<\/th>\n<th style=\"padding: 8px; border: 1px solid black; background-color: #a51d1d;\">Remarques<\/th>\n<\/tr>\n<\/thead>\n<tbody>\n<tr>\n<td style=\"padding: 8px; border: 1px solid black;\">Dimensions L*P*H (mm)<\/td>\n<td style=\"padding: 8px; border: 1px solid black;\">(600*720*2,050)*2+1600*1050*2050<\/td>\n<td style=\"padding: 8px; border: 1px solid black;\"><\/td>\n<\/tr>\n<tr>\n<td style=\"padding: 8px; border: 1px solid black;\">Temp\u00e9rature de l\u2019environnement de travail (\u2103)<\/td>\n<td style=\"padding: 8px; border: 1px solid black;\">-30 ~ 55<\/td>\n<td style=\"padding: 8px; border: 1px solid black;\"><\/td>\n<\/tr>\n<tr>\n<td style=\"padding: 8px; border: 1px solid black;\">Humidit\u00e9 relative<\/td>\n<td style=\"padding: 8px; border: 1px solid black;\">0 ~95% sans condensation<\/td>\n<td style=\"padding: 8px; border: 1px solid black;\"><\/td>\n<\/tr>\n<tr>\n<td style=\"padding: 8px; border: 1px solid black;\">Niveau sonore (dB)<\/td>\n<td style=\"padding: 8px; border: 1px solid black;\">&lt;70<\/td>\n<td style=\"padding: 8px; border: 1px solid black;\"><\/td>\n<\/tr>\n<tr>\n<td style=\"padding: 8px; border: 1px solid black;\">Altitude maximale de fonctionnement<\/td>\n<td style=\"padding: 8px; border: 1px solid black;\">&lt;3000 m<\/td>\n<td style=\"padding: 8px; border: 1px solid black;\"><\/td>\n<\/tr>\n<tr>\n<td style=\"padding: 8px; border: 1px solid black;\">M\u00e9thode de refroidissement<\/td>\n<td style=\"padding: 8px; border: 1px solid black;\">Refroidissement par air forc\u00e9<\/td>\n<td style=\"padding: 8px; border: 1px solid black;\"><\/td>\n<\/tr>\n<tr>\n<td style=\"padding: 8px; border: 1px solid black;\">\u00c9cran d\u2019affichage<\/td>\n<td style=\"padding: 8px; border: 1px solid black;\">\u00c9cran tactile \u00e0 cristaux liquides<\/td>\n<td style=\"padding: 8px; border: 1px solid black;\"><\/td>\n<\/tr>\n<tr>\n<td style=\"padding: 8px; border: 1px solid black;\">Communication<\/td>\n<td style=\"padding: 8px; border: 1px solid black;\">RS485,TCP\/IP<\/td>\n<td style=\"padding: 8px; border: 1px solid black;\"><\/td>\n<\/tr>\n<tr>\n<td style=\"padding: 8px; border: 1px solid black;\">Garantie<\/td>\n<td style=\"padding: 8px; border: 1px solid black;\">10 ans<\/td>\n<td style=\"padding: 8px; border: 1px solid black;\"><\/td>\n<\/tr>\n<\/tbody>\n<\/table>\n<p>&nbsp;<\/p>\n<p><strong>Caract\u00e9ristiques principales :<\/strong><\/p>\n<div class=\"my-[1px]\">\n<ul>\n<li class=\"py-[3px] whitespace-pre-wrap u-break-words\">Int\u00e9gration du photovolta\u00efque et du stockage d\u2019\u00e9nergie, permettant aux clients d\u2019utiliser efficacement les \u00e9nergies renouvelables.<\/li>\n<li class=\"py-[3px] whitespace-pre-wrap u-break-words\">Conception \u00e0 trois niveaux avec gestion de la qualit\u00e9 de l\u2019\u00e9nergie et capacit\u00e9 de support des creux\/surtensions, adapt\u00e9e aux entreprises industrielles et mini\u00e8res avec une mauvaise qualit\u00e9 de r\u00e9seau.<\/li>\n<li class=\"py-[3px] whitespace-pre-wrap u-break-words\">Multiples modes de fonctionnement et fonctions de contr\u00f4le, prenant en charge le dispatching de niveau sup\u00e9rieur pour des applications clients flexibles.<\/li>\n<li class=\"py-[3px] whitespace-pre-wrap u-break-words\">Commutation STS int\u00e9gr\u00e9e, sans interruption, entre r\u00e9seau et hors r\u00e9seau, avec fonction VSG, d\u00e9marrage progressif et forte capacit\u00e9 de support de charge.<\/li>\n<li class=\"py-[3px] whitespace-pre-wrap u-break-words\">Conception avec transformateur isol\u00e9, garantissant une alimentation \u00e9lectrique s\u00fbre et fiable pour les utilisateurs.<\/li>\n<\/ul>\n<\/div>\n<div class=\"h-[13px] my-[1px] flex items-center\"><\/div>\n","protected":false},"excerpt":{"rendered":"<p>Aper\u00e7u : Le MOTOMA BESS-500kW\/1045kWh int\u00e8gre un syst\u00e8me de batteries&hellip;<\/p>\n","protected":false},"featured_media":53961,"template":"","meta":{"content-type":"","om_disable_all_campaigns":false,"_monsterinsights_skip_tracking":false,"_monsterinsights_sitenote_active":false,"_monsterinsights_sitenote_note":"","_monsterinsights_sitenote_category":0},"product_brand":[],"product_cat":[253,72],"product_tag":[],"class_list":{"0":"post-54283","1":"product","2":"type-product","3":"status-publish","4":"has-post-thumbnail","6":"product_cat-utilities-ess","7":"product_cat-lithium-battery","9":"first","10":"instock","11":"shipping-taxable","12":"product-type-simple"},"_links":{"self":[{"href":"https:\/\/motoma.cn\/fr\/wp-json\/wp\/v2\/product\/54283","targetHints":{"allow":["GET"]}}],"collection":[{"href":"https:\/\/motoma.cn\/fr\/wp-json\/wp\/v2\/product"}],"about":[{"href":"https:\/\/motoma.cn\/fr\/wp-json\/wp\/v2\/types\/product"}],"version-history":[{"count":3,"href":"https:\/\/motoma.cn\/fr\/wp-json\/wp\/v2\/product\/54283\/revisions"}],"predecessor-version":[{"id":54288,"href":"https:\/\/motoma.cn\/fr\/wp-json\/wp\/v2\/product\/54283\/revisions\/54288"}],"wp:featuredmedia":[{"embeddable":true,"href":"https:\/\/motoma.cn\/fr\/wp-json\/wp\/v2\/media\/53961"}],"wp:attachment":[{"href":"https:\/\/motoma.cn\/fr\/wp-json\/wp\/v2\/media?parent=54283"}],"wp:term":[{"taxonomy":"product_brand","embeddable":true,"href":"https:\/\/motoma.cn\/fr\/wp-json\/wp\/v2\/product_brand?post=54283"},{"taxonomy":"product_cat","embeddable":true,"href":"https:\/\/motoma.cn\/fr\/wp-json\/wp\/v2\/product_cat?post=54283"},{"taxonomy":"product_tag","embeddable":true,"href":"https:\/\/motoma.cn\/fr\/wp-json\/wp\/v2\/product_tag?post=54283"}],"curies":[{"name":"wp","href":"https:\/\/api.w.org\/{rel}","templated":true}]}}