

{"id":24659,"date":"2023-08-16T18:48:32","date_gmt":"2023-08-16T18:48:32","guid":{"rendered":"https:\/\/motoma.cn\/pt\/?post_type=product&#038;p=24659"},"modified":"2025-02-17T09:57:35","modified_gmt":"2025-02-17T09:57:35","slug":"axpert-vm-ii-1-5-kw","status":"publish","type":"product","link":"https:\/\/motoma.cn\/pt\/product\/axpert-vm-ii-1-5-kw\/","title":{"rendered":"Axpert VM II 1.5 KW"},"content":{"rendered":"<p><strong>Vis\u00e3o Geral:<\/strong><\/p>\n<p>Este \u00e9 um inversor\/carregador multifuncional, que combina fun\u00e7\u00f5es de inversor, carregador solar e carregador de bateria para oferecer suporte de energia ininterrupta em tamanho port\u00e1til. Seu visor LCD abrangente oferece opera\u00e7\u00e3o de bot\u00e3o configur\u00e1vel pelo usu\u00e1rio e de f\u00e1cil acesso, como corrente de carga da bateria, prioridade do carregador AC\/solar e tens\u00e3o de entrada aceit\u00e1vel com base em diferentes aplica\u00e7\u00f5es.<\/p>\n<p>&nbsp;<\/p>\n<p><strong>Principais Caracter\u00edsticas:<\/strong><\/p>\n<ul>\n<li>Inversor solar de onda senoidal pura<\/li>\n<li>Fator de pot\u00eancia de sa\u00edda 1<\/li>\n<li>Ampla faixa de entrada de alta tens\u00e3o PV<\/li>\n<li>Design independente da bateria<\/li>\n<li>Carregador solar MPPT embutido de 80A<\/li>\n<li>Fun\u00e7\u00e3o de equaliza\u00e7\u00e3o de bateria para otimizar o desempenho da bateria e prolongar o ciclo de vida<\/li>\n<li>Garantia de 2 anos<\/li>\n<\/ul>\n","protected":false},"excerpt":{"rendered":"<p>Vis\u00e3o Geral: Este \u00e9 um inversor\/carregador multifuncional, que combina fun\u00e7\u00f5es&hellip;<\/p>\n","protected":false},"featured_media":31102,"template":"","meta":{"content-type":"","om_disable_all_campaigns":false,"_monsterinsights_skip_tracking":false,"_monsterinsights_sitenote_active":false,"_monsterinsights_sitenote_note":"","_monsterinsights_sitenote_category":0},"product_brand":[],"product_cat":[182,230],"product_tag":[],"class_list":{"0":"post-24659","1":"product","2":"type-product","3":"status-publish","4":"has-post-thumbnail","6":"product_cat-solar-inverter","7":"product_cat-low-voltage-inverter","9":"first","10":"instock","11":"shipping-taxable","12":"product-type-simple"},"_links":{"self":[{"href":"https:\/\/motoma.cn\/pt\/wp-json\/wp\/v2\/product\/24659","targetHints":{"allow":["GET"]}}],"collection":[{"href":"https:\/\/motoma.cn\/pt\/wp-json\/wp\/v2\/product"}],"about":[{"href":"https:\/\/motoma.cn\/pt\/wp-json\/wp\/v2\/types\/product"}],"version-history":[{"count":14,"href":"https:\/\/motoma.cn\/pt\/wp-json\/wp\/v2\/product\/24659\/revisions"}],"predecessor-version":[{"id":31363,"href":"https:\/\/motoma.cn\/pt\/wp-json\/wp\/v2\/product\/24659\/revisions\/31363"}],"wp:featuredmedia":[{"embeddable":true,"href":"https:\/\/motoma.cn\/pt\/wp-json\/wp\/v2\/media\/31102"}],"wp:attachment":[{"href":"https:\/\/motoma.cn\/pt\/wp-json\/wp\/v2\/media?parent=24659"}],"wp:term":[{"taxonomy":"product_brand","embeddable":true,"href":"https:\/\/motoma.cn\/pt\/wp-json\/wp\/v2\/product_brand?post=24659"},{"taxonomy":"product_cat","embeddable":true,"href":"https:\/\/motoma.cn\/pt\/wp-json\/wp\/v2\/product_cat?post=24659"},{"taxonomy":"product_tag","embeddable":true,"href":"https:\/\/motoma.cn\/pt\/wp-json\/wp\/v2\/product_tag?post=24659"}],"curies":[{"name":"wp","href":"https:\/\/api.w.org\/{rel}","templated":true}]}}