

{"id":24685,"date":"2023-08-17T19:27:53","date_gmt":"2023-08-17T19:27:53","guid":{"rendered":"https:\/\/motoma.cn\/pt\/?post_type=product&#038;p=24685"},"modified":"2025-02-20T15:19:54","modified_gmt":"2025-02-20T15:19:54","slug":"axpert-vm-iv-twin-4-kw","status":"publish","type":"product","link":"https:\/\/motoma.cn\/pt\/product\/axpert-vm-iv-twin-4-kw\/","title":{"rendered":"Axpert VM IV TWIN 4 KW"},"content":{"rendered":"<p><strong>Vis\u00e3o Geral:<\/strong><\/p>\n<p>A Axpert VM IV TWIN possui duas sa\u00eddas. A segunda sa\u00edda pode ser programada para ligar\/desligar, definindo a voltagem de corte, SOC (Estado de Carga) e tempo de descarga por meio das configura\u00e7\u00f5es do LCD. Isso facilita o controle inteligente de carga para os usu\u00e1rios. Projetado com corrente de entrada PV de 27A, o Axpert VM IV TWIN \u00e9 compat\u00edvel com a tend\u00eancia de aumento de Imp em pain\u00e9is solares. Ele tamb\u00e9m permite uma ampla faixa de voltagem de entrada PV de 60VDC a 450VDC. Esses recursos permitem a utiliza\u00e7\u00e3o de menos pain\u00e9is solares no sistema, economizando espa\u00e7o.<\/p>\n<p>&nbsp;<\/p>\n<p><strong>Principais Caracter\u00edsticas:<\/strong><\/p>\n<ul>\n<li data-start=\"35\" data-end=\"92\">Sa\u00eddas duplas para gerenciamento inteligente de carga<\/li>\n<li data-start=\"93\" data-end=\"131\">Corrente m\u00e1xima de entrada PV: 27A<\/li>\n<li data-start=\"132\" data-end=\"187\">Ampla faixa de tens\u00e3o de entrada PV: 60VDC ~ 450VDC<\/li>\n<li data-start=\"188\" data-end=\"242\">Anel de LED de status personaliz\u00e1vel com luzes RGB<\/li>\n<li data-start=\"243\" data-end=\"300\">Bot\u00e3o sens\u00edvel ao toque com tela LCD colorida de 4,3&#8243;<\/li>\n<li data-start=\"301\" data-end=\"361\">WiFi integrado para monitoramento m\u00f3vel (App dispon\u00edvel)<\/li>\n<li data-start=\"362\" data-end=\"394\">Suporta fun\u00e7\u00e3o USB On-the-Go<\/li>\n<li data-start=\"395\" data-end=\"466\">Porta de comunica\u00e7\u00e3o reservada (RS-485, CAN-BUS ou RS-232) para BMS<\/li>\n<li data-start=\"467\" data-end=\"501\">Design independente de bateria<\/li>\n<li data-start=\"502\" data-end=\"549\">Equaliza\u00e7\u00e3o da bateria para maior vida \u00fatil<\/li>\n<li data-start=\"550\" data-end=\"589\">Pot\u00eancia de carregamento aprimorada<\/li>\n<li data-start=\"590\" data-end=\"618\">Kit anti-poeira embutido<\/li>\n<li data-start=\"619\" data-end=\"639\" data-is-last-node=\"\">Garantia de 2 anos<\/li>\n<\/ul>\n","protected":false},"excerpt":{"rendered":"<p>Vis\u00e3o Geral: A Axpert VM IV TWIN possui duas sa\u00eddas.&hellip;<\/p>\n","protected":false},"featured_media":31108,"template":"","meta":{"content-type":"","om_disable_all_campaigns":false,"_monsterinsights_skip_tracking":false,"_monsterinsights_sitenote_active":false,"_monsterinsights_sitenote_note":"","_monsterinsights_sitenote_category":0},"product_brand":[],"product_cat":[182,230],"product_tag":[],"class_list":{"0":"post-24685","1":"product","2":"type-product","3":"status-publish","4":"has-post-thumbnail","6":"product_cat-solar-inverter","7":"product_cat-low-voltage-inverter","9":"first","10":"instock","11":"shipping-taxable","12":"product-type-simple"},"_links":{"self":[{"href":"https:\/\/motoma.cn\/pt\/wp-json\/wp\/v2\/product\/24685","targetHints":{"allow":["GET"]}}],"collection":[{"href":"https:\/\/motoma.cn\/pt\/wp-json\/wp\/v2\/product"}],"about":[{"href":"https:\/\/motoma.cn\/pt\/wp-json\/wp\/v2\/types\/product"}],"version-history":[{"count":10,"href":"https:\/\/motoma.cn\/pt\/wp-json\/wp\/v2\/product\/24685\/revisions"}],"predecessor-version":[{"id":31401,"href":"https:\/\/motoma.cn\/pt\/wp-json\/wp\/v2\/product\/24685\/revisions\/31401"}],"wp:featuredmedia":[{"embeddable":true,"href":"https:\/\/motoma.cn\/pt\/wp-json\/wp\/v2\/media\/31108"}],"wp:attachment":[{"href":"https:\/\/motoma.cn\/pt\/wp-json\/wp\/v2\/media?parent=24685"}],"wp:term":[{"taxonomy":"product_brand","embeddable":true,"href":"https:\/\/motoma.cn\/pt\/wp-json\/wp\/v2\/product_brand?post=24685"},{"taxonomy":"product_cat","embeddable":true,"href":"https:\/\/motoma.cn\/pt\/wp-json\/wp\/v2\/product_cat?post=24685"},{"taxonomy":"product_tag","embeddable":true,"href":"https:\/\/motoma.cn\/pt\/wp-json\/wp\/v2\/product_tag?post=24685"}],"curies":[{"name":"wp","href":"https:\/\/api.w.org\/{rel}","templated":true}]}}