

{"id":24690,"date":"2023-08-17T19:37:00","date_gmt":"2023-08-17T19:37:00","guid":{"rendered":"https:\/\/motoma.cn\/pt\/?post_type=product&#038;p=24690"},"modified":"2025-02-17T10:00:43","modified_gmt":"2025-02-17T10:00:43","slug":"axpert-vm-iv-twin-6-kw","status":"publish","type":"product","link":"https:\/\/motoma.cn\/pt\/product\/axpert-vm-iv-twin-6-kw\/","title":{"rendered":"Axpert VM IV TWIN 6 KW"},"content":{"rendered":"<p><strong>Vis\u00e3o Geral:<\/strong><\/p>\n<p>O Axpert VM IV TWIN possui duas sa\u00eddas. A segunda sa\u00edda pode ser programada para ligar\/desligar, definindo a voltagem de corte, SOC (Estado de Carga) e tempo de descarga por meio das configura\u00e7\u00f5es do LCD. Isso facilita o controle inteligente de carga para os usu\u00e1rios. Projetado com corrente de entrada PV de 27A, o Axpert VM IV TWIN \u00e9 compat\u00edvel com a tend\u00eancia de aumento de Imp em pain\u00e9is solares. Ele tamb\u00e9m permite uma ampla faixa de voltagem de entrada PV de 60VDC a 450VDC. Esses recursos permitem a utiliza\u00e7\u00e3o de menos pain\u00e9is solares no sistema, economizando espa\u00e7o.<\/p>\n<p>&nbsp;<\/p>\n<p><strong>Principais Caracter\u00edsticas:<\/strong><\/p>\n<ul>\n<li>Duas sa\u00eddas para gerenciamento inteligente de carga<\/li>\n<li>Corrente m\u00e1xima de entrada PV de 27A<\/li>\n<li>Ampla faixa de voltagem de entrada PV de 60VDC a 450VDC<\/li>\n<li>Anel LED de status personaliz\u00e1vel com luzes RGB<\/li>\n<li>Bot\u00e3o sens\u00edvel ao toque com LCD colorido de 4,3 polegadas<\/li>\n<li>Wi-Fi integrado para monitoramento m\u00f3vel (aplicativo dispon\u00edvel)<\/li>\n<li>Suporta a fun\u00e7\u00e3o USB On-the-Go<\/li>\n<li>Porta de comunica\u00e7\u00e3o reservada (RS-485, CAN-BUS ou RS-232) para BMS<\/li>\n<li>Projeto de independ\u00eancia da bateria<\/li>\n<li>A equaliza\u00e7\u00e3o da bateria prolonga a vida \u00fatil<\/li>\n<li>Pot\u00eancia de carga aprimorada<\/li>\n<li>Kit anti-poeira integrado<\/li>\n<li>Garantia de 2 anos<\/li>\n<\/ul>\n","protected":false},"excerpt":{"rendered":"<p>Vis\u00e3o Geral: O Axpert VM IV TWIN possui duas sa\u00eddas.&hellip;<\/p>\n","protected":false},"featured_media":31108,"template":"","meta":{"content-type":"","om_disable_all_campaigns":false,"_monsterinsights_skip_tracking":false,"_monsterinsights_sitenote_active":false,"_monsterinsights_sitenote_note":"","_monsterinsights_sitenote_category":0},"product_brand":[],"product_cat":[182,230],"product_tag":[],"class_list":{"0":"post-24690","1":"product","2":"type-product","3":"status-publish","4":"has-post-thumbnail","6":"product_cat-solar-inverter","7":"product_cat-low-voltage-inverter","9":"first","10":"instock","11":"shipping-taxable","12":"product-type-simple"},"_links":{"self":[{"href":"https:\/\/motoma.cn\/pt\/wp-json\/wp\/v2\/product\/24690","targetHints":{"allow":["GET"]}}],"collection":[{"href":"https:\/\/motoma.cn\/pt\/wp-json\/wp\/v2\/product"}],"about":[{"href":"https:\/\/motoma.cn\/pt\/wp-json\/wp\/v2\/types\/product"}],"version-history":[{"count":9,"href":"https:\/\/motoma.cn\/pt\/wp-json\/wp\/v2\/product\/24690\/revisions"}],"predecessor-version":[{"id":31371,"href":"https:\/\/motoma.cn\/pt\/wp-json\/wp\/v2\/product\/24690\/revisions\/31371"}],"wp:featuredmedia":[{"embeddable":true,"href":"https:\/\/motoma.cn\/pt\/wp-json\/wp\/v2\/media\/31108"}],"wp:attachment":[{"href":"https:\/\/motoma.cn\/pt\/wp-json\/wp\/v2\/media?parent=24690"}],"wp:term":[{"taxonomy":"product_brand","embeddable":true,"href":"https:\/\/motoma.cn\/pt\/wp-json\/wp\/v2\/product_brand?post=24690"},{"taxonomy":"product_cat","embeddable":true,"href":"https:\/\/motoma.cn\/pt\/wp-json\/wp\/v2\/product_cat?post=24690"},{"taxonomy":"product_tag","embeddable":true,"href":"https:\/\/motoma.cn\/pt\/wp-json\/wp\/v2\/product_tag?post=24690"}],"curies":[{"name":"wp","href":"https:\/\/api.w.org\/{rel}","templated":true}]}}