

{"id":24692,"date":"2023-08-17T19:47:08","date_gmt":"2023-08-17T19:47:08","guid":{"rendered":"https:\/\/motoma.cn\/pt\/?post_type=product&#038;p=24692"},"modified":"2025-02-17T10:02:08","modified_gmt":"2025-02-17T10:02:08","slug":"axpert-king-ii-twin-6-kw","status":"publish","type":"product","link":"https:\/\/motoma.cn\/pt\/product\/axpert-king-ii-twin-6-kw\/","title":{"rendered":"Axpert King II TWIN 6 KW"},"content":{"rendered":"<p><strong>Vis\u00e3o Geral:<\/strong><\/p>\n<p>O Axpert King II TWIN \u00e9 projetado com tempo de transfer\u00eancia zero, perfeito para dispositivos cr\u00edticos como servidores e caixas autom\u00e1ticos (ATMs). Ele \u00e9 equipado com um poderoso carregador solar de 120A e um carregador CA de 120A. O m\u00f3dulo de controle LCD destac\u00e1vel permite que os usu\u00e1rios monitorem este inversor remotamente. Ele tamb\u00e9m pode expandir a capacidade de energia para 54KW\/55.8KW com 9 unidades em opera\u00e7\u00e3o paralela. O Axpert King II TWIN possui duas sa\u00eddas. A segunda sa\u00edda pode ser programada para ligar\/desligar, definindo a voltagem de corte, SOC (Estado de Carga) e tempo de descarga por meio das configura\u00e7\u00f5es do LCD.<\/p>\n<p>&nbsp;<\/p>\n<p><strong>Principais Caracter\u00edsticas:<\/strong><\/p>\n<ul>\n<li>Duas sa\u00eddas para gerenciamento inteligente de carga<\/li>\n<li>Corrente m\u00e1xima de entrada PV aumentada para 27A<\/li>\n<li>Tempo de transfer\u00eancia zero (0ms) para proteger cargas cr\u00edticas como servidores e ATMs<\/li>\n<li>Ampla faixa de voltagem de entrada PV<\/li>\n<li>M\u00f3dulo de controle LCD destac\u00e1vel com v\u00e1rias op\u00e7\u00f5es de comunica\u00e7\u00e3o<\/li>\n<li>Corrente de carregamento selecion\u00e1vel de alta pot\u00eancia<\/li>\n<li>Wi-Fi integrado para monitoramento m\u00f3vel (aplicativo dispon\u00edvel)<\/li>\n<li>Prioridade de entrada AC\/Solar configur\u00e1vel via configura\u00e7\u00e3o LCD<\/li>\n<li>Porta de comunica\u00e7\u00e3o reservada para BMS (RS485 ou CAN-BUS)<\/li>\n<li>Suporta a fun\u00e7\u00e3o USB On-the-Go<\/li>\n<li>Opera\u00e7\u00e3o em paralelo de at\u00e9 9 unidades<\/li>\n<li>Garantia de 2 anos<\/li>\n<\/ul>\n","protected":false},"excerpt":{"rendered":"<p>Vis\u00e3o Geral: O Axpert King II TWIN \u00e9 projetado com&hellip;<\/p>\n","protected":false},"featured_media":31110,"template":"","meta":{"content-type":"","om_disable_all_campaigns":false,"_monsterinsights_skip_tracking":false,"_monsterinsights_sitenote_active":false,"_monsterinsights_sitenote_note":"","_monsterinsights_sitenote_category":0},"product_brand":[],"product_cat":[182,230],"product_tag":[],"class_list":{"0":"post-24692","1":"product","2":"type-product","3":"status-publish","4":"has-post-thumbnail","6":"product_cat-solar-inverter","7":"product_cat-low-voltage-inverter","9":"first","10":"instock","11":"shipping-taxable","12":"product-type-simple"},"_links":{"self":[{"href":"https:\/\/motoma.cn\/pt\/wp-json\/wp\/v2\/product\/24692","targetHints":{"allow":["GET"]}}],"collection":[{"href":"https:\/\/motoma.cn\/pt\/wp-json\/wp\/v2\/product"}],"about":[{"href":"https:\/\/motoma.cn\/pt\/wp-json\/wp\/v2\/types\/product"}],"version-history":[{"count":8,"href":"https:\/\/motoma.cn\/pt\/wp-json\/wp\/v2\/product\/24692\/revisions"}],"predecessor-version":[{"id":31374,"href":"https:\/\/motoma.cn\/pt\/wp-json\/wp\/v2\/product\/24692\/revisions\/31374"}],"wp:featuredmedia":[{"embeddable":true,"href":"https:\/\/motoma.cn\/pt\/wp-json\/wp\/v2\/media\/31110"}],"wp:attachment":[{"href":"https:\/\/motoma.cn\/pt\/wp-json\/wp\/v2\/media?parent=24692"}],"wp:term":[{"taxonomy":"product_brand","embeddable":true,"href":"https:\/\/motoma.cn\/pt\/wp-json\/wp\/v2\/product_brand?post=24692"},{"taxonomy":"product_cat","embeddable":true,"href":"https:\/\/motoma.cn\/pt\/wp-json\/wp\/v2\/product_cat?post=24692"},{"taxonomy":"product_tag","embeddable":true,"href":"https:\/\/motoma.cn\/pt\/wp-json\/wp\/v2\/product_tag?post=24692"}],"curies":[{"name":"wp","href":"https:\/\/api.w.org\/{rel}","templated":true}]}}