

{"id":24702,"date":"2023-08-17T20:21:39","date_gmt":"2023-08-17T20:21:39","guid":{"rendered":"https:\/\/motoma.cn\/pt\/?post_type=product&#038;p=24702"},"modified":"2025-02-17T10:02:46","modified_gmt":"2025-02-17T10:02:46","slug":"axpert-mks-iv-twin-6-kw","status":"publish","type":"product","link":"https:\/\/motoma.cn\/pt\/product\/axpert-mks-iv-twin-6-kw\/","title":{"rendered":"Axpert King IV TWIN 6 KW"},"content":{"rendered":"<p><strong> Vis\u00e3o Geral:<\/strong><\/p>\n<p>Axpert King IV TWIN foi projetado com tempo de transfer\u00eancia zero, o que o torna perfeito para dispositivos cr\u00edticos, como servidores e caixas eletr\u00f4nicos (ATMs). Est\u00e1 equipado com um poderoso carregador solar de 120A e um carregador CA de 120A. O m\u00f3dulo de controle LCD destac\u00e1vel permite que os usu\u00e1rios monitorem este inversor remotamente. Al\u00e9m disso, pode expandir sua capacidade de pot\u00eancia para 54KW\/55.8KW com 9 unidades em opera\u00e7\u00e3o paralela. O Axpert King IV TWIN possui duas sa\u00eddas. A segunda sa\u00edda pode ser programada para ligar\/desligar, definir a tens\u00e3o de corte ou o estado de carga (SOC) e o tempo de descarga atrav\u00e9s da configura\u00e7\u00e3o no LCD.<\/p>\n<p>&nbsp;<\/p>\n<p><strong>Principais Caracter\u00edsticas:<\/strong><\/p>\n<ul>\n<li>Sa\u00eddas duplas para gerenciamento inteligente de carga<\/li>\n<li>Corrente m\u00e1xima de entrada de PV aumentada para 27A<\/li>\n<li>Tempo de transfer\u00eancia zero (0ms) para proteger cargas cr\u00edticas, como servidores e caixas eletr\u00f4nicos (ATMs)<\/li>\n<li>Ampla faixa de tens\u00e3o de entrada de PV<\/li>\n<li>Bot\u00e3o sens\u00edvel ao toque com LCD colorido de 4,3&#8243; e m\u00faltiplas op\u00e7\u00f5es de comunica\u00e7\u00e3o<\/li>\n<li>Corrente de carregamento de alta pot\u00eancia selecion\u00e1vel<\/li>\n<li>Wi-Fi integrado para monitoramento m\u00f3vel (App dispon\u00edvel)<\/li>\n<li>Prioridade de entrada CA\/Solar configur\u00e1vel via configura\u00e7\u00e3o no LCD<\/li>\n<li>Porta de comunica\u00e7\u00e3o reservada para BMS (RS485 ou CAN-BUS)<\/li>\n<li>Suporta a fun\u00e7\u00e3o USB On-the-Go<\/li>\n<li>Opera\u00e7\u00e3o em paralelo de at\u00e9 9 unidades<\/li>\n<li>Garantia de 2 anos<\/li>\n<\/ul>\n","protected":false},"excerpt":{"rendered":"<p>Vis\u00e3o Geral: Axpert King IV TWIN foi projetado com tempo&hellip;<\/p>\n","protected":false},"featured_media":31255,"template":"","meta":{"content-type":"","om_disable_all_campaigns":false,"_monsterinsights_skip_tracking":false,"_monsterinsights_sitenote_active":false,"_monsterinsights_sitenote_note":"","_monsterinsights_sitenote_category":0},"product_brand":[],"product_cat":[182,230],"product_tag":[],"class_list":{"0":"post-24702","1":"product","2":"type-product","3":"status-publish","4":"has-post-thumbnail","6":"product_cat-solar-inverter","7":"product_cat-low-voltage-inverter","9":"first","10":"instock","11":"shipping-taxable","12":"product-type-simple"},"_links":{"self":[{"href":"https:\/\/motoma.cn\/pt\/wp-json\/wp\/v2\/product\/24702","targetHints":{"allow":["GET"]}}],"collection":[{"href":"https:\/\/motoma.cn\/pt\/wp-json\/wp\/v2\/product"}],"about":[{"href":"https:\/\/motoma.cn\/pt\/wp-json\/wp\/v2\/types\/product"}],"version-history":[{"count":8,"href":"https:\/\/motoma.cn\/pt\/wp-json\/wp\/v2\/product\/24702\/revisions"}],"predecessor-version":[{"id":31376,"href":"https:\/\/motoma.cn\/pt\/wp-json\/wp\/v2\/product\/24702\/revisions\/31376"}],"wp:featuredmedia":[{"embeddable":true,"href":"https:\/\/motoma.cn\/pt\/wp-json\/wp\/v2\/media\/31255"}],"wp:attachment":[{"href":"https:\/\/motoma.cn\/pt\/wp-json\/wp\/v2\/media?parent=24702"}],"wp:term":[{"taxonomy":"product_brand","embeddable":true,"href":"https:\/\/motoma.cn\/pt\/wp-json\/wp\/v2\/product_brand?post=24702"},{"taxonomy":"product_cat","embeddable":true,"href":"https:\/\/motoma.cn\/pt\/wp-json\/wp\/v2\/product_cat?post=24702"},{"taxonomy":"product_tag","embeddable":true,"href":"https:\/\/motoma.cn\/pt\/wp-json\/wp\/v2\/product_tag?post=24702"}],"curies":[{"name":"wp","href":"https:\/\/api.w.org\/{rel}","templated":true}]}}