

{"id":24707,"date":"2023-08-17T20:28:48","date_gmt":"2023-08-17T20:28:48","guid":{"rendered":"https:\/\/motoma.cn\/pt\/?post_type=product&#038;p=24707"},"modified":"2025-02-17T10:03:49","modified_gmt":"2025-02-17T10:03:49","slug":"axpert-max-twin-8-kw","status":"publish","type":"product","link":"https:\/\/motoma.cn\/pt\/product\/axpert-max-twin-8-kw\/","title":{"rendered":"Axpert MAX TWIN 8 KW"},"content":{"rendered":"<p><strong>Vis\u00e3o Geral:<\/strong><\/p>\n<p>O Axpert MAX TWIN \u00e9 um inversor off-grid de alto desempenho com controlador solar MPPT de 120A e indicador de status personaliz\u00e1vel com barra de LED RGB. O Axpert MAX TWIN possui duas sa\u00eddas. A segunda sa\u00edda pode ser programada para ligar\/desligar, definindo a voltagem de corte, SOC (Estado de Carga) e tempo de descarga por meio das configura\u00e7\u00f5es do LCD.<\/p>\n<p>&nbsp;<\/p>\n<p><strong>Principais Caracter\u00edsticas:<\/strong><\/p>\n<ul>\n<li>Duas sa\u00eddas para gerenciamento inteligente de carga<\/li>\n<li>Corrente m\u00e1xima de entrada PV aumentada para 27A<\/li>\n<li>Ampla faixa de entrada PV de 90VDC a 450VDC<\/li>\n<li>Indica\u00e7\u00e3o de status com luzes RGB<\/li>\n<li>Wi-Fi integrado para monitoramento m\u00f3vel (Aplicativo dispon\u00edvel para Android\/iOS)<\/li>\n<li>Suporte para fun\u00e7\u00e3o USB On-the-Go<\/li>\n<li>Porta de comunica\u00e7\u00e3o reservada para BMS (RS485, CAN-BUS ou RS232)<\/li>\n<li>Design de ventilador substitu\u00edvel para facilitar a manuten\u00e7\u00e3o<\/li>\n<li>Design independente de bateria<\/li>\n<li>Sele\u00e7\u00e3o de corrente de carga de alta pot\u00eancia<\/li>\n<li>Compat\u00edvel com a rede el\u00e9trica convencional ou entrada de gerador<\/li>\n<li>Kit anti-poeira integrado<\/li>\n<li>Opera\u00e7\u00e3o em paralelo com at\u00e9 6 unidades<\/li>\n<li>Garantia de 2 anos<\/li>\n<\/ul>\n","protected":false},"excerpt":{"rendered":"<p>Vis\u00e3o Geral: O Axpert MAX TWIN \u00e9 um inversor off-grid&hellip;<\/p>\n","protected":false},"featured_media":31113,"template":"","meta":{"content-type":"","om_disable_all_campaigns":false,"_monsterinsights_skip_tracking":false,"_monsterinsights_sitenote_active":false,"_monsterinsights_sitenote_note":"","_monsterinsights_sitenote_category":0},"product_brand":[],"product_cat":[182,230],"product_tag":[],"class_list":{"0":"post-24707","1":"product","2":"type-product","3":"status-publish","4":"has-post-thumbnail","6":"product_cat-solar-inverter","7":"product_cat-low-voltage-inverter","9":"first","10":"instock","11":"shipping-taxable","12":"product-type-simple"},"_links":{"self":[{"href":"https:\/\/motoma.cn\/pt\/wp-json\/wp\/v2\/product\/24707","targetHints":{"allow":["GET"]}}],"collection":[{"href":"https:\/\/motoma.cn\/pt\/wp-json\/wp\/v2\/product"}],"about":[{"href":"https:\/\/motoma.cn\/pt\/wp-json\/wp\/v2\/types\/product"}],"version-history":[{"count":10,"href":"https:\/\/motoma.cn\/pt\/wp-json\/wp\/v2\/product\/24707\/revisions"}],"predecessor-version":[{"id":31378,"href":"https:\/\/motoma.cn\/pt\/wp-json\/wp\/v2\/product\/24707\/revisions\/31378"}],"wp:featuredmedia":[{"embeddable":true,"href":"https:\/\/motoma.cn\/pt\/wp-json\/wp\/v2\/media\/31113"}],"wp:attachment":[{"href":"https:\/\/motoma.cn\/pt\/wp-json\/wp\/v2\/media?parent=24707"}],"wp:term":[{"taxonomy":"product_brand","embeddable":true,"href":"https:\/\/motoma.cn\/pt\/wp-json\/wp\/v2\/product_brand?post=24707"},{"taxonomy":"product_cat","embeddable":true,"href":"https:\/\/motoma.cn\/pt\/wp-json\/wp\/v2\/product_cat?post=24707"},{"taxonomy":"product_tag","embeddable":true,"href":"https:\/\/motoma.cn\/pt\/wp-json\/wp\/v2\/product_tag?post=24707"}],"curies":[{"name":"wp","href":"https:\/\/api.w.org\/{rel}","templated":true}]}}