

{"id":24728,"date":"2023-08-17T21:40:06","date_gmt":"2023-08-17T21:40:06","guid":{"rendered":"https:\/\/motoma.cn\/pt\/?post_type=product&#038;p=24728"},"modified":"2025-04-25T17:47:30","modified_gmt":"2025-04-25T17:47:30","slug":"infinisolar-v-iv-twin-6-kw","status":"publish","type":"product","link":"https:\/\/motoma.cn\/pt\/product\/infinisolar-v-iv-twin-6-kw\/","title":{"rendered":"InfiniSolar V IV TWIN 6 KW"},"content":{"rendered":"<p><strong>Vis\u00e3o Geral:<\/strong><\/p>\n<p>Anel LED de status personaliz\u00e1vel com luzes RGB O InfiniSolar V IV TWIN \u00e9 uma vers\u00e3o aprimorada da terceira gera\u00e7\u00e3o do nosso InfiniSolar V. Equipado com uma tela LCD colorida de 4,3 polegadas, bot\u00e3o sens\u00edvel ao toque e um anel LED de status personaliz\u00e1vel com luzes RGB. A ampla faixa de voltagem PV elevada pode ser aceita, o que facilitar\u00e1 a instala\u00e7\u00e3o do sistema PV. Al\u00e9m disso, a caracter\u00edstica de independ\u00eancia da bateria manter\u00e1 o inversor funcionando, independentemente de a bateria estar conectada ou n\u00e3o. Tamb\u00e9m oferecemos a fun\u00e7\u00e3o de opera\u00e7\u00e3o em paralelo de at\u00e9 9 unidades. Isso oferece alta flexibilidade para futuras expans\u00f5es de energia.<\/p>\n<p>&nbsp;<\/p>\n<p><strong>Principais Caracter\u00edsticas:<\/strong><\/p>\n<ul>\n<li>Corrente m\u00e1xima de entrada PV de 27A.<\/li>\n<li>Duas sa\u00eddas para gerenciamento inteligente de carga.<\/li>\n<li>Bot\u00e3o sens\u00edvel ao toque com LCD colorido de 4,3 polegadas.<\/li>\n<li>WiFi integrado para monitoramento m\u00f3vel (APP dispon\u00edvel).<\/li>\n<li>Prioridade de fornecimento program\u00e1vel para PV, Bateria ou Rede.<\/li>\n<li>Corrente e voltagem de carga ajust\u00e1veis pelo usu\u00e1rio.<\/li>\n<li>Modos de opera\u00e7\u00e3o program\u00e1veis m\u00faltiplos: Grid-tie, off-grid e grid-tie com backup.<\/li>\n<li>Porta de comunica\u00e7\u00e3o reservada para BMS (RS485, CAN-BUS ou RS232).<\/li>\n<li>Opera\u00e7\u00e3o em paralelo de at\u00e9 9 unidades.<\/li>\n<li>Garantia de 2 anos.<\/li>\n<\/ul>\n","protected":false},"excerpt":{"rendered":"<p>Vis\u00e3o Geral: Anel LED de status personaliz\u00e1vel com luzes RGB&hellip;<\/p>\n","protected":false},"featured_media":31117,"template":"","meta":{"content-type":"","om_disable_all_campaigns":false,"_monsterinsights_skip_tracking":false,"_monsterinsights_sitenote_active":false,"_monsterinsights_sitenote_note":"","_monsterinsights_sitenote_category":0},"product_brand":[],"product_cat":[182,230],"product_tag":[],"class_list":{"0":"post-24728","1":"product","2":"type-product","3":"status-publish","4":"has-post-thumbnail","6":"product_cat-solar-inverter","7":"product_cat-low-voltage-inverter","9":"first","10":"instock","11":"shipping-taxable","12":"product-type-simple"},"_links":{"self":[{"href":"https:\/\/motoma.cn\/pt\/wp-json\/wp\/v2\/product\/24728","targetHints":{"allow":["GET"]}}],"collection":[{"href":"https:\/\/motoma.cn\/pt\/wp-json\/wp\/v2\/product"}],"about":[{"href":"https:\/\/motoma.cn\/pt\/wp-json\/wp\/v2\/types\/product"}],"version-history":[{"count":9,"href":"https:\/\/motoma.cn\/pt\/wp-json\/wp\/v2\/product\/24728\/revisions"}],"predecessor-version":[{"id":31385,"href":"https:\/\/motoma.cn\/pt\/wp-json\/wp\/v2\/product\/24728\/revisions\/31385"}],"wp:featuredmedia":[{"embeddable":true,"href":"https:\/\/motoma.cn\/pt\/wp-json\/wp\/v2\/media\/31117"}],"wp:attachment":[{"href":"https:\/\/motoma.cn\/pt\/wp-json\/wp\/v2\/media?parent=24728"}],"wp:term":[{"taxonomy":"product_brand","embeddable":true,"href":"https:\/\/motoma.cn\/pt\/wp-json\/wp\/v2\/product_brand?post=24728"},{"taxonomy":"product_cat","embeddable":true,"href":"https:\/\/motoma.cn\/pt\/wp-json\/wp\/v2\/product_cat?post=24728"},{"taxonomy":"product_tag","embeddable":true,"href":"https:\/\/motoma.cn\/pt\/wp-json\/wp\/v2\/product_tag?post=24728"}],"curies":[{"name":"wp","href":"https:\/\/api.w.org\/{rel}","templated":true}]}}