

{"id":24813,"date":"2023-08-21T19:43:44","date_gmt":"2023-08-21T19:43:44","guid":{"rendered":"https:\/\/motoma.cn\/pt\/?post_type=product&#038;p=24813"},"modified":"2025-04-25T17:47:23","modified_gmt":"2025-04-25T17:47:23","slug":"infinisolar-v-iv-wp-twin-6-kw","status":"publish","type":"product","link":"https:\/\/motoma.cn\/pt\/product\/infinisolar-v-iv-wp-twin-6-kw\/","title":{"rendered":"InfiniSolar V IV WP TWIN 6 KW"},"content":{"rendered":"<p><strong>Vis\u00e3o Geral:<\/strong><\/p>\n<p>O inversor h\u00edbrido apresenta uma caixa classificada como IP65. O Infini V 4 WP &#8211; um inversor h\u00edbrido apresenta uma caixa classificada como IP65. A resist\u00eancia \u00e0 \u00e1gua e poeira IP65 oferece excelente prote\u00e7\u00e3o em climas diversos. O inversor h\u00edbrido Infini V 4 WP pode ser instalado em \u00e1reas propensas \u00e0 penetra\u00e7\u00e3o de areia e \u00e1gua. A prioridade program\u00e1vel pelo usu\u00e1rio para PV, bateria e rede; e mais via software, atende \u00e0s suas necessidades naquele momento do dia ou da noite. Ajuda a gerenciar o autoconsumo e reduzir as contas de eletricidade.<\/p>\n<p>&nbsp;<\/p>\n<p><strong style=\"letter-spacing: 0px;\">Principais Caracter\u00edsticas:<\/strong><\/p>\n<ul>\n<li>\u00c0 prova d&#8217;\u00e1gua e \u00e0 prova de poeira com classifica\u00e7\u00e3o IP65, tornando o inversor dispon\u00edvel para v\u00e1rias condi\u00e7\u00f5es de trabalho.<\/li>\n<li>Autoconsumo e alimenta\u00e7\u00e3o na rede.<\/li>\n<li>Prioridade de fornecimento program\u00e1vel para PV, Bateria ou Rede.<\/li>\n<li>Porta de comunica\u00e7\u00e3o reservada para BMS (RS485, CAN-BUS ou RS232).<\/li>\n<li>WiFi integrado para monitoramento m\u00f3vel (APP dispon\u00edvel).<\/li>\n<li>Corrente e voltagem de carga ajust\u00e1veis pelo usu\u00e1rio.<\/li>\n<li>Modos de opera\u00e7\u00e3o program\u00e1veis m\u00faltiplos: Grid-tie, off-grid e grid-tie com backup.<\/li>\n<li>Sa\u00eddas duplas opcionais para gerenciamento inteligente de carga.<\/li>\n<li>Opera\u00e7\u00e3o em paralelo de at\u00e9 9 unidades.<\/li>\n<li>Garantia de 5 anos.<\/li>\n<\/ul>\n","protected":false},"excerpt":{"rendered":"<p>Vis\u00e3o Geral: O inversor h\u00edbrido apresenta uma caixa classificada como&hellip;<\/p>\n","protected":false},"featured_media":31147,"template":"","meta":{"content-type":"","om_disable_all_campaigns":false,"_monsterinsights_skip_tracking":false,"_monsterinsights_sitenote_active":false,"_monsterinsights_sitenote_note":"","_monsterinsights_sitenote_category":0},"product_brand":[],"product_cat":[182,230],"product_tag":[],"class_list":{"0":"post-24813","1":"product","2":"type-product","3":"status-publish","4":"has-post-thumbnail","6":"product_cat-solar-inverter","7":"product_cat-low-voltage-inverter","9":"first","10":"instock","11":"shipping-taxable","12":"product-type-simple"},"_links":{"self":[{"href":"https:\/\/motoma.cn\/pt\/wp-json\/wp\/v2\/product\/24813","targetHints":{"allow":["GET"]}}],"collection":[{"href":"https:\/\/motoma.cn\/pt\/wp-json\/wp\/v2\/product"}],"about":[{"href":"https:\/\/motoma.cn\/pt\/wp-json\/wp\/v2\/types\/product"}],"version-history":[{"count":11,"href":"https:\/\/motoma.cn\/pt\/wp-json\/wp\/v2\/product\/24813\/revisions"}],"predecessor-version":[{"id":31387,"href":"https:\/\/motoma.cn\/pt\/wp-json\/wp\/v2\/product\/24813\/revisions\/31387"}],"wp:featuredmedia":[{"embeddable":true,"href":"https:\/\/motoma.cn\/pt\/wp-json\/wp\/v2\/media\/31147"}],"wp:attachment":[{"href":"https:\/\/motoma.cn\/pt\/wp-json\/wp\/v2\/media?parent=24813"}],"wp:term":[{"taxonomy":"product_brand","embeddable":true,"href":"https:\/\/motoma.cn\/pt\/wp-json\/wp\/v2\/product_brand?post=24813"},{"taxonomy":"product_cat","embeddable":true,"href":"https:\/\/motoma.cn\/pt\/wp-json\/wp\/v2\/product_cat?post=24813"},{"taxonomy":"product_tag","embeddable":true,"href":"https:\/\/motoma.cn\/pt\/wp-json\/wp\/v2\/product_tag?post=24813"}],"curies":[{"name":"wp","href":"https:\/\/api.w.org\/{rel}","templated":true}]}}