

{"id":24818,"date":"2023-08-21T20:13:49","date_gmt":"2023-08-21T20:13:49","guid":{"rendered":"https:\/\/motoma.cn\/pt\/?post_type=product&#038;p=24818"},"modified":"2025-04-25T17:47:13","modified_gmt":"2025-04-25T17:47:13","slug":"infinisolar-wp-twin-15-kw-3p","status":"publish","type":"product","link":"https:\/\/motoma.cn\/pt\/product\/infinisolar-wp-twin-15-kw-3p\/","title":{"rendered":"InfiniSolar WP TWIN HMI 15 KW 3P"},"content":{"rendered":"<p><strong>\u00a0 Vis\u00e3o Geral:<\/strong><\/p>\n<p>O inversor h\u00edbrido apresenta uma caixa classificada como IP65. Com prote\u00e7\u00e3o contra entrada de \u00e1gua e poeira at\u00e9 IP65, o InfiniSolar WP HMI 15KW \u00e9 adequado para uso tanto em aplica\u00e7\u00f5es externas quanto em ambientes internos onde h\u00e1 presen\u00e7a de umidade atmosf\u00e9rica e poeira. A opera\u00e7\u00e3o em paralelo pode ser feita com at\u00e9 6 unidades para maior pot\u00eancia e capacidade, permitindo uma classifica\u00e7\u00e3o de pot\u00eancia de at\u00e9 90KW. Isso possibilita a cria\u00e7\u00e3o de solu\u00e7\u00f5es de energia para resid\u00eancias, escrit\u00f3rios e pequenas aplica\u00e7\u00f5es comerciais.<\/p>\n<p>&nbsp;<\/p>\n<p><strong>Principais Caracter\u00edsticas:<\/strong><\/p>\n<ul>\n<li>\u00c0 prova d&#8217;\u00e1gua e \u00e0 prova de poeira com classifica\u00e7\u00e3o IP65, tornando o inversor dispon\u00edvel para v\u00e1rias condi\u00e7\u00f5es de trabalho.<\/li>\n<li>Autoconsumo e alimenta\u00e7\u00e3o na rede.<\/li>\n<li>Prioridade de fornecimento program\u00e1vel para PV, Bateria ou Rede.<\/li>\n<li>Porta de comunica\u00e7\u00e3o reservada para BMS (RS485, CAN-BUS ou RS232).<\/li>\n<li>WiFi integrado para monitoramento m\u00f3vel (APP dispon\u00edvel).<\/li>\n<li>Corrente e voltagem de carga ajust\u00e1veis pelo usu\u00e1rio.<\/li>\n<li>Modos de opera\u00e7\u00e3o program\u00e1veis m\u00faltiplos: Grid-tie, off-grid e grid-tie com backup.<\/li>\n<li>Temporizador integrado para v\u00e1rios modos de opera\u00e7\u00e3o ligado\/desligado.<\/li>\n<li>Porta de comunica\u00e7\u00e3o reservada para BMS (RS485).<\/li>\n<li>Opera\u00e7\u00e3o em paralelo de at\u00e9 6 unidades.<\/li>\n<li>Garantia de 2 anos.<\/li>\n<\/ul>\n","protected":false},"excerpt":{"rendered":"<p>\u00a0 Vis\u00e3o Geral: O inversor h\u00edbrido apresenta uma caixa classificada&hellip;<\/p>\n","protected":false},"featured_media":31119,"template":"","meta":{"content-type":"","om_disable_all_campaigns":false,"_monsterinsights_skip_tracking":false,"_monsterinsights_sitenote_active":false,"_monsterinsights_sitenote_note":"","_monsterinsights_sitenote_category":0},"product_brand":[],"product_cat":[182,230],"product_tag":[],"class_list":{"0":"post-24818","1":"product","2":"type-product","3":"status-publish","4":"has-post-thumbnail","6":"product_cat-solar-inverter","7":"product_cat-low-voltage-inverter","9":"first","10":"instock","11":"shipping-taxable","12":"product-type-simple"},"_links":{"self":[{"href":"https:\/\/motoma.cn\/pt\/wp-json\/wp\/v2\/product\/24818","targetHints":{"allow":["GET"]}}],"collection":[{"href":"https:\/\/motoma.cn\/pt\/wp-json\/wp\/v2\/product"}],"about":[{"href":"https:\/\/motoma.cn\/pt\/wp-json\/wp\/v2\/types\/product"}],"version-history":[{"count":13,"href":"https:\/\/motoma.cn\/pt\/wp-json\/wp\/v2\/product\/24818\/revisions"}],"predecessor-version":[{"id":31402,"href":"https:\/\/motoma.cn\/pt\/wp-json\/wp\/v2\/product\/24818\/revisions\/31402"}],"wp:featuredmedia":[{"embeddable":true,"href":"https:\/\/motoma.cn\/pt\/wp-json\/wp\/v2\/media\/31119"}],"wp:attachment":[{"href":"https:\/\/motoma.cn\/pt\/wp-json\/wp\/v2\/media?parent=24818"}],"wp:term":[{"taxonomy":"product_brand","embeddable":true,"href":"https:\/\/motoma.cn\/pt\/wp-json\/wp\/v2\/product_brand?post=24818"},{"taxonomy":"product_cat","embeddable":true,"href":"https:\/\/motoma.cn\/pt\/wp-json\/wp\/v2\/product_cat?post=24818"},{"taxonomy":"product_tag","embeddable":true,"href":"https:\/\/motoma.cn\/pt\/wp-json\/wp\/v2\/product_tag?post=24818"}],"curies":[{"name":"wp","href":"https:\/\/api.w.org\/{rel}","templated":true}]}}