

{"id":24830,"date":"2023-08-21T20:45:23","date_gmt":"2023-08-21T20:45:23","guid":{"rendered":"https:\/\/motoma.cn\/pt\/?post_type=product&#038;p=24830"},"modified":"2024-02-19T17:16:45","modified_gmt":"2024-02-19T17:16:45","slug":"snmp-web-card-box","status":"publish","type":"product","link":"https:\/\/motoma.cn\/pt\/product\/snmp-web-card-box\/","title":{"rendered":"Cart\u00e3o\/ Caixa Web SNMP"},"content":{"rendered":"<p>&nbsp;<\/p>\n<p><strong>Principais Caracter\u00edsticas:<\/strong><\/p>\n<ul>\n<li>Permite o controle e monitoramento de v\u00e1rios inversores por meio de conex\u00e3o de rede RJ-45<\/li>\n<li>Gr\u00e1ficos din\u00e2micos em tempo real dos dados do inversor<\/li>\n<li>Notifica\u00e7\u00f5es de aviso via alarme sonoro, transmiss\u00e3o, mensageiro m\u00f3vel, e-mail e armadilhas SNMP<\/li>\n<li>Registro de dados hist\u00f3ricos armazenado no banco de dados centralizado do PC<\/li>\n<li>Atualiza\u00e7\u00e3o de firmware simples com um clique<\/li>\n<li>Prote\u00e7\u00e3o de seguran\u00e7a por senha e gerenciamento de acesso remoto<\/li>\n<li>Suporte para detector opcional de monitoramento ambiental de temperatura, umidade e fuma\u00e7a<\/li>\n<\/ul>\n","protected":false},"excerpt":{"rendered":"<p>&nbsp; Principais Caracter\u00edsticas: Permite o controle e monitoramento de v\u00e1rios&hellip;<\/p>\n","protected":false},"featured_media":24833,"template":"","meta":{"content-type":"","om_disable_all_campaigns":false,"_monsterinsights_skip_tracking":false,"_monsterinsights_sitenote_active":false,"_monsterinsights_sitenote_note":"","_monsterinsights_sitenote_category":0},"product_brand":[],"product_cat":[182,232],"product_tag":[],"class_list":{"0":"post-24830","1":"product","2":"type-product","3":"status-publish","4":"has-post-thumbnail","6":"product_cat-solar-inverter","7":"product_cat-accessory-inverters","9":"first","10":"instock","11":"shipping-taxable","12":"product-type-simple"},"_links":{"self":[{"href":"https:\/\/motoma.cn\/pt\/wp-json\/wp\/v2\/product\/24830","targetHints":{"allow":["GET"]}}],"collection":[{"href":"https:\/\/motoma.cn\/pt\/wp-json\/wp\/v2\/product"}],"about":[{"href":"https:\/\/motoma.cn\/pt\/wp-json\/wp\/v2\/types\/product"}],"version-history":[{"count":4,"href":"https:\/\/motoma.cn\/pt\/wp-json\/wp\/v2\/product\/24830\/revisions"}],"predecessor-version":[{"id":30776,"href":"https:\/\/motoma.cn\/pt\/wp-json\/wp\/v2\/product\/24830\/revisions\/30776"}],"wp:featuredmedia":[{"embeddable":true,"href":"https:\/\/motoma.cn\/pt\/wp-json\/wp\/v2\/media\/24833"}],"wp:attachment":[{"href":"https:\/\/motoma.cn\/pt\/wp-json\/wp\/v2\/media?parent=24830"}],"wp:term":[{"taxonomy":"product_brand","embeddable":true,"href":"https:\/\/motoma.cn\/pt\/wp-json\/wp\/v2\/product_brand?post=24830"},{"taxonomy":"product_cat","embeddable":true,"href":"https:\/\/motoma.cn\/pt\/wp-json\/wp\/v2\/product_cat?post=24830"},{"taxonomy":"product_tag","embeddable":true,"href":"https:\/\/motoma.cn\/pt\/wp-json\/wp\/v2\/product_tag?post=24830"}],"curies":[{"name":"wp","href":"https:\/\/api.w.org\/{rel}","templated":true}]}}