

{"id":24849,"date":"2023-08-21T20:15:25","date_gmt":"2023-08-21T20:15:25","guid":{"rendered":"https:\/\/motoma.cn\/pt\/?post_type=product&#038;p=24849"},"modified":"2025-02-25T11:45:08","modified_gmt":"2025-02-25T11:45:08","slug":"infinisolar-wp-30-kw-3p","status":"publish","type":"product","link":"https:\/\/motoma.cn\/pt\/product\/infinisolar-wp-30-kw-3p\/","title":{"rendered":"InfiniSolar WP 30KW-50KW 3P"},"content":{"rendered":"<p><strong>Vis\u00e3o Geral:<\/strong><\/p>\n<p>O inversor solar h\u00edbrido IP65 de 3 fases oferece suporte a carga desequilibrada de 150%. Com prote\u00e7\u00e3o contra entrada de \u00e1gua e poeira at\u00e9 IP65, o InfiniSolar WP 30kW \u00e9 adequado para uso tanto em aplica\u00e7\u00f5es externas quanto em ambientes internos onde h\u00e1 presen\u00e7a de umidade atmosf\u00e9rica e poeira. Ele oferece suporte a carga desequilibrada de 150%, com uma carga m\u00e1xima de at\u00e9 15 kW para cada fase. Essa flexibilidade pode facilitar v\u00e1rios consumos de energia em um ambiente residencial. Com a fun\u00e7\u00e3o AC acoplada integrada, o sistema on-grid existente pode ser facilmente atualizado e expandido para um sistema h\u00edbrido. O InfiniSolar WP 30kW tamb\u00e9m oferece um segundo terminal para escolha do usu\u00e1rio como entrada de gerador ou sa\u00edda program\u00e1vel.<\/p>\n<p>&nbsp;<\/p>\n<p><strong>Principais Caracter\u00edsticas:<\/strong><\/p>\n<ul>\n<li>Suporte a carga desequilibrada de 150%.<\/li>\n<li>Dupla sa\u00edda selecionada como sa\u00edda program\u00e1vel ou entrada de gerador.<\/li>\n<li>Fun\u00e7\u00e3o acoplada AC integrada.<\/li>\n<li>WiFi integrado para monitoramento m\u00f3vel (App dispon\u00edvel).<\/li>\n<li>Corrente de carga ajust\u00e1vel pelo usu\u00e1rio at\u00e9 80A.<\/li>\n<li>Ampla faixa de entrada de bateria.<\/li>\n<li>Porta de comunica\u00e7\u00e3o integrada para BMS (RS485).<\/li>\n<li>5 anos de garantia.<\/li>\n<li>Opera\u00e7\u00e3o em paralelo de at\u00e9 4 unidades.<\/li>\n<\/ul>\n","protected":false},"excerpt":{"rendered":"<p>Vis\u00e3o Geral: O inversor solar h\u00edbrido IP65 de 3 fases&hellip;<\/p>\n","protected":false},"featured_media":31420,"template":"","meta":{"content-type":"","om_disable_all_campaigns":false,"_monsterinsights_skip_tracking":false,"_monsterinsights_sitenote_active":false,"_monsterinsights_sitenote_note":"","_monsterinsights_sitenote_category":0},"product_brand":[],"product_cat":[182,231],"product_tag":[],"class_list":{"0":"post-24849","1":"product","2":"type-product","3":"status-publish","4":"has-post-thumbnail","6":"product_cat-solar-inverter","7":"product_cat-high-voltage-inverter","9":"first","10":"instock","11":"shipping-taxable","12":"product-type-simple"},"_links":{"self":[{"href":"https:\/\/motoma.cn\/pt\/wp-json\/wp\/v2\/product\/24849","targetHints":{"allow":["GET"]}}],"collection":[{"href":"https:\/\/motoma.cn\/pt\/wp-json\/wp\/v2\/product"}],"about":[{"href":"https:\/\/motoma.cn\/pt\/wp-json\/wp\/v2\/types\/product"}],"version-history":[{"count":11,"href":"https:\/\/motoma.cn\/pt\/wp-json\/wp\/v2\/product\/24849\/revisions"}],"predecessor-version":[{"id":31424,"href":"https:\/\/motoma.cn\/pt\/wp-json\/wp\/v2\/product\/24849\/revisions\/31424"}],"wp:featuredmedia":[{"embeddable":true,"href":"https:\/\/motoma.cn\/pt\/wp-json\/wp\/v2\/media\/31420"}],"wp:attachment":[{"href":"https:\/\/motoma.cn\/pt\/wp-json\/wp\/v2\/media?parent=24849"}],"wp:term":[{"taxonomy":"product_brand","embeddable":true,"href":"https:\/\/motoma.cn\/pt\/wp-json\/wp\/v2\/product_brand?post=24849"},{"taxonomy":"product_cat","embeddable":true,"href":"https:\/\/motoma.cn\/pt\/wp-json\/wp\/v2\/product_cat?post=24849"},{"taxonomy":"product_tag","embeddable":true,"href":"https:\/\/motoma.cn\/pt\/wp-json\/wp\/v2\/product_tag?post=24849"}],"curies":[{"name":"wp","href":"https:\/\/api.w.org\/{rel}","templated":true}]}}