

{"id":24850,"date":"2023-08-21T21:48:12","date_gmt":"2023-08-21T21:48:12","guid":{"rendered":"https:\/\/motoma.cn\/pt\/?post_type=product&#038;p=24850"},"modified":"2025-02-19T12:09:53","modified_gmt":"2025-02-19T12:09:53","slug":"so-spn-mc182-530-555","status":"publish","type":"product","link":"https:\/\/motoma.cn\/pt\/product\/so-spn-mc182-530-555\/","title":{"rendered":"SO-SPN-MC182-530-555"},"content":{"rendered":"<p><strong>\u00a0 Vis\u00e3o Geral:<\/strong><\/p>\n<p>Nos \u00faltimos anos, os pain\u00e9is solares com Emissor Passivado e Contato Traseiro (PERC) t\u00eam ganhado popularidade na ind\u00fastria de pain\u00e9is solares como uma op\u00e7\u00e3o vi\u00e1vel para gerar energia solar mais eficiente. Esses pain\u00e9is solares utilizam c\u00e9lulas solares PERC, uma vers\u00e3o aprimorada das c\u00e9lulas solares convencionais. Seu design modificado permite que gerem de 6 a 12 por cento mais energia do que seus equivalentes tradicionais.<\/p>\n<p>PERC significa Emissor Passivado e C\u00e9lula Traseira. A c\u00e9lula solar PERC possui uma camada de passiva\u00e7\u00e3o na parte traseira da c\u00e9lula, que ajuda a minimizar as perdas por recombina\u00e7\u00e3o e aumentar a absor\u00e7\u00e3o de luz. O papel fundamental da camada de passiva\u00e7\u00e3o na parte traseira \u00e9 refletir a luz que passa atrav\u00e9s da c\u00e9lula de sil\u00edcio sem ser absorvida de volta para o sil\u00edcio. Ao refletir essa luz, a camada de passiva\u00e7\u00e3o d\u00e1 \u00e0 c\u00e9lula solar uma segunda chance de absorv\u00ea-la, resultando em uma melhoria significativa na efici\u00eancia.<\/p>\n<p>&nbsp;<\/p>\n<p><strong>Principais Caracter\u00edsticas:<\/strong><\/p>\n<ul>\n<li data-start=\"0\" data-end=\"39\">Tecnologia de c\u00e9lulas Mono PERC<\/li>\n<li data-start=\"40\" data-end=\"63\">Alta efici\u00eancia<\/li>\n<li data-start=\"64\" data-end=\"124\">Melhor desempenho em condi\u00e7\u00f5es de baixa luminosidade<\/li>\n<li data-start=\"125\" data-end=\"168\">Redu\u00e7\u00e3o da recombina\u00e7\u00e3o de el\u00e9trons<\/li>\n<li data-start=\"169\" data-end=\"195\">Maior durabilidade<\/li>\n<li data-start=\"196\" data-end=\"238\" data-is-last-node=\"\">Menor degrada\u00e7\u00e3o induzida pelo calor<\/li>\n<\/ul>\n","protected":false},"excerpt":{"rendered":"<p>\u00a0 Vis\u00e3o Geral: Nos \u00faltimos anos, os pain\u00e9is solares com&hellip;<\/p>\n","protected":false},"featured_media":24852,"template":"","meta":{"content-type":"","om_disable_all_campaigns":false,"_monsterinsights_skip_tracking":false,"_monsterinsights_sitenote_active":false,"_monsterinsights_sitenote_note":"","_monsterinsights_sitenote_category":0},"product_brand":[],"product_cat":[181,233],"product_tag":[],"class_list":{"0":"post-24850","1":"product","2":"type-product","3":"status-publish","4":"has-post-thumbnail","6":"product_cat-solar-panel","7":"product_cat-mono-perc","9":"first","10":"instock","11":"shipping-taxable","12":"product-type-simple"},"_links":{"self":[{"href":"https:\/\/motoma.cn\/pt\/wp-json\/wp\/v2\/product\/24850","targetHints":{"allow":["GET"]}}],"collection":[{"href":"https:\/\/motoma.cn\/pt\/wp-json\/wp\/v2\/product"}],"about":[{"href":"https:\/\/motoma.cn\/pt\/wp-json\/wp\/v2\/types\/product"}],"version-history":[{"count":16,"href":"https:\/\/motoma.cn\/pt\/wp-json\/wp\/v2\/product\/24850\/revisions"}],"predecessor-version":[{"id":31394,"href":"https:\/\/motoma.cn\/pt\/wp-json\/wp\/v2\/product\/24850\/revisions\/31394"}],"wp:featuredmedia":[{"embeddable":true,"href":"https:\/\/motoma.cn\/pt\/wp-json\/wp\/v2\/media\/24852"}],"wp:attachment":[{"href":"https:\/\/motoma.cn\/pt\/wp-json\/wp\/v2\/media?parent=24850"}],"wp:term":[{"taxonomy":"product_brand","embeddable":true,"href":"https:\/\/motoma.cn\/pt\/wp-json\/wp\/v2\/product_brand?post=24850"},{"taxonomy":"product_cat","embeddable":true,"href":"https:\/\/motoma.cn\/pt\/wp-json\/wp\/v2\/product_cat?post=24850"},{"taxonomy":"product_tag","embeddable":true,"href":"https:\/\/motoma.cn\/pt\/wp-json\/wp\/v2\/product_tag?post=24850"}],"curies":[{"name":"wp","href":"https:\/\/api.w.org\/{rel}","templated":true}]}}