

{"id":24853,"date":"2023-08-23T18:26:39","date_gmt":"2023-08-23T18:26:39","guid":{"rendered":"https:\/\/motoma.cn\/pt\/?post_type=product&#038;p=24853"},"modified":"2024-04-19T14:35:06","modified_gmt":"2024-04-19T14:35:06","slug":"48v-100ah-4-8-kwh-m77u","status":"publish","type":"product","link":"https:\/\/motoma.cn\/pt\/product\/48v-100ah-4-8-kwh-m77u\/","title":{"rendered":"48V 100AH \/ 4.8 KWH (M77U)"},"content":{"rendered":"<p><strong>Vis\u00e3o Geral:<\/strong><\/p>\n<p>A bateria MOTOMA da s\u00e9rie M, desenvolvida com tecnologia avan\u00e7ada, \u00e9 uma bateria LiFePO4 projetada para uma vida \u00fatil de 15 anos ou mais, com finalidade geral. Ela apresenta um BMS (Sistema de Gerenciamento de Bateria) inteligente incorporado para maior seguran\u00e7a, com design SOC (Estado de Carga) e protocolo de comunica\u00e7\u00e3o para se adequar a inversores de marcas diferentes. Al\u00e9m disso, a Motoma pode fornecer um software personalizado para computadores superiores para a comunica\u00e7\u00e3o com o BMS via RS232, permitindo a configura\u00e7\u00e3o de par\u00e2metros ou a leitura de dados de monitoramento.<\/p>\n<p>&nbsp;<\/p>\n<p><strong>Par\u00e2metros da Bateria:<\/strong><\/p>\n<table>\n<tbody>\n<tr>\n<td width=\"315\">N\u00famero do modelo da bateria<\/td>\n<td width=\"300\">M77U<\/td>\n<\/tr>\n<tr>\n<td width=\"315\">Voltagem nominal<\/td>\n<td width=\"300\">48V<\/td>\n<\/tr>\n<tr>\n<td width=\"315\">Capacidade nominal<\/td>\n<td width=\"300\">100Ah<\/td>\n<\/tr>\n<tr>\n<td width=\"315\">Capacidade de energia:<\/td>\n<td width=\"300\">\n<table>\n<tbody>\n<tr>\n<td width=\"405\">4.8KWH<\/td>\n<\/tr>\n<tr>\n<td><\/td>\n<\/tr>\n<\/tbody>\n<\/table>\n<\/td>\n<\/tr>\n<tr>\n<td width=\"315\">Vida \u00fatil do ciclo<\/td>\n<td width=\"300\">\u00a0\u2265 4000 Ciclos @80% DOD<\/td>\n<\/tr>\n<tr>\n<td width=\"315\">Faixa de voltagem de opera\u00e7\u00e3o<\/td>\n<td width=\"300\">\n<table>\n<tbody>\n<tr>\n<td>40.5V~54.75V<\/td>\n<\/tr>\n<tr>\n<td><\/td>\n<\/tr>\n<\/tbody>\n<\/table>\n<\/td>\n<\/tr>\n<tr>\n<td width=\"315\">Corrente m\u00e1xima de carga<\/td>\n<td width=\"300\">100A<\/td>\n<\/tr>\n<tr>\n<td width=\"315\">Corrente m\u00e1xima de descarga<\/td>\n<td width=\"300\">100A<\/td>\n<\/tr>\n<tr>\n<td width=\"315\">Voltagem final de carga<\/td>\n<td width=\"300\">56.5V<\/td>\n<\/tr>\n<tr>\n<td width=\"315\">Dimens\u00f5es (C x L x A)<\/td>\n<td width=\"300\">\n<table>\n<tbody>\n<tr>\n<td width=\"405\">530x440x132mm<\/td>\n<\/tr>\n<tr>\n<td><\/td>\n<\/tr>\n<\/tbody>\n<\/table>\n<\/td>\n<\/tr>\n<tr>\n<td width=\"315\">Peso unit\u00e1rio<\/td>\n<td width=\"300\">40Kg<\/td>\n<\/tr>\n<tr>\n<td width=\"315\">Comunica\u00e7\u00e3o:<\/td>\n<td width=\"300\">RS485 \/ RS232<\/td>\n<\/tr>\n<tr>\n<td width=\"315\">M\u00f3dulo em paralelo<\/td>\n<td width=\"300\">Suporta at\u00e9 10 packs<\/td>\n<\/tr>\n<tr>\n<td width=\"315\">Prote\u00e7\u00e3o do BMS (Sistema de Gerenciamento de Bateria):<\/td>\n<td width=\"300\">Suportada<\/td>\n<\/tr>\n<tr>\n<td width=\"315\">Faixa de temperatura de carga<\/td>\n<td width=\"300\">0~45\u2103<\/td>\n<\/tr>\n<tr>\n<td width=\"315\">Faixa de temperatura de descarga<\/td>\n<td width=\"300\">-20~60\u2103<\/td>\n<\/tr>\n<tr>\n<td width=\"315\">Certifica\u00e7\u00f5es:<\/td>\n<td width=\"300\">ISO \/ UL \/ IEC \/CE \/ UN38.3 \/MSDS<\/td>\n<\/tr>\n<\/tbody>\n<\/table>\n<p>&nbsp;<\/p>\n<p><strong>Principais Caracter\u00edsticas:<\/strong><\/p>\n<ul>\n<li>Com design SOC<\/li>\n<li>Suporte para monitoramento remoto.<\/li>\n<li>Suporte para descarga de alta pot\u00eancia<\/li>\n<li>Mais compacta, mais leve e com vida \u00fatil mais longa.<\/li>\n<\/ul>\n<p>&nbsp;<\/p>\n<p><strong>Vantagens da Bateria:<\/strong><\/p>\n<ul>\n<li>C\u00e9lulas de alta qualidade, classificadas como grau A, aprovadas no teste UL1973.<\/li>\n<li>Vida \u00fatil longa.<\/li>\n<li>Alta efici\u00eancia na pot\u00eancia de sa\u00edda: &gt;96%.<\/li>\n<li>Baterias com baixa auto-descarga.<\/li>\n<li>Com prote\u00e7\u00e3o inteligente do BMS (Sistema de Gerenciamento de Bateria), mais seguras.<\/li>\n<li>Tamanho pequeno, peso leve (30% do tamanho\/peso das baterias de \u00e1cido chumbo).<\/li>\n<li>Baterias ecol\u00f3gicas.<\/li>\n<\/ul>\n<p>&nbsp;<\/p>\n<p><strong>Aplica\u00e7\u00f5es:<\/strong><\/p>\n<ul>\n<li>Sistemas de Telecomunica\u00e7\u00f5es<\/li>\n<li>Esta\u00e7\u00e3o de Transceptor Base (BTS)<\/li>\n<li>Sistema de Armazenamento Solar<\/li>\n<li>Equipamentos de Comunica\u00e7\u00e3o<\/li>\n<li>Central de Telefonia<\/li>\n<li>Registradoras Eletr\u00f4nicas<\/li>\n<li>M\u00e1quinas de Escrit\u00f3rio Baseadas em Microprocessadores.<\/li>\n<li><span style=\"letter-spacing: 0px;\">\u00a0UPS (Fonte de Alimenta\u00e7\u00e3o Ininterrupta)<\/span><\/li>\n<\/ul>\n","protected":false},"excerpt":{"rendered":"<p>Vis\u00e3o Geral: A bateria MOTOMA da s\u00e9rie M, desenvolvida com&hellip;<\/p>\n","protected":false},"featured_media":24855,"template":"","meta":{"content-type":"","om_disable_all_campaigns":false,"_monsterinsights_skip_tracking":false,"_monsterinsights_sitenote_active":false,"_monsterinsights_sitenote_note":"","_monsterinsights_sitenote_category":0},"product_brand":[],"product_cat":[72,224],"product_tag":[],"class_list":{"0":"post-24853","1":"product","2":"type-product","3":"status-publish","4":"has-post-thumbnail","6":"product_cat-lithium-battery","7":"product_cat-telecom-station-lithium-battery","9":"first","10":"instock","11":"shipping-taxable","12":"product-type-simple"},"_links":{"self":[{"href":"https:\/\/motoma.cn\/pt\/wp-json\/wp\/v2\/product\/24853","targetHints":{"allow":["GET"]}}],"collection":[{"href":"https:\/\/motoma.cn\/pt\/wp-json\/wp\/v2\/product"}],"about":[{"href":"https:\/\/motoma.cn\/pt\/wp-json\/wp\/v2\/types\/product"}],"version-history":[{"count":11,"href":"https:\/\/motoma.cn\/pt\/wp-json\/wp\/v2\/product\/24853\/revisions"}],"predecessor-version":[{"id":30905,"href":"https:\/\/motoma.cn\/pt\/wp-json\/wp\/v2\/product\/24853\/revisions\/30905"}],"wp:featuredmedia":[{"embeddable":true,"href":"https:\/\/motoma.cn\/pt\/wp-json\/wp\/v2\/media\/24855"}],"wp:attachment":[{"href":"https:\/\/motoma.cn\/pt\/wp-json\/wp\/v2\/media?parent=24853"}],"wp:term":[{"taxonomy":"product_brand","embeddable":true,"href":"https:\/\/motoma.cn\/pt\/wp-json\/wp\/v2\/product_brand?post=24853"},{"taxonomy":"product_cat","embeddable":true,"href":"https:\/\/motoma.cn\/pt\/wp-json\/wp\/v2\/product_cat?post=24853"},{"taxonomy":"product_tag","embeddable":true,"href":"https:\/\/motoma.cn\/pt\/wp-json\/wp\/v2\/product_tag?post=24853"}],"curies":[{"name":"wp","href":"https:\/\/api.w.org\/{rel}","templated":true}]}}