

{"id":24866,"date":"2023-08-23T19:54:49","date_gmt":"2023-08-23T19:54:49","guid":{"rendered":"https:\/\/motoma.cn\/pt\/?post_type=product&#038;p=24866"},"modified":"2025-02-19T12:22:58","modified_gmt":"2025-02-19T12:22:58","slug":"12-8v-100ah-1-28-kwh-m47","status":"publish","type":"product","link":"https:\/\/motoma.cn\/pt\/product\/12-8v-100ah-1-28-kwh-m47\/","title":{"rendered":"12.8V 100AH \/ 1.28 KWH (M47)"},"content":{"rendered":"<p><strong>Vis\u00e3o Geral<\/strong><strong>:<\/strong><\/p>\n<p>O pacote de bateria de \u00edon de l\u00edtio da s\u00e9rie 12.8V \u00e9 projetado com um estojo de grau pr\u00e1tico feito de material ABS, que \u00e9 resistente e n\u00e3o inflam\u00e1vel. Adota o processo de soldagem a laser da barra de \u00f4nibus da c\u00e9lula de bateria de pot\u00eancia de grau automotivo, com caracter\u00edsticas de concentra\u00e7\u00e3o de energia, efici\u00eancia de soldagem elevada, grande propor\u00e7\u00e3o de aspecto da costura de solda e alta resist\u00eancia \u00e0 soldagem, pequena entrada de calor e pequena \u00e1rea afetada pelo calor, etc. Adota tecnologia avan\u00e7ada de placa de fixa\u00e7\u00e3o e parafuso para garantir a estabilidade da bateria.<\/p>\n<p>&nbsp;<\/p>\n<p><strong>Par\u00e2metros da Bateria:<\/strong><\/p>\n<table>\n<tbody>\n<tr>\n<td width=\"315\">N\u00famero do modelo da bateria<\/td>\n<td width=\"300\">M47<\/td>\n<\/tr>\n<tr>\n<td width=\"315\">Voltagem nominal:<\/td>\n<td width=\"300\">12.8V<\/td>\n<\/tr>\n<tr>\n<td width=\"315\">Capacidade nominal<\/td>\n<td width=\"300\">100Ah<\/td>\n<\/tr>\n<tr>\n<td width=\"315\">Capacidade de energia:<\/td>\n<td width=\"300\">1.28KWH<\/td>\n<\/tr>\n<tr>\n<td width=\"315\">Vida \u00fatil do ciclo<\/td>\n<td width=\"300\">\u00a0\u2265 4000 Ciclos @80% DOD<\/td>\n<\/tr>\n<tr>\n<td width=\"315\">Faixa de voltagem de opera\u00e7\u00e3o<\/td>\n<td width=\"300\">10V-14.6V<\/td>\n<\/tr>\n<tr>\n<td width=\"315\">Corrente m\u00e1xima de carga<\/td>\n<td width=\"300\">100A<\/td>\n<\/tr>\n<tr>\n<td width=\"315\">Corrente m\u00e1xima de descarga<\/td>\n<td width=\"300\">100A<\/td>\n<\/tr>\n<tr>\n<td width=\"315\">Voltagem final de carga<\/td>\n<td width=\"300\">14.6V<\/td>\n<\/tr>\n<tr>\n<td width=\"315\">Dimens\u00f5es (C x L x A)<\/td>\n<td width=\"300\">330*172*215mm<\/td>\n<\/tr>\n<tr>\n<td width=\"315\">Peso unit\u00e1rio:<\/td>\n<td width=\"300\">12Kg<\/td>\n<\/tr>\n<tr>\n<td width=\"315\">N\u00edvel de Prote\u00e7\u00e3o IP<\/td>\n<td width=\"300\">IP65<\/td>\n<\/tr>\n<tr>\n<td width=\"315\">Suporte de bateria em S\u00e9rie<\/td>\n<td width=\"300\">4 unidades, m\u00e1ximo 51.2V<\/td>\n<\/tr>\n<tr>\n<td width=\"315\">Prote\u00e7\u00e3o do BMS (Sistema de Gerenciamento de Bateria)<\/td>\n<td width=\"300\">Suportada<\/td>\n<\/tr>\n<tr>\n<td width=\"315\">Faixa de temperatura de carga<\/td>\n<td width=\"300\">0~45\u2103<\/td>\n<\/tr>\n<tr>\n<td width=\"315\">Faixa de temperatura de descarga<\/td>\n<td width=\"300\">-20~60\u2103<\/td>\n<\/tr>\n<tr>\n<td width=\"315\">Certifica\u00e7\u00f5es:<\/td>\n<td width=\"300\">ISO \/ UL \/ IEC \/CE \/ UN38.3 \/MSDS<\/td>\n<\/tr>\n<\/tbody>\n<\/table>\n<p>&nbsp;<\/p>\n<p><strong>Principais Caracter\u00edsticas<\/strong><strong>:<\/strong><\/p>\n<ul>\n<li data-start=\"0\" data-end=\"54\">F\u00e1cil substitui\u00e7\u00e3o da bateria de chumbo-\u00e1cido.<\/li>\n<li data-start=\"55\" data-end=\"78\">Com design SOC.<\/li>\n<li data-start=\"79\" data-end=\"126\">Suporte para descarga de alta pot\u00eancia.<\/li>\n<li data-start=\"127\" data-end=\"172\" data-is-last-node=\"\">Menor, mais leve e com maior vida \u00fatil.<\/li>\n<\/ul>\n<p>&nbsp;<\/p>\n<p><strong>Vantagens da Bateria:<\/strong><\/p>\n<ul>\n<li>C\u00e9lulas de alta qualidade, classificadas como grau A, aprovadas no teste UL1973.<\/li>\n<li>Vida \u00fatil longa.<\/li>\n<li>Alta efici\u00eancia na pot\u00eancia de sa\u00edda: &gt;96%.<\/li>\n<li>Baterias com baixa auto-descarga.<\/li>\n<li>Com prote\u00e7\u00e3o inteligente do BMS (Sistema de Gerenciamento de Bateria), mais seguras.<\/li>\n<li>Peso leve (30% do peso das baterias de \u00e1cido chumbo).<\/li>\n<li>Baterias ecol\u00f3gicas.<\/li>\n<\/ul>\n<p>&nbsp;<\/p>\n<p><strong>Aplica\u00e7\u00f5es:<\/strong><\/p>\n<ul>\n<li>UPS (Fonte de Alimenta\u00e7\u00e3o Ininterrupta)<\/li>\n<li>RV (Ve\u00edculo Recreativo)<\/li>\n<li>Motorhome<\/li>\n<li>N\u00e1utica, Camping<\/li>\n<li>Sistema Solar Off-grid<\/li>\n<li>Sistema Solar Residencial<\/li>\n<li>Telecomunica\u00e7\u00f5es<\/li>\n<li>Backup (Reserva de Energia).<\/li>\n<\/ul>\n","protected":false},"excerpt":{"rendered":"<p>Vis\u00e3o Geral: O pacote de bateria de \u00edon de l\u00edtio&hellip;<\/p>\n","protected":false},"featured_media":24868,"template":"","meta":{"content-type":"","om_disable_all_campaigns":false,"_monsterinsights_skip_tracking":false,"_monsterinsights_sitenote_active":false,"_monsterinsights_sitenote_note":"","_monsterinsights_sitenote_category":0},"product_brand":[],"product_cat":[72,225],"product_tag":[],"class_list":{"0":"post-24866","1":"product","2":"type-product","3":"status-publish","4":"has-post-thumbnail","6":"product_cat-lithium-battery","7":"product_cat-ups-lithium-battery","9":"first","10":"instock","11":"shipping-taxable","12":"product-type-simple"},"_links":{"self":[{"href":"https:\/\/motoma.cn\/pt\/wp-json\/wp\/v2\/product\/24866","targetHints":{"allow":["GET"]}}],"collection":[{"href":"https:\/\/motoma.cn\/pt\/wp-json\/wp\/v2\/product"}],"about":[{"href":"https:\/\/motoma.cn\/pt\/wp-json\/wp\/v2\/types\/product"}],"version-history":[{"count":11,"href":"https:\/\/motoma.cn\/pt\/wp-json\/wp\/v2\/product\/24866\/revisions"}],"predecessor-version":[{"id":31397,"href":"https:\/\/motoma.cn\/pt\/wp-json\/wp\/v2\/product\/24866\/revisions\/31397"}],"wp:featuredmedia":[{"embeddable":true,"href":"https:\/\/motoma.cn\/pt\/wp-json\/wp\/v2\/media\/24868"}],"wp:attachment":[{"href":"https:\/\/motoma.cn\/pt\/wp-json\/wp\/v2\/media?parent=24866"}],"wp:term":[{"taxonomy":"product_brand","embeddable":true,"href":"https:\/\/motoma.cn\/pt\/wp-json\/wp\/v2\/product_brand?post=24866"},{"taxonomy":"product_cat","embeddable":true,"href":"https:\/\/motoma.cn\/pt\/wp-json\/wp\/v2\/product_cat?post=24866"},{"taxonomy":"product_tag","embeddable":true,"href":"https:\/\/motoma.cn\/pt\/wp-json\/wp\/v2\/product_tag?post=24866"}],"curies":[{"name":"wp","href":"https:\/\/api.w.org\/{rel}","templated":true}]}}