

{"id":24875,"date":"2023-08-23T20:00:38","date_gmt":"2023-08-23T20:00:38","guid":{"rendered":"https:\/\/motoma.cn\/pt\/?post_type=product&#038;p=24875"},"modified":"2025-02-19T18:00:10","modified_gmt":"2025-02-19T18:00:10","slug":"12-8v-20ah-0-25-kwh","status":"publish","type":"product","link":"https:\/\/motoma.cn\/pt\/product\/12-8v-20ah-0-25-kwh\/","title":{"rendered":"12.8V 20AH \/ 0.25 KWH"},"content":{"rendered":"<p><strong>Vis\u00e3o Geral:<\/strong><\/p>\n<p>A s\u00e9rie de baterias de fosfato de ferro e l\u00edtio (LiFePO4) de 12.8V \u00e9 projetada com um estojo de qualidade pr\u00e1tica feito de material ABS, que \u00e9 resistente e n\u00e3o inflam\u00e1vel.<br \/>\nAdotando o processo de soldagem a laser de bateria de pot\u00eancia de qualidade automotiva para barra coletora de c\u00e9lulas, com caracter\u00edsticas de concentra\u00e7\u00e3o de energia, alta efici\u00eancia de soldagem, grande rela\u00e7\u00e3o de aspecto de costura de soldagem e alta resist\u00eancia \u00e0 soldagem, com baixo input t\u00e9rmico e pequena \u00e1rea afetada pelo calor etc.<br \/>\nAdotando tecnologia avan\u00e7ada de placa de fixa\u00e7\u00e3o e parafuso para garantir a estabilidade da bateria.<\/p>\n<p>&nbsp;<\/p>\n<p><strong>Par\u00e2metros da Bateria:<\/strong><\/p>\n<table>\n<tbody>\n<tr>\n<td width=\"315\">N\u00famero do modelo da bateria:<\/td>\n<td width=\"300\">\n<table>\n<tbody>\n<tr>\n<td width=\"319\">12.8V 20Ah<\/td>\n<\/tr>\n<tr>\n<td><\/td>\n<\/tr>\n<\/tbody>\n<\/table>\n<\/td>\n<\/tr>\n<tr>\n<td width=\"315\">Voltagem nominal<\/td>\n<td width=\"300\">12.8V<\/td>\n<\/tr>\n<tr>\n<td width=\"315\">Capacidade nominal:<\/td>\n<td width=\"300\">20Ah<\/td>\n<\/tr>\n<tr>\n<td width=\"315\">Capacidade de energia:<\/td>\n<td width=\"300\">\n<table>\n<tbody>\n<tr>\n<td width=\"405\">0.256 KWH<\/td>\n<\/tr>\n<tr>\n<td><\/td>\n<\/tr>\n<\/tbody>\n<\/table>\n<\/td>\n<\/tr>\n<tr>\n<td width=\"315\">Ciclo de vida:<\/td>\n<td width=\"300\">\u00a0\u2265 4000 Ciclos @80% DOD<\/td>\n<\/tr>\n<tr>\n<td width=\"315\">Faixa de voltagem operacional:<\/td>\n<td width=\"300\">\n<table>\n<tbody>\n<tr>\n<td>\n<table>\n<tbody>\n<tr>\n<td width=\"319\">10V-14.6V<\/td>\n<\/tr>\n<tr>\n<td><\/td>\n<\/tr>\n<\/tbody>\n<\/table>\n<\/td>\n<\/tr>\n<tr>\n<td><\/td>\n<\/tr>\n<\/tbody>\n<\/table>\n<\/td>\n<\/tr>\n<tr>\n<td width=\"315\">Corrente m\u00e1xima de carga:<\/td>\n<td width=\"300\">20A<\/td>\n<\/tr>\n<tr>\n<td width=\"315\">Corrente m\u00e1xima de descarga<\/td>\n<td width=\"300\">20A<\/td>\n<\/tr>\n<tr>\n<td width=\"315\">Voltagem final de carga:<\/td>\n<td width=\"300\">14.6V<\/td>\n<\/tr>\n<tr>\n<td width=\"315\">Dimens\u00f5es (C x L x A):<\/td>\n<td width=\"300\">\n<table>\n<tbody>\n<tr>\n<td width=\"405\">\n<table>\n<tbody>\n<tr>\n<td width=\"319\">\n<table>\n<tbody>\n<tr>\n<td width=\"319\">\n<table>\n<tbody>\n<tr>\n<td width=\"319\">\n<table>\n<tbody>\n<tr>\n<td width=\"319\">181*77*167mm<\/td>\n<\/tr>\n<tr>\n<td><\/td>\n<\/tr>\n<\/tbody>\n<\/table>\n<\/td>\n<\/tr>\n<tr>\n<td><\/td>\n<\/tr>\n<\/tbody>\n<\/table>\n<\/td>\n<\/tr>\n<tr>\n<td><\/td>\n<\/tr>\n<\/tbody>\n<\/table>\n<\/td>\n<\/tr>\n<tr>\n<td><\/td>\n<\/tr>\n<\/tbody>\n<\/table>\n<\/td>\n<\/tr>\n<tr>\n<td><\/td>\n<\/tr>\n<\/tbody>\n<\/table>\n<\/td>\n<\/tr>\n<tr>\n<td width=\"315\">Peso da unidade:<\/td>\n<td width=\"300\">2.2Kg<\/td>\n<\/tr>\n<tr>\n<td width=\"315\">N\u00edvel de prote\u00e7\u00e3o IP<\/td>\n<td width=\"300\">IP65<\/td>\n<\/tr>\n<tr>\n<td width=\"315\">Suporte para bateria em s\u00e9rie<\/td>\n<td width=\"300\">4 unidades m\u00e1ximo 51.2V<\/td>\n<\/tr>\n<tr>\n<td width=\"315\">Prote\u00e7\u00e3o do BMS<\/td>\n<td width=\"300\">Suporte<\/td>\n<\/tr>\n<tr>\n<td width=\"315\">Faixa de temperatura de carregamento<\/td>\n<td width=\"300\">0~45\u2103<\/td>\n<\/tr>\n<tr>\n<td width=\"315\">Faixa de temperatura de descarregamento<\/td>\n<td width=\"300\">-20~60\u2103<\/td>\n<\/tr>\n<tr>\n<td width=\"315\">Certifica\u00e7\u00e3o<\/td>\n<td width=\"300\">ISO \/ UL \/ IEC \/CE \/ UN38.3 \/MSDS<\/td>\n<\/tr>\n<\/tbody>\n<\/table>\n<h4><\/h4>\n<p><strong>Principais Caracter\u00edsticas:<\/strong><\/p>\n<ul>\n<li data-start=\"0\" data-end=\"54\">F\u00e1cil substitui\u00e7\u00e3o da bateria de chumbo-\u00e1cido.<\/li>\n<li data-start=\"55\" data-end=\"78\">Com design SOC.<\/li>\n<li data-start=\"79\" data-end=\"126\">Suporte para descarga de alta pot\u00eancia.<\/li>\n<li data-start=\"127\" data-end=\"172\" data-is-last-node=\"\">Menor, mais leve e com maior vida \u00fatil.<\/li>\n<\/ul>\n<p>&nbsp;<\/p>\n<p><strong>Vantagens da Bateria<\/strong><\/p>\n<ul>\n<li>C\u00e9lulas de qualidade superior, aprovadas no teste UL1973<\/li>\n<li>Vida \u00fatil longa<\/li>\n<li>Alta efici\u00eancia na pot\u00eancia de sa\u00edda &gt;96%<\/li>\n<li>Baterias com baixa autodescarga<\/li>\n<li>Com prote\u00e7\u00e3o inteligente BMS, mais segura<\/li>\n<li>Peso leve (30% do peso das baterias de \u00e1cido chumbo)<\/li>\n<li>Baterias ecol\u00f3gicas<\/li>\n<\/ul>\n<p>&nbsp;<\/p>\n<p><strong>Aplica\u00e7\u00e3o:<\/strong><\/p>\n<ul>\n<li>UPS (Fonte de Alimenta\u00e7\u00e3o Ininterrupta)<\/li>\n<li>RV (Ve\u00edculo Recreativo)<\/li>\n<li>Motorhome<\/li>\n<li>Mar\u00edtimo, Camping<\/li>\n<li>Sistema Solar Aut\u00f4nomo<\/li>\n<li>Sistema Solar Residencial<\/li>\n<li>Telecomunica\u00e7\u00f5es<\/li>\n<li>Backup (Reserva de Energia).<\/li>\n<\/ul>\n","protected":false},"excerpt":{"rendered":"<p>Vis\u00e3o Geral: A s\u00e9rie de baterias de fosfato de ferro&hellip;<\/p>\n","protected":false},"featured_media":24877,"template":"","meta":{"content-type":"","om_disable_all_campaigns":false,"_monsterinsights_skip_tracking":false,"_monsterinsights_sitenote_active":false,"_monsterinsights_sitenote_note":"","_monsterinsights_sitenote_category":0},"product_brand":[],"product_cat":[72,225],"product_tag":[],"class_list":{"0":"post-24875","1":"product","2":"type-product","3":"status-publish","4":"has-post-thumbnail","6":"product_cat-lithium-battery","7":"product_cat-ups-lithium-battery","9":"first","10":"instock","11":"shipping-taxable","12":"product-type-simple"},"_links":{"self":[{"href":"https:\/\/motoma.cn\/pt\/wp-json\/wp\/v2\/product\/24875","targetHints":{"allow":["GET"]}}],"collection":[{"href":"https:\/\/motoma.cn\/pt\/wp-json\/wp\/v2\/product"}],"about":[{"href":"https:\/\/motoma.cn\/pt\/wp-json\/wp\/v2\/types\/product"}],"version-history":[{"count":10,"href":"https:\/\/motoma.cn\/pt\/wp-json\/wp\/v2\/product\/24875\/revisions"}],"predecessor-version":[{"id":31399,"href":"https:\/\/motoma.cn\/pt\/wp-json\/wp\/v2\/product\/24875\/revisions\/31399"}],"wp:featuredmedia":[{"embeddable":true,"href":"https:\/\/motoma.cn\/pt\/wp-json\/wp\/v2\/media\/24877"}],"wp:attachment":[{"href":"https:\/\/motoma.cn\/pt\/wp-json\/wp\/v2\/media?parent=24875"}],"wp:term":[{"taxonomy":"product_brand","embeddable":true,"href":"https:\/\/motoma.cn\/pt\/wp-json\/wp\/v2\/product_brand?post=24875"},{"taxonomy":"product_cat","embeddable":true,"href":"https:\/\/motoma.cn\/pt\/wp-json\/wp\/v2\/product_cat?post=24875"},{"taxonomy":"product_tag","embeddable":true,"href":"https:\/\/motoma.cn\/pt\/wp-json\/wp\/v2\/product_tag?post=24875"}],"curies":[{"name":"wp","href":"https:\/\/api.w.org\/{rel}","templated":true}]}}