

{"id":24919,"date":"2023-08-23T22:39:05","date_gmt":"2023-08-23T22:39:05","guid":{"rendered":"https:\/\/motoma.cn\/pt\/?post_type=product&#038;p=24919"},"modified":"2024-04-19T14:12:04","modified_gmt":"2024-04-19T14:12:04","slug":"51-2v-300ah-15-36-kwh-bess-m89","status":"publish","type":"product","link":"https:\/\/motoma.cn\/pt\/product\/51-2v-300ah-15-36-kwh-bess-m89\/","title":{"rendered":"51.2V 300AH \/ 15.36 KWH BESS (M89)"},"content":{"rendered":"<p><strong>Vis\u00e3o Geral:<\/strong><br \/>\nA bateria MOTOMA da s\u00e9rie M, projetada com uma vida \u00fatil de 15 anos ou mais para uso geral, \u00e9 concebida com tecnologia avan\u00e7ada. Possui um BMS (Sistema de Gerenciamento de Bateria) inteligente embutido para maior seguran\u00e7a, com design de SOC (Estado de Carga) e protocolo de comunica\u00e7\u00e3o para se adequar a inversores de diferentes marcas. Al\u00e9m disso, a Motoma pode fornecer software personalizado para computador superior para comunica\u00e7\u00e3o com o BMS via RS232, permitindo configurar par\u00e2metros ou ler dados de monitoramentoa.<\/p>\n<p>&nbsp;<\/p>\n<p><strong>Par\u00e2metros da Bateria:<\/strong><\/p>\n<table>\n<tbody>\n<tr>\n<td width=\"315\">N\u00famero do modelo da bateria<\/td>\n<td width=\"300\">M89<\/td>\n<\/tr>\n<tr>\n<td width=\"315\">Voltagem nominal:<\/td>\n<td width=\"300\">51.2V<\/td>\n<\/tr>\n<tr>\n<td width=\"315\">Capacidade nominal<\/td>\n<td width=\"300\">300Ah<\/td>\n<\/tr>\n<tr>\n<td width=\"315\">Capacidade de energia<\/td>\n<td width=\"300\">15.36KWH<\/td>\n<\/tr>\n<tr>\n<td width=\"315\">Vida \u00fatil do ciclo<\/td>\n<td width=\"300\">\u00a0\u2265 6000 cycles @80% DOD<\/td>\n<\/tr>\n<tr>\n<td width=\"315\">Faixa de voltagem de opera\u00e7\u00e3o<\/td>\n<td width=\"300\">43.2V-58.4V<\/td>\n<\/tr>\n<tr>\n<td width=\"315\">Corrente m\u00e1xima de carga<\/td>\n<td width=\"300\">150A<\/td>\n<\/tr>\n<tr>\n<td width=\"315\">Corrente m\u00e1xima de descarga<\/td>\n<td width=\"300\">150A<\/td>\n<\/tr>\n<tr>\n<td width=\"315\">Voltagem final de carga:<\/td>\n<td width=\"300\">58.4V<\/td>\n<\/tr>\n<tr>\n<td width=\"315\">Dimens\u00f5es (C x L x A)<\/td>\n<td width=\"300\">800*650*200mm<\/td>\n<\/tr>\n<tr>\n<td width=\"315\">Peso unit\u00e1rio<\/td>\n<td width=\"300\">\n<table>\n<tbody>\n<tr>\n<td width=\"346\">136Kg<\/td>\n<\/tr>\n<tr>\n<td><\/td>\n<\/tr>\n<\/tbody>\n<\/table>\n<\/td>\n<\/tr>\n<tr>\n<td width=\"315\">Comunica\u00e7\u00e3o:<\/td>\n<td width=\"300\">CAN\/RS232\/RS485<\/td>\n<\/tr>\n<tr>\n<td width=\"315\">M\u00f3dulo em paralelo<\/td>\n<td width=\"300\">Suporta at\u00e9 15 packs<\/td>\n<\/tr>\n<tr>\n<td width=\"315\">Prote\u00e7\u00e3o do BMS (Sistema de Gerenciamento de Bateria)<\/td>\n<td width=\"300\">Suportada<\/td>\n<\/tr>\n<tr>\n<td width=\"315\">Faixa de temperatura de carga<\/td>\n<td width=\"300\">0~45\u2103<\/td>\n<\/tr>\n<tr>\n<td width=\"315\">Faixa de temperatura de descarga<\/td>\n<td width=\"300\">-20~60\u2103<\/td>\n<\/tr>\n<tr>\n<td width=\"315\">Certifica\u00e7\u00f5es:<\/td>\n<td width=\"300\">ISO \/ UL \/ IEC \/CE \/ UN38.3 \/MSDS<\/td>\n<\/tr>\n<\/tbody>\n<\/table>\n<p>&nbsp;<\/p>\n<p><strong>Principais Caracter\u00edsticas:<\/strong><\/p>\n<ul>\n<li>Com design SOC (Estado de Carga).<\/li>\n<li>Suporte para monitoramento remoto.<\/li>\n<li>Suporte para monitoramento via Bluetooth e aplicativo m\u00f3vel.<\/li>\n<li>Suporte para descarga de alta pot\u00eancia.<\/li>\n<li>Mais compacta, mais leve e com vida \u00fatil mais longa<\/li>\n<\/ul>\n<p>&nbsp;<\/p>\n<p><strong>Vantagens da Bateria:<\/strong><\/p>\n<ul>\n<li>C\u00e9lulas de alta qualidade, classificadas como grau A, aprovadas no teste UL1973<\/li>\n<li>Vida \u00fatil longa<\/li>\n<li>Alta efici\u00eancia na pot\u00eancia de sa\u00edda: &gt;96%<\/li>\n<li>Baterias com baixa auto-descarga.<\/li>\n<li>Com prote\u00e7\u00e3o inteligente do BMS (Sistema de Gerenciamento de Bateria), mais seguras.<\/li>\n<li>Tamanho pequeno, peso leve (30% do tamanho\/peso das baterias de \u00e1cido chumbo)<\/li>\n<li>Baterias ecol\u00f3gicas.<\/li>\n<\/ul>\n<p>&nbsp;<\/p>\n<p><strong>Aplica\u00e7\u00f5es:<\/strong><\/p>\n<ul>\n<li>Sistema de Gera\u00e7\u00e3o de Energia (Solar ou E\u00f3lica)<\/li>\n<li>Sistema de Armazenamento de Energia Residencial<\/li>\n<li>Sistema de Controle Autom\u00e1tico e Caixa Eletr\u00f4nico (ATM)<\/li>\n<li>Aparelhos e Equipamentos Eletr\u00f4nicos<\/li>\n<li>Luz de Emerg\u00eancia e Backup de Emerg\u00eancia<\/li>\n<li>Fonte de Alimenta\u00e7\u00e3o e Sistema de Alarme\/Seguran\u00e7a<\/li>\n<li>Energia de Comunica\u00e7\u00e3o e Energia CC<\/li>\n<li>Sistema de Energia El\u00e9trica (EPS)<\/li>\n<li>Sistema de Energia Ininterrupta (UPS)<\/li>\n<\/ul>\n","protected":false},"excerpt":{"rendered":"<p>Vis\u00e3o Geral: A bateria MOTOMA da s\u00e9rie M, projetada com&hellip;<\/p>\n","protected":false},"featured_media":24921,"template":"","meta":{"content-type":"","om_disable_all_campaigns":false,"_monsterinsights_skip_tracking":false,"_monsterinsights_sitenote_active":false,"_monsterinsights_sitenote_note":"","_monsterinsights_sitenote_category":0},"product_brand":[],"product_cat":[72,223],"product_tag":[],"class_list":{"0":"post-24919","1":"product","2":"type-product","3":"status-publish","4":"has-post-thumbnail","6":"product_cat-lithium-battery","7":"product_cat-residential-storage-lithium-battery","9":"first","10":"instock","11":"virtual","12":"product-type-simple"},"_links":{"self":[{"href":"https:\/\/motoma.cn\/pt\/wp-json\/wp\/v2\/product\/24919","targetHints":{"allow":["GET"]}}],"collection":[{"href":"https:\/\/motoma.cn\/pt\/wp-json\/wp\/v2\/product"}],"about":[{"href":"https:\/\/motoma.cn\/pt\/wp-json\/wp\/v2\/types\/product"}],"version-history":[{"count":22,"href":"https:\/\/motoma.cn\/pt\/wp-json\/wp\/v2\/product\/24919\/revisions"}],"predecessor-version":[{"id":24942,"href":"https:\/\/motoma.cn\/pt\/wp-json\/wp\/v2\/product\/24919\/revisions\/24942"}],"wp:featuredmedia":[{"embeddable":true,"href":"https:\/\/motoma.cn\/pt\/wp-json\/wp\/v2\/media\/24921"}],"wp:attachment":[{"href":"https:\/\/motoma.cn\/pt\/wp-json\/wp\/v2\/media?parent=24919"}],"wp:term":[{"taxonomy":"product_brand","embeddable":true,"href":"https:\/\/motoma.cn\/pt\/wp-json\/wp\/v2\/product_brand?post=24919"},{"taxonomy":"product_cat","embeddable":true,"href":"https:\/\/motoma.cn\/pt\/wp-json\/wp\/v2\/product_cat?post=24919"},{"taxonomy":"product_tag","embeddable":true,"href":"https:\/\/motoma.cn\/pt\/wp-json\/wp\/v2\/product_tag?post=24919"}],"curies":[{"name":"wp","href":"https:\/\/api.w.org\/{rel}","templated":true}]}}