

{"id":28846,"date":"2023-08-17T19:00:06","date_gmt":"2023-08-17T19:00:06","guid":{"rendered":"https:\/\/motoma.cn\/pt\/?post_type=product&#038;p=28846"},"modified":"2025-02-17T09:58:34","modified_gmt":"2025-02-17T09:58:34","slug":"axpert-vm-ii-premium-3-kw","status":"publish","type":"product","link":"https:\/\/motoma.cn\/pt\/product\/axpert-vm-ii-premium-3-kw\/","title":{"rendered":"Axpert VM II Premium 3 KW"},"content":{"rendered":"<p><strong>Vis\u00e3o Geral:<\/strong><\/p>\n<p>Este \u00e9 um inversor\/carregador multifuncional que combina as fun\u00e7\u00f5es de inversor, carregador solar e carregador de bateria para oferecer suporte ininterrupto de energia em um tamanho port\u00e1til. Seu visor LCD abrangente oferece opera\u00e7\u00e3o configur\u00e1vel pelo usu\u00e1rio e f\u00e1cil acesso por meio de bot\u00f5es, como corrente de carga da bateria, prioridade do carregador AC\/solar e voltagem de entrada aceit\u00e1vel com base em diferentes aplica\u00e7\u00f5es.<\/p>\n<p>&nbsp;<\/p>\n<p><strong>Principais Caracter\u00edsticas:<\/strong><\/p>\n<ul>\n<li>Inversor solar de onda senoidal pura<\/li>\n<li>Porta de comunica\u00e7\u00e3o reservada para BMS<\/li>\n<li>Ampla faixa de entrada PV<\/li>\n<li>Design independente de bateria<\/li>\n<li>Carregador solar MPPT integrado de 100A<\/li>\n<li>Wi-Fi integrado para monitoramento m\u00f3vel (aplicativo dispon\u00edvel)<\/li>\n<li>Fun\u00e7\u00e3o de equaliza\u00e7\u00e3o de bateria para otimizar o desempenho da bateria e prolongar o ciclo de vida<\/li>\n<li>Kit antip\u00f3 integrado<\/li>\n<li>Garantia de 2 anos<\/li>\n<\/ul>\n","protected":false},"excerpt":{"rendered":"<p>Vis\u00e3o Geral: Este \u00e9 um inversor\/carregador multifuncional que combina as&hellip;<\/p>\n","protected":false},"featured_media":31105,"template":"","meta":{"content-type":"","om_disable_all_campaigns":false,"_monsterinsights_skip_tracking":false,"_monsterinsights_sitenote_active":false,"_monsterinsights_sitenote_note":"","_monsterinsights_sitenote_category":0},"product_brand":[],"product_cat":[182,230],"product_tag":[],"class_list":{"0":"post-28846","1":"product","2":"type-product","3":"status-publish","4":"has-post-thumbnail","6":"product_cat-solar-inverter","7":"product_cat-low-voltage-inverter","9":"first","10":"instock","11":"shipping-taxable","12":"product-type-simple"},"_links":{"self":[{"href":"https:\/\/motoma.cn\/pt\/wp-json\/wp\/v2\/product\/28846","targetHints":{"allow":["GET"]}}],"collection":[{"href":"https:\/\/motoma.cn\/pt\/wp-json\/wp\/v2\/product"}],"about":[{"href":"https:\/\/motoma.cn\/pt\/wp-json\/wp\/v2\/types\/product"}],"version-history":[{"count":18,"href":"https:\/\/motoma.cn\/pt\/wp-json\/wp\/v2\/product\/28846\/revisions"}],"predecessor-version":[{"id":31366,"href":"https:\/\/motoma.cn\/pt\/wp-json\/wp\/v2\/product\/28846\/revisions\/31366"}],"wp:featuredmedia":[{"embeddable":true,"href":"https:\/\/motoma.cn\/pt\/wp-json\/wp\/v2\/media\/31105"}],"wp:attachment":[{"href":"https:\/\/motoma.cn\/pt\/wp-json\/wp\/v2\/media?parent=28846"}],"wp:term":[{"taxonomy":"product_brand","embeddable":true,"href":"https:\/\/motoma.cn\/pt\/wp-json\/wp\/v2\/product_brand?post=28846"},{"taxonomy":"product_cat","embeddable":true,"href":"https:\/\/motoma.cn\/pt\/wp-json\/wp\/v2\/product_cat?post=28846"},{"taxonomy":"product_tag","embeddable":true,"href":"https:\/\/motoma.cn\/pt\/wp-json\/wp\/v2\/product_tag?post=28846"}],"curies":[{"name":"wp","href":"https:\/\/api.w.org\/{rel}","templated":true}]}}