

{"id":30252,"date":"2024-01-06T22:02:51","date_gmt":"2024-01-06T22:02:51","guid":{"rendered":"https:\/\/motoma.cn\/pt\/?post_type=product&#038;p=30252"},"modified":"2025-05-19T14:37:15","modified_gmt":"2025-05-19T14:37:15","slug":"50kw-100kwh-smart-ess-m50-100","status":"publish","type":"product","link":"https:\/\/motoma.cn\/pt\/product\/50kw-100kwh-smart-ess-m50-100\/","title":{"rendered":"50KW\/100KWh Smart ESS (M50-100)"},"content":{"rendered":"<p><strong>Vis\u00e3o geral<\/strong><strong>:<\/strong><\/p>\n<p>A Unidade Smart Ess &#8211; M50-100 em um Gabinete Tudo-em-um consiste em um agrupamento de baterias de energia, inversor h\u00edbrido, sistema de controle de temperatura de frequ\u00eancia vari\u00e1vel, BMS, EMS, sistema combinado de supress\u00e3o de surtos de precis\u00e3o e supress\u00e3o de inc\u00eandios, equipamentos auxiliares el\u00e9tricos e gabinete de chapa de metal resistente \u00e0s condi\u00e7\u00f5es clim\u00e1ticas, e a capacidade do ESS \u00e9 de 50kW\/103,68kWh.<\/p>\n<p>&nbsp;<\/p>\n<p><strong>Principais Caracter\u00edsticas<\/strong><strong>:<\/strong><\/p>\n<p><strong>Seguro:<\/strong><\/p>\n<ul>\n<li>Percep\u00e7\u00e3o el\u00e9trica multidimensional de fus\u00e3o, prote\u00e7\u00e3o de fus\u00edvel em v\u00e1rios n\u00edveis.<\/li>\n<li>Integra\u00e7\u00e3o interna de equipamentos PV\/ESS\/PCS, controle de barramento mais unificado, melhorando a estabilidade do sistema.<\/li>\n<li>Design de pr\u00e9-alerta de termo descontrole precoce, integrando detec\u00e7\u00e3o, supress\u00e3o de inc\u00eandio, detec\u00e7\u00e3o de g\u00e1s combust\u00edvel, preven\u00e7\u00e3o de fuma\u00e7a e fun\u00e7\u00f5es de al\u00edvio de explos\u00e3o, que interagem com BMS e EMS para realizar extin\u00e7\u00e3o de inc\u00eandio direcionada ao n\u00edvel do PACOTE.<\/li>\n<li>Sistema inteligente de controle de temperatura, diferen\u00e7a de temperatura do sistema \u22645\u00b0C, aumentando a vida \u00fatil da bateria em 12%.<\/li>\n<\/ul>\n<p>&nbsp;<\/p>\n<p><strong>Simples:<\/strong><\/p>\n<ul>\n<li>Design tudo-em-um e instala\u00e7\u00e3o modular, um \u00fanico gabinete cobrindo uma \u00e1rea de apenas 1,21m2.<\/li>\n<li>Aplic\u00e1vel a m\u00faltiplos cen\u00e1rios industriais e f\u00e1cil conex\u00e3o \u00e0 rede.<\/li>\n<li>Erro de curto-circuito anti-instala\u00e7\u00e3o, conveniente e seguro para manuten\u00e7\u00e3o.<\/li>\n<li>Expans\u00e3o de capacidade simples cobrindo faixa de pot\u00eancia de 50kW a 300kW.<\/li>\n<li>Prefabrica\u00e7\u00e3o em f\u00e1brica e transporte integrado para reduzir as taxas de transporte, instala\u00e7\u00e3o e comissionamento em 15%.<\/li>\n<\/ul>\n<p><strong>\u00a0<\/strong><\/p>\n<p><strong>Inteligente:<\/strong><\/p>\n<ul>\n<li>Opera\u00e7\u00e3o e manuten\u00e7\u00e3o remota na nuvem, suportando monitoramento remoto e local;<\/li>\n<li>Estrat\u00e9gia de balanceamento inteligente e pr\u00e9-alerta de Al do sistema para garantir a consist\u00eancia do ciclo de vida da bateria;<\/li>\n<li>Suporte \u00e0 fun\u00e7\u00e3o de inicializa\u00e7\u00e3o a frio com fonte de energia confi\u00e1vel no modo off-grid\/micro-grid;<\/li>\n<li>Suporte a m\u00faltiplos modos de opera\u00e7\u00e3o (VPP, conectado \u00e0 rede, off-grid) para melhorar a receita.<\/li>\n<\/ul>\n<p><strong>\u00a0<\/strong><\/p>\n<p><strong>Aplica\u00e7\u00e3o:<\/strong><\/p>\n<ul>\n<li>Estabelecimentos Comerciais<\/li>\n<li>Parque Industrial<\/li>\n<li>Mina<\/li>\n<li>Pastagem<\/li>\n<li>Posto de Gasolina<\/li>\n<li>Ilha<\/li>\n<li>Centro de Dados<\/li>\n<\/ul>\n","protected":false},"excerpt":{"rendered":"<p>Vis\u00e3o geral: A Unidade Smart Ess &#8211; M50-100 em um&hellip;<\/p>\n","protected":false},"featured_media":30254,"template":"","meta":{"content-type":"","om_disable_all_campaigns":false,"_monsterinsights_skip_tracking":false,"_monsterinsights_sitenote_active":false,"_monsterinsights_sitenote_note":"","_monsterinsights_sitenote_category":0},"product_brand":[],"product_cat":[72,244],"product_tag":[],"class_list":{"0":"post-30252","1":"product","2":"type-product","3":"status-publish","4":"has-post-thumbnail","6":"product_cat-lithium-battery","7":"product_cat-all-in-one-smart-ess","9":"first","10":"instock","11":"virtual","12":"product-type-simple"},"_links":{"self":[{"href":"https:\/\/motoma.cn\/pt\/wp-json\/wp\/v2\/product\/30252","targetHints":{"allow":["GET"]}}],"collection":[{"href":"https:\/\/motoma.cn\/pt\/wp-json\/wp\/v2\/product"}],"about":[{"href":"https:\/\/motoma.cn\/pt\/wp-json\/wp\/v2\/types\/product"}],"version-history":[{"count":20,"href":"https:\/\/motoma.cn\/pt\/wp-json\/wp\/v2\/product\/30252\/revisions"}],"predecessor-version":[{"id":54199,"href":"https:\/\/motoma.cn\/pt\/wp-json\/wp\/v2\/product\/30252\/revisions\/54199"}],"wp:featuredmedia":[{"embeddable":true,"href":"https:\/\/motoma.cn\/pt\/wp-json\/wp\/v2\/media\/30254"}],"wp:attachment":[{"href":"https:\/\/motoma.cn\/pt\/wp-json\/wp\/v2\/media?parent=30252"}],"wp:term":[{"taxonomy":"product_brand","embeddable":true,"href":"https:\/\/motoma.cn\/pt\/wp-json\/wp\/v2\/product_brand?post=30252"},{"taxonomy":"product_cat","embeddable":true,"href":"https:\/\/motoma.cn\/pt\/wp-json\/wp\/v2\/product_cat?post=30252"},{"taxonomy":"product_tag","embeddable":true,"href":"https:\/\/motoma.cn\/pt\/wp-json\/wp\/v2\/product_tag?post=30252"}],"curies":[{"name":"wp","href":"https:\/\/api.w.org\/{rel}","templated":true}]}}