

{"id":30294,"date":"2024-01-30T21:16:33","date_gmt":"2024-01-30T21:16:33","guid":{"rendered":"https:\/\/motoma.cn\/pt\/?post_type=product&#038;p=30294"},"modified":"2025-02-17T10:05:31","modified_gmt":"2025-02-17T10:05:31","slug":"axpert-ultra-twin-11-kw","status":"publish","type":"product","link":"https:\/\/motoma.cn\/pt\/product\/axpert-ultra-twin-11-kw\/","title":{"rendered":"Axpert Ultra TWIN 11 KW"},"content":{"rendered":"<p><strong>Vis\u00e3o Geral: <\/strong><\/p>\n<p>Equipado com 2 entradas e 2 sa\u00eddas inteligentes, sensor CT e interface amig\u00e1vel, o Axpert Ultra \u00e9 um inversor solar altamente equipado. Com duas fontes de energia de entrada independentes &#8211; utilidade e gerador &#8211; ele garante energia CA ininterrupta e incorpora um carregador supergrande (150A) para carregamento r\u00e1pido da bateria, mesmo com tempo limitado dispon\u00edvel de fontes CA ou solares. Al\u00e9m disso, o Axpert Ultra oferece uma segunda sa\u00edda CA, permitindo que os usu\u00e1rios personalizem a tens\u00e3o de corte, a porcentagem de estado de carga (SoC), o tempo de descarga e o tempo de ligar\/desligar agendado.<\/p>\n<p>&nbsp;<\/p>\n<p><strong>Principais Caracter\u00edsticas:<\/strong><\/p>\n<ul>\n<li>Sa\u00edda dupla para gerenciamento inteligente de carga.<\/li>\n<li>Duas fontes de energia CA independentes conectadas e comutadas automaticamente.<\/li>\n<li>Corrente de entrada PV m\u00e1xima de 27A.<\/li>\n<li>Tela LCD colorida de 2,8 polegadas integrada com indicadores de ilumina\u00e7\u00e3o de energia.<\/li>\n<li>Suporta a fun\u00e7\u00e3o USB On-the-Go.<\/li>\n<li>Porta de comunica\u00e7\u00e3o reservada para BMS (RS485, CAN-BUS).<\/li>\n<li>Design de ventilador substitu\u00edvel para facilitar a manuten\u00e7\u00e3o.<\/li>\n<li>Design independente de bateria.<\/li>\n<li>Temporizador e prioriza\u00e7\u00e3o de uso de sa\u00edda AC\/PV configur\u00e1vel.<\/li>\n<li>Corrente de carga de alta pot\u00eancia selecion\u00e1vel.<\/li>\n<li>Faixa de tens\u00e3o de entrada selecion\u00e1vel para eletrodom\u00e9sticos e computadores pessoais.<\/li>\n<li>Kit anti-p\u00f3 integrado.<\/li>\n<li>Sensor de transformador de corrente integrado para aplica\u00e7\u00f5es de autoconsumo.<\/li>\n<li>Suporta detec\u00e7\u00e3o externa de BTS (Sensor de Temperatura da Bateria).<\/li>\n<li>Suporta detec\u00e7\u00f5es opcionais de GFCI, Desligamento R\u00e1pido, AFCI.<\/li>\n<li>Wi-Fi integrado para monitoramento m\u00f3vel e atualiza\u00e7\u00e3o de firmware OTA.<\/li>\n<li>Opera\u00e7\u00e3o paralela com 6 unidades.<\/li>\n<li>Garantia de 2 anos.<\/li>\n<\/ul>\n","protected":false},"excerpt":{"rendered":"<p>Vis\u00e3o Geral: Equipado com 2 entradas e 2 sa\u00eddas inteligentes,&hellip;<\/p>\n","protected":false},"featured_media":31115,"template":"","meta":{"content-type":"","om_disable_all_campaigns":false,"_monsterinsights_skip_tracking":false,"_monsterinsights_sitenote_active":false,"_monsterinsights_sitenote_note":"","_monsterinsights_sitenote_category":0},"product_brand":[],"product_cat":[182,230],"product_tag":[],"class_list":{"0":"post-30294","1":"product","2":"type-product","3":"status-publish","4":"has-post-thumbnail","6":"product_cat-solar-inverter","7":"product_cat-low-voltage-inverter","9":"first","10":"instock","11":"shipping-taxable","12":"product-type-simple"},"_links":{"self":[{"href":"https:\/\/motoma.cn\/pt\/wp-json\/wp\/v2\/product\/30294","targetHints":{"allow":["GET"]}}],"collection":[{"href":"https:\/\/motoma.cn\/pt\/wp-json\/wp\/v2\/product"}],"about":[{"href":"https:\/\/motoma.cn\/pt\/wp-json\/wp\/v2\/types\/product"}],"version-history":[{"count":12,"href":"https:\/\/motoma.cn\/pt\/wp-json\/wp\/v2\/product\/30294\/revisions"}],"predecessor-version":[{"id":31383,"href":"https:\/\/motoma.cn\/pt\/wp-json\/wp\/v2\/product\/30294\/revisions\/31383"}],"wp:featuredmedia":[{"embeddable":true,"href":"https:\/\/motoma.cn\/pt\/wp-json\/wp\/v2\/media\/31115"}],"wp:attachment":[{"href":"https:\/\/motoma.cn\/pt\/wp-json\/wp\/v2\/media?parent=30294"}],"wp:term":[{"taxonomy":"product_brand","embeddable":true,"href":"https:\/\/motoma.cn\/pt\/wp-json\/wp\/v2\/product_brand?post=30294"},{"taxonomy":"product_cat","embeddable":true,"href":"https:\/\/motoma.cn\/pt\/wp-json\/wp\/v2\/product_cat?post=30294"},{"taxonomy":"product_tag","embeddable":true,"href":"https:\/\/motoma.cn\/pt\/wp-json\/wp\/v2\/product_tag?post=30294"}],"curies":[{"name":"wp","href":"https:\/\/api.w.org\/{rel}","templated":true}]}}