

{"id":30307,"date":"2024-01-30T21:11:28","date_gmt":"2024-01-30T21:11:28","guid":{"rendered":"https:\/\/motoma.cn\/pt\/?post_type=product&#038;p=30307"},"modified":"2025-02-19T12:07:17","modified_gmt":"2025-02-19T12:07:17","slug":"axpert-ultra-twin-8-kw","status":"publish","type":"product","link":"https:\/\/motoma.cn\/pt\/product\/axpert-ultra-twin-8-kw\/","title":{"rendered":"Axpert Ultra TWIN 8 KW"},"content":{"rendered":"<p><strong>Vis\u00e3o Geral:<\/strong><\/p>\n<p>Equipado com 2 entradas e 2 sa\u00eddas inteligentes, sensor CT e uma interface amig\u00e1vel, o Axpert Ultra \u00e9 um inversor solar altamente avan\u00e7ado. Com duas fontes de entrada de energia independentes \u2013 rede el\u00e9trica e gerador \u2013 garante um fornecimento ininterrupto de energia CA e incorpora um carregador superpotente de 150A, permitindo um carregamento r\u00e1pido da bateria, mesmo com tempo limitado dispon\u00edvel das fontes CA ou solar.<\/p>\n<p>Al\u00e9m disso, o Axpert Ultra oferece uma segunda sa\u00edda CA, permitindo que os usu\u00e1rios personalizem a tens\u00e3o de corte, a porcentagem do estado de carga (SoC), o tempo de descarga e o agendamento de ligar\/desligar.<\/p>\n<p>&nbsp;<\/p>\n<p><strong>Principais Caracter\u00edsticas:<\/strong><\/p>\n<ul>\n<li data-start=\"61\" data-end=\"150\">Sa\u00edda dupla para gerenciamento inteligente de carga.<\/li>\n<li data-start=\"61\" data-end=\"150\">Duas fontes de energia CA independentes, conectadas e alternadas automaticamente.<\/li>\n<li data-start=\"151\" data-end=\"194\">Corrente m\u00e1xima de entrada FV: 27A.<\/li>\n<li data-start=\"195\" data-end=\"281\">Tela LCD colorida de 2,8\u201d integrada com indicadores de ilumina\u00e7\u00e3o de pot\u00eancia.<\/li>\n<li data-start=\"282\" data-end=\"324\">Suporte para fun\u00e7\u00e3o USB On-the-Go.<\/li>\n<li data-start=\"325\" data-end=\"390\">Porta de comunica\u00e7\u00e3o reservada para BMS (RS485, CAN-BUS).<\/li>\n<li data-start=\"391\" data-end=\"460\">Design de ventoinha substitu\u00edvel para facilitar a manuten\u00e7\u00e3o.<\/li>\n<li data-start=\"461\" data-end=\"500\">Design independente de bateria.<\/li>\n<li data-start=\"501\" data-end=\"566\">Timer configur\u00e1vel para uso e prioriza\u00e7\u00e3o da sa\u00edda CA\/FV.<\/li>\n<li data-start=\"567\" data-end=\"630\">Corrente de carregamento de alta pot\u00eancia selecion\u00e1vel.<\/li>\n<li data-start=\"631\" data-end=\"722\">Faixa de tens\u00e3o de entrada ajust\u00e1vel para eletrodom\u00e9sticos e computadores pessoais.<\/li>\n<li data-start=\"723\" data-end=\"756\">Kit anti-poeira embutido.<\/li>\n<li data-start=\"757\" data-end=\"842\">Sensor de transformador de corrente integrado para aplica\u00e7\u00f5es de autoconsumo.<\/li>\n<li data-start=\"843\" data-end=\"923\">Suporte para detec\u00e7\u00e3o externa de sensor de temperatura da bateria (BTS).<\/li>\n<li data-start=\"924\" data-end=\"1000\">Compat\u00edvel com GFCI, desligamento r\u00e1pido e detec\u00e7\u00f5es AFCI opcionais.<\/li>\n<li data-start=\"1001\" data-end=\"1088\">Wi-Fi embutido para monitoramento m\u00f3vel e atualiza\u00e7\u00e3o remota de firmware (OTA).<\/li>\n<li data-start=\"1089\" data-end=\"1137\">Opera\u00e7\u00e3o em paralelo com at\u00e9 6 unidades.<\/li>\n<li data-start=\"1138\" data-end=\"1165\" data-is-last-node=\"\">Garantia de 2 anos.<\/li>\n<\/ul>\n","protected":false},"excerpt":{"rendered":"<p>Vis\u00e3o Geral: Equipado com 2 entradas e 2 sa\u00eddas inteligentes,&hellip;<\/p>\n","protected":false},"featured_media":31115,"template":"","meta":{"content-type":"","om_disable_all_campaigns":false,"_monsterinsights_skip_tracking":false,"_monsterinsights_sitenote_active":false,"_monsterinsights_sitenote_note":"","_monsterinsights_sitenote_category":0},"product_brand":[],"product_cat":[182,230],"product_tag":[],"class_list":{"0":"post-30307","1":"product","2":"type-product","3":"status-publish","4":"has-post-thumbnail","6":"product_cat-solar-inverter","7":"product_cat-low-voltage-inverter","9":"first","10":"instock","11":"shipping-taxable","12":"product-type-simple"},"_links":{"self":[{"href":"https:\/\/motoma.cn\/pt\/wp-json\/wp\/v2\/product\/30307","targetHints":{"allow":["GET"]}}],"collection":[{"href":"https:\/\/motoma.cn\/pt\/wp-json\/wp\/v2\/product"}],"about":[{"href":"https:\/\/motoma.cn\/pt\/wp-json\/wp\/v2\/types\/product"}],"version-history":[{"count":12,"href":"https:\/\/motoma.cn\/pt\/wp-json\/wp\/v2\/product\/30307\/revisions"}],"predecessor-version":[{"id":30998,"href":"https:\/\/motoma.cn\/pt\/wp-json\/wp\/v2\/product\/30307\/revisions\/30998"}],"wp:featuredmedia":[{"embeddable":true,"href":"https:\/\/motoma.cn\/pt\/wp-json\/wp\/v2\/media\/31115"}],"wp:attachment":[{"href":"https:\/\/motoma.cn\/pt\/wp-json\/wp\/v2\/media?parent=30307"}],"wp:term":[{"taxonomy":"product_brand","embeddable":true,"href":"https:\/\/motoma.cn\/pt\/wp-json\/wp\/v2\/product_brand?post=30307"},{"taxonomy":"product_cat","embeddable":true,"href":"https:\/\/motoma.cn\/pt\/wp-json\/wp\/v2\/product_cat?post=30307"},{"taxonomy":"product_tag","embeddable":true,"href":"https:\/\/motoma.cn\/pt\/wp-json\/wp\/v2\/product_tag?post=30307"}],"curies":[{"name":"wp","href":"https:\/\/api.w.org\/{rel}","templated":true}]}}