

{"id":30963,"date":"2024-04-21T01:58:10","date_gmt":"2024-04-21T01:58:10","guid":{"rendered":"https:\/\/motoma.cn\/pt\/?post_type=product&#038;p=30963"},"modified":"2025-04-30T07:29:51","modified_gmt":"2025-04-30T07:29:51","slug":"dse-lifepo4-614-4-v-100-ah","status":"publish","type":"product","link":"https:\/\/motoma.cn\/pt\/product\/dse-lifepo4-614-4-v-100-ah\/","title":{"rendered":"DSE LiFePO4 614.4 V 100 AH"},"content":{"rendered":"<p><strong>Vis\u00e3o Geral:<\/strong><br \/>\nApresentamos a Bateria de Alta Voltagem MOTOMA 614,4V, o ep\u00edtome de seguran\u00e7a e confiabilidade no mundo do armazenamento de energia. Este sistema de bateria de fosfato de ferro e l\u00edtio de \u00faltima gera\u00e7\u00e3o \u00e9 especificamente projetado para atender \u00e0s exigentes necessidades de UPS, armazenamento residencial e campos de armazenamento de energia industrial e comercial. Oferecendo alto desempenho, estabilidade excepcional e efici\u00eancia incompar\u00e1vel, a Bateria de Alta Voltagem MOTOMA garante opera\u00e7\u00e3o perfeita em uma ampla gama de aplica\u00e7\u00f5es. Se voc\u00ea procura garantir um fornecimento de energia ininterrupto, otimizar o consumo de energia residencial ou aprimorar as capacidades energ\u00e9ticas industriais, este sistema de 614,4V oferece a solu\u00e7\u00e3o que voc\u00ea precisa com versatilidade e confiabilidade incompar\u00e1veis.<\/p>\n<p>&nbsp;<\/p>\n<p><strong>Par\u00e2metros da Bateria:<\/strong><\/p>\n<table>\n<tbody>\n<tr>\n<td width=\"315\">N\u00famero do modelo da bateria<\/td>\n<td width=\"300\">DSE-LFP614.4V100A<\/td>\n<\/tr>\n<tr>\n<td width=\"315\">Voltagem nominal:<\/td>\n<td width=\"300\">614.4V<\/td>\n<\/tr>\n<tr>\n<td width=\"315\">Capacidade nominal<\/td>\n<td width=\"300\">100A<\/td>\n<\/tr>\n<tr>\n<td width=\"315\">Capacidade de energia<\/td>\n<td width=\"300\">122.88 KWh<\/td>\n<\/tr>\n<tr>\n<td width=\"315\">Vida \u00fatil do ciclo<\/td>\n<td width=\"300\">\u2265 6000 cycles @80% DOD<\/td>\n<\/tr>\n<tr>\n<td width=\"315\">Faixa de voltagem de opera\u00e7\u00e3o<\/td>\n<td width=\"300\">537.6V \u2013 691.2V<\/td>\n<\/tr>\n<tr>\n<td width=\"315\">Corrente m\u00e1xima de carga<\/td>\n<td width=\"300\">50A<\/td>\n<\/tr>\n<tr>\n<td width=\"315\">Corrente m\u00e1xima de descarga<\/td>\n<td width=\"300\">50A<\/td>\n<\/tr>\n<tr>\n<td width=\"315\">Dimens\u00f5es (C x L x A)<\/td>\n<td width=\"300\">1500x1200X800mm<\/td>\n<\/tr>\n<tr>\n<td width=\"315\">Peso unit\u00e1rio<\/td>\n<td width=\"300\"><\/td>\n<\/tr>\n<tr>\n<td width=\"315\">Comunica\u00e7\u00e3o:<\/td>\n<td width=\"300\">CAN\/RS232<\/td>\n<\/tr>\n<tr>\n<td width=\"315\">Paralelismo de m\u00f3dulo<\/td>\n<td width=\"300\">Suporta at\u00e9 10 conjuntos<\/td>\n<\/tr>\n<tr>\n<td width=\"315\">Prote\u00e7\u00e3o do BMS<\/td>\n<td width=\"300\">Suportada<\/td>\n<\/tr>\n<tr>\n<td width=\"315\">Faixa de temperatura de carga<\/td>\n<td width=\"300\">0~45\u2103<\/td>\n<\/tr>\n<tr>\n<td width=\"315\">Faixa de temperatura de descarga<\/td>\n<td width=\"300\">-20~60\u2103<\/td>\n<\/tr>\n<tr>\n<td width=\"315\">Certifica\u00e7\u00f5es:<\/td>\n<td width=\"300\">ISO \/ UL \/ IEC \/CE \/ UN38.3 \/MSDS<\/td>\n<\/tr>\n<\/tbody>\n<\/table>\n<p>&nbsp;<\/p>\n<p><strong>Principais Caracter\u00edsticas:<\/strong><\/p>\n<ul>\n<li><strong>Seguro, Confi\u00e1vel e Longa Vida \u00datil:<\/strong> Constru\u00eddo com seguran\u00e7a como prioridade, nosso sistema de bateria oferece confiabilidade e longevidade incompar\u00e1veis, garantindo tranquilidade para todos os usu\u00e1rios.<\/li>\n<li><strong>Design de M\u00f3dulo Padronizado:<\/strong> O design modular do sistema promove facilidade de instala\u00e7\u00e3o e escalabilidade, permitindo integra\u00e7\u00e3o direta em v\u00e1rias aplica\u00e7\u00f5es de armazenamento de energia.<\/li>\n<li><strong>Controle de Descarga e Carga:<\/strong> Mecanismos de controle aprimorados permitem o gerenciamento eficiente dos processos de carga e descarga, otimizando o desempenho e estendendo a vida \u00fatil da bateria.<\/li>\n<li><strong>Fornecimento de Energia Cont\u00ednuo:<\/strong> Projetado para fornecer um fornecimento cont\u00ednuo de energia, garantindo que suas necessidades energ\u00e9ticas sejam atendidas sem interrup\u00e7\u00e3o.<\/li>\n<li><strong>Portas de Comunica\u00e7\u00e3o (CAN\/RS485\/LAN):<\/strong> Oferece op\u00e7\u00f5es vers\u00e1teis de conectividade, facilitando a comunica\u00e7\u00e3o cont\u00ednua com sistemas de gerenciamento de energia para monitoramento e controle em tempo real.<\/li>\n<li><strong>Display LCD:<\/strong> Um display LCD f\u00e1cil de usar fornece informa\u00e7\u00f5es essenciais em um relance, permitindo o monitoramento f\u00e1cil do status e desempenho da bateria.<\/li>\n<li><strong>Capacidade Flex\u00edvel:<\/strong> O design do sistema suporta expans\u00e3o de capacidade, permitindo a personaliza\u00e7\u00e3o para atender requisitos espec\u00edficos de energia, proporcionando uma solu\u00e7\u00e3o sob medida para cada usu\u00e1rio.<\/li>\n<li><strong>Opera\u00e7\u00e3o e Manuten\u00e7\u00e3o Eficientes:<\/strong> Projetado com efici\u00eancia em mente, o sistema de bateria garante opera\u00e7\u00e3o simples e manuten\u00e7\u00e3o m\u00ednima, reduzindo o tempo de inatividade e os custos operacionais.<\/li>\n<\/ul>\n<p>&nbsp;<\/p>\n","protected":false},"excerpt":{"rendered":"<p>Vis\u00e3o Geral: Apresentamos a Bateria de Alta Voltagem MOTOMA 614,4V,&hellip;<\/p>\n","protected":false},"featured_media":31099,"template":"","meta":{"content-type":"","om_disable_all_campaigns":false,"_monsterinsights_skip_tracking":false,"_monsterinsights_sitenote_active":false,"_monsterinsights_sitenote_note":"","_monsterinsights_sitenote_category":0},"product_brand":[],"product_cat":[72,250],"product_tag":[],"class_list":{"0":"post-30963","1":"product","2":"type-product","3":"status-publish","4":"has-post-thumbnail","6":"product_cat-lithium-battery","7":"product_cat-high-voltage-battery","9":"first","10":"instock","11":"virtual","12":"product-type-simple"},"_links":{"self":[{"href":"https:\/\/motoma.cn\/pt\/wp-json\/wp\/v2\/product\/30963","targetHints":{"allow":["GET"]}}],"collection":[{"href":"https:\/\/motoma.cn\/pt\/wp-json\/wp\/v2\/product"}],"about":[{"href":"https:\/\/motoma.cn\/pt\/wp-json\/wp\/v2\/types\/product"}],"version-history":[{"count":10,"href":"https:\/\/motoma.cn\/pt\/wp-json\/wp\/v2\/product\/30963\/revisions"}],"predecessor-version":[{"id":54201,"href":"https:\/\/motoma.cn\/pt\/wp-json\/wp\/v2\/product\/30963\/revisions\/54201"}],"wp:featuredmedia":[{"embeddable":true,"href":"https:\/\/motoma.cn\/pt\/wp-json\/wp\/v2\/media\/31099"}],"wp:attachment":[{"href":"https:\/\/motoma.cn\/pt\/wp-json\/wp\/v2\/media?parent=30963"}],"wp:term":[{"taxonomy":"product_brand","embeddable":true,"href":"https:\/\/motoma.cn\/pt\/wp-json\/wp\/v2\/product_brand?post=30963"},{"taxonomy":"product_cat","embeddable":true,"href":"https:\/\/motoma.cn\/pt\/wp-json\/wp\/v2\/product_cat?post=30963"},{"taxonomy":"product_tag","embeddable":true,"href":"https:\/\/motoma.cn\/pt\/wp-json\/wp\/v2\/product_tag?post=30963"}],"curies":[{"name":"wp","href":"https:\/\/api.w.org\/{rel}","templated":true}]}}