

{"id":31345,"date":"2025-02-13T13:59:38","date_gmt":"2025-02-13T13:59:38","guid":{"rendered":"https:\/\/motoma.cn\/pt\/?post_type=product&#038;p=31345"},"modified":"2025-03-11T07:32:37","modified_gmt":"2025-03-11T07:32:37","slug":"so-spn-mc182-615-630n","status":"publish","type":"product","link":"https:\/\/motoma.cn\/pt\/product\/so-spn-mc182-615-630n\/","title":{"rendered":"SO-SPN-MC182-615-630N"},"content":{"rendered":"<p><strong>\u00a0Vis\u00e3o Geral:<\/strong><\/p>\n<p>Experimente o futuro da tecnologia solar com nossos m\u00f3dulos bifaciais de ponta. Utilizando a tecnologia de c\u00e9lulas bifaciais N-type, nossos pain\u00e9is s\u00e3o projetados para desempenho e confiabilidade incompar\u00e1veis. Veja o que diferencia nossos pain\u00e9is:<\/p>\n<p>\u2022 Tecnologia de C\u00e9lulas Bifaciais N-type: Utilizando as \u00faltimas inova\u00e7\u00f5es solares, nossos pain\u00e9is absorvem a luz solar de ambos os lados, maximizando a<br \/>\ncaptura de energia.<\/p>\n<p>\u2022 Pot\u00eancia e Efici\u00eancia Ultra Altas: Projetados para um desempenho de primeira linha, nossos m\u00f3dulos prometem uma sa\u00edda de energia ultra alta, garantindo<br \/>\nque voc\u00ea obtenha o m\u00e1ximo de cada raio de sol.<\/p>\n<p>\u2022 Coeficiente de Temperatura Otimizado: Com considera\u00e7\u00f5es avan\u00e7adas de design, nossos pain\u00e9is mant\u00eam uma efici\u00eancia ideal mesmo em condi\u00e7\u00f5es de temperatura<br \/>\nvari\u00e1veis, garantindo uma sa\u00edda de energia consistente.<\/p>\n<p>\u2022 Durabilidade com Menor Degrada\u00e7\u00e3o: Nossos pain\u00e9is s\u00e3o feitos para durar. Com uma taxa de degrada\u00e7\u00e3o menor, espere uma vida \u00fatil prolongada e desempenho<br \/>\nconsistente ao longo dos anos.<\/p>\n<p>\u2022 Maior Ganho Bifacial: Beneficie-se de rendimentos el\u00e9tricos at\u00e9 25% mais altos, gra\u00e7as \u00e0 nossa tecnologia de c\u00e9lulas ativas em ambos os lados dos m\u00f3dulos<br \/>\nbifaciais de vidro\/vidro.<\/p>\n<p>\u2022 Desempenho Excepcional em Baixa Luz: Seja ao p\u00f4r do sol, amanhecer ou em um dia nublado, nossos m\u00f3dulos s\u00e3o projetados para fornecer uma sa\u00edda de energia<br \/>\nsuperior mesmo em condi\u00e7\u00f5es de ilumina\u00e7\u00e3o sub\u00f3timas.<\/p>\n<p>\u2022 Resist\u00eancia PID Excepcional: Nossos pain\u00e9is solares s\u00e3o projetados para resistir \u00e0 Degrada\u00e7\u00e3o Induzida Potencial, garantindo que mantenham sua efici\u00eancia<br \/>\ne sa\u00edda de energia ao longo do tempo.<\/p>\n<p>\u2022 Confiabilidade Aprimorada: Constru\u00eddos com base em anos de experi\u00eancia em fabrica\u00e7\u00e3o e excedendo os padr\u00f5es IEC, nossos testes de qualidade intensivos<br \/>\ngarantem que cada m\u00f3dulo que voc\u00ea recebe seja da mais alta qualidade.<\/p>\n<p>&nbsp;<\/p>\n<p><strong>Principais Caracter\u00edsticas:<\/strong><\/p>\n<p>\u2022 Tecnologia de C\u00e9lulas Bifaciais N-type.<br \/>\n\u2022 Pot\u00eancia e Efici\u00eancia Ultra Altas.<br \/>\n\u2022 Coeficiente de Temperatura Otimizado.<br \/>\n\u2022 Menor Degrada\u00e7\u00e3o.<br \/>\n\u2022 Maior Ganho Bifacial.<br \/>\n\u2022 Desempenho Excepcional em Baixa Luz.<br \/>\n\u2022 Resist\u00eancia PID Excepcional.<br \/>\n\u2022 Confiabilidade Aprimorada.<\/p>\n","protected":false},"excerpt":{"rendered":"<p>\u00a0Vis\u00e3o Geral: Experimente o futuro da tecnologia solar com nossos&hellip;<\/p>\n","protected":false},"featured_media":28855,"template":"","meta":{"content-type":"","om_disable_all_campaigns":false,"_monsterinsights_skip_tracking":false,"_monsterinsights_sitenote_active":false,"_monsterinsights_sitenote_note":"","_monsterinsights_sitenote_category":0},"product_brand":[],"product_cat":[181,240],"product_tag":[],"class_list":{"0":"post-31345","1":"product","2":"type-product","3":"status-publish","4":"has-post-thumbnail","6":"product_cat-solar-panel","7":"product_cat-mono-topcon-n-type-bifacial","9":"first","10":"instock","11":"shipping-taxable","12":"product-type-simple"},"_links":{"self":[{"href":"https:\/\/motoma.cn\/pt\/wp-json\/wp\/v2\/product\/31345","targetHints":{"allow":["GET"]}}],"collection":[{"href":"https:\/\/motoma.cn\/pt\/wp-json\/wp\/v2\/product"}],"about":[{"href":"https:\/\/motoma.cn\/pt\/wp-json\/wp\/v2\/types\/product"}],"version-history":[{"count":3,"href":"https:\/\/motoma.cn\/pt\/wp-json\/wp\/v2\/product\/31345\/revisions"}],"predecessor-version":[{"id":31447,"href":"https:\/\/motoma.cn\/pt\/wp-json\/wp\/v2\/product\/31345\/revisions\/31447"}],"wp:featuredmedia":[{"embeddable":true,"href":"https:\/\/motoma.cn\/pt\/wp-json\/wp\/v2\/media\/28855"}],"wp:attachment":[{"href":"https:\/\/motoma.cn\/pt\/wp-json\/wp\/v2\/media?parent=31345"}],"wp:term":[{"taxonomy":"product_brand","embeddable":true,"href":"https:\/\/motoma.cn\/pt\/wp-json\/wp\/v2\/product_brand?post=31345"},{"taxonomy":"product_cat","embeddable":true,"href":"https:\/\/motoma.cn\/pt\/wp-json\/wp\/v2\/product_cat?post=31345"},{"taxonomy":"product_tag","embeddable":true,"href":"https:\/\/motoma.cn\/pt\/wp-json\/wp\/v2\/product_tag?post=31345"}],"curies":[{"name":"wp","href":"https:\/\/api.w.org\/{rel}","templated":true}]}}