

{"id":53907,"date":"2025-03-21T17:54:00","date_gmt":"2025-03-21T17:54:00","guid":{"rendered":"https:\/\/motoma.cn\/pt\/?post_type=product&#038;p=53907"},"modified":"2025-04-25T01:54:12","modified_gmt":"2025-04-25T01:54:12","slug":"14kw-single-phase-s6-eh1p14k03-nv-yd-l","status":"publish","type":"product","link":"https:\/\/motoma.cn\/pt\/product\/14kw-single-phase-s6-eh1p14k03-nv-yd-l\/","title":{"rendered":"12K\/14K\/16K &#8211; Single Phase"},"content":{"rendered":"<h6 data-start=\"0\" data-end=\"16\"><strong data-start=\"0\" data-end=\"16\">Vis\u00e3o Geral:<\/strong><\/h6>\n<p class=\"\" data-start=\"18\" data-end=\"777\">O <strong data-start=\"20\" data-end=\"56\">MOTOMA Solis S6-EH1P (12KW\u201316KW)<\/strong> \u00e9 um inversor h\u00edbrido monof\u00e1sico de baixa tens\u00e3o, projetado para sistemas residenciais e comerciais de pequeno porte com armazenamento de energia. Compat\u00edvel com baterias de \u00edon de l\u00edtio e chumbo-\u00e1cido, este inversor gerencia de forma inteligente o consumo da energia solar, o armazenamento da bateria e as cargas de backup. Com design compacto, tela LCD colorida de 7 polegadas, Bluetooth integrado e estrutura com classifica\u00e7\u00e3o IP66, garante instala\u00e7\u00e3o f\u00e1cil, monitoramento em tempo real e desempenho confi\u00e1vel mesmo em ambientes hostis.<br data-start=\"596\" data-end=\"599\" \/>O suporte \u00e0 entrada de gerador, cargas inteligentes e opera\u00e7\u00e3o remota via aplicativo SolisCloud proporciona controle de energia flex\u00edvel e integra\u00e7\u00e3o de sistema sem complica\u00e7\u00f5es.<\/p>\n<h6 data-start=\"784\" data-end=\"819\"><strong data-start=\"788\" data-end=\"819\">Principais Caracter\u00edsticas:<\/strong><\/h6>\n<ul data-start=\"821\" data-end=\"1811\" data-is-last-node=\"\" data-is-only-node=\"\">\n<li class=\"\" data-start=\"821\" data-end=\"925\">\n<p class=\"\" data-start=\"823\" data-end=\"925\"><strong data-start=\"823\" data-end=\"862\">Ampla compatibilidade com baterias:<\/strong> Suporta baterias de \u00edon de l\u00edtio e chumbo-\u00e1cido de 40V a 60V<\/p>\n<\/li>\n<li class=\"\" data-start=\"926\" data-end=\"1025\">\n<p class=\"\" data-start=\"928\" data-end=\"1025\"><strong data-start=\"928\" data-end=\"964\">Alta corrente de carga\/descarga:<\/strong> At\u00e9 290A para opera\u00e7\u00e3o de armazenamento de alto desempenho<\/p>\n<\/li>\n<li class=\"\" data-start=\"1026\" data-end=\"1127\">\n<p class=\"\" data-start=\"1028\" data-end=\"1127\"><strong data-start=\"1028\" data-end=\"1050\">MPPTs e 6 strings:<\/strong> Extra\u00e7\u00e3o solar m\u00e1xima com diferentes orienta\u00e7\u00f5es de arranjos fotovoltaicos<\/p>\n<\/li>\n<li class=\"\" data-start=\"1128\" data-end=\"1226\">\n<p class=\"\" data-start=\"1130\" data-end=\"1226\"><strong data-start=\"1130\" data-end=\"1170\">Tela LCD colorida de 7\u201d + Bluetooth:<\/strong> Opera\u00e7\u00e3o local e monitoramento de status sem internet<\/p>\n<\/li>\n<li class=\"\" data-start=\"1227\" data-end=\"1339\">\n<p class=\"\" data-start=\"1229\" data-end=\"1339\"><strong data-start=\"1229\" data-end=\"1270\">Cargas inteligentes e acoplamento AC:<\/strong> Permite otimiza\u00e7\u00e3o energ\u00e9tica e atualiza\u00e7\u00e3o de sistemas existentes<\/p>\n<\/li>\n<li class=\"\" data-start=\"1340\" data-end=\"1426\">\n<p class=\"\" data-start=\"1342\" data-end=\"1426\"><strong data-start=\"1342\" data-end=\"1376\">Comuta\u00e7\u00e3o de n\u00edvel UPS (&lt;4ms):<\/strong> Backup cont\u00ednuo durante falhas na rede el\u00e9trica<\/p>\n<\/li>\n<li class=\"\" data-start=\"1427\" data-end=\"1531\">\n<p class=\"\" data-start=\"1429\" data-end=\"1531\"><strong data-start=\"1429\" data-end=\"1454\">Opera\u00e7\u00e3o em paralelo:<\/strong> Conex\u00e3o de at\u00e9 6 inversores para formar sistemas monof\u00e1sicos ou trif\u00e1sicos<\/p>\n<\/li>\n<li class=\"\" data-start=\"1532\" data-end=\"1630\">\n<p class=\"\" data-start=\"1534\" data-end=\"1630\"><strong data-start=\"1534\" data-end=\"1558\">Prote\u00e7\u00f5es avan\u00e7adas:<\/strong> Inclui AFCI, RCMU, prote\u00e7\u00e3o contra surtos e detec\u00e7\u00e3o de falha \u00e0 terra<\/p>\n<\/li>\n<li class=\"\" data-start=\"1631\" data-end=\"1725\">\n<p class=\"\" data-start=\"1633\" data-end=\"1725\"><strong data-start=\"1633\" data-end=\"1658\">Comunica\u00e7\u00e3o flex\u00edvel:<\/strong> RS485, CAN, Wi-Fi (opcional), 4G e LAN para monitoramento remoto<\/p>\n<\/li>\n<li class=\"\" data-start=\"1726\" data-end=\"1811\">\n<p class=\"\" data-start=\"1728\" data-end=\"1811\"><strong data-start=\"1728\" data-end=\"1746\">Prote\u00e7\u00e3o IP66:<\/strong> Seguro para instala\u00e7\u00e3o externa em diversas condi\u00e7\u00f5es ambientais.<\/p>\n<\/li>\n<\/ul>\n","protected":false},"excerpt":{"rendered":"<p>Vis\u00e3o Geral: O MOTOMA Solis S6-EH1P (12KW\u201316KW) \u00e9 um inversor&hellip;<\/p>\n","protected":false},"featured_media":53908,"template":"","meta":{"content-type":"","om_disable_all_campaigns":false,"_monsterinsights_skip_tracking":false,"_monsterinsights_sitenote_active":false,"_monsterinsights_sitenote_note":"","_monsterinsights_sitenote_category":0},"product_brand":[],"product_cat":[182,230],"product_tag":[],"class_list":{"0":"post-53907","1":"product","2":"type-product","3":"status-publish","4":"has-post-thumbnail","6":"product_cat-solar-inverter","7":"product_cat-low-voltage-inverter","9":"first","10":"instock","11":"shipping-taxable","12":"product-type-simple"},"_links":{"self":[{"href":"https:\/\/motoma.cn\/pt\/wp-json\/wp\/v2\/product\/53907","targetHints":{"allow":["GET"]}}],"collection":[{"href":"https:\/\/motoma.cn\/pt\/wp-json\/wp\/v2\/product"}],"about":[{"href":"https:\/\/motoma.cn\/pt\/wp-json\/wp\/v2\/types\/product"}],"version-history":[{"count":4,"href":"https:\/\/motoma.cn\/pt\/wp-json\/wp\/v2\/product\/53907\/revisions"}],"predecessor-version":[{"id":54170,"href":"https:\/\/motoma.cn\/pt\/wp-json\/wp\/v2\/product\/53907\/revisions\/54170"}],"wp:featuredmedia":[{"embeddable":true,"href":"https:\/\/motoma.cn\/pt\/wp-json\/wp\/v2\/media\/53908"}],"wp:attachment":[{"href":"https:\/\/motoma.cn\/pt\/wp-json\/wp\/v2\/media?parent=53907"}],"wp:term":[{"taxonomy":"product_brand","embeddable":true,"href":"https:\/\/motoma.cn\/pt\/wp-json\/wp\/v2\/product_brand?post=53907"},{"taxonomy":"product_cat","embeddable":true,"href":"https:\/\/motoma.cn\/pt\/wp-json\/wp\/v2\/product_cat?post=53907"},{"taxonomy":"product_tag","embeddable":true,"href":"https:\/\/motoma.cn\/pt\/wp-json\/wp\/v2\/product_tag?post=53907"}],"curies":[{"name":"wp","href":"https:\/\/api.w.org\/{rel}","templated":true}]}}