

{"id":53914,"date":"2025-03-21T18:10:00","date_gmt":"2025-03-21T18:10:00","guid":{"rendered":"https:\/\/motoma.cn\/pt\/?post_type=product&#038;p=53914"},"modified":"2025-04-25T01:54:05","modified_gmt":"2025-04-25T01:54:05","slug":"15kw-3-phase-s6-eh3p15k02-nv-yd-l","status":"publish","type":"product","link":"https:\/\/motoma.cn\/pt\/product\/15kw-3-phase-s6-eh3p15k02-nv-yd-l\/","title":{"rendered":"6K\/8K &#8211; Single Phase"},"content":{"rendered":"<h6 data-start=\"0\" data-end=\"16\"><strong data-start=\"0\" data-end=\"16\">Vis\u00e3o Geral:<\/strong><\/h6>\n<p class=\"\" data-start=\"18\" data-end=\"547\">A s\u00e9rie <strong data-start=\"26\" data-end=\"64\">MOTOMA Solis S6-EH1P (6\u20138)K-L-PLUS<\/strong> \u00e9 um inversor h\u00edbrido inteligente e compacto, projetado para sistemas residenciais de armazenamento de energia solar. Compat\u00edvel com baterias de baixa tens\u00e3o de \u00edon de l\u00edtio e chumbo-\u00e1cido (48V), e com corrente de carga\/descarga de at\u00e9 190A, oferece convers\u00e3o energ\u00e9tica eficiente, integra\u00e7\u00e3o fluida e controle inteligente por meio de aplicativos m\u00f3veis e interface local com tela LCD. \u00c9 a solu\u00e7\u00e3o ideal para resid\u00eancias monof\u00e1sicas que buscam backup de energia e maior autoconsumo.<\/p>\n<h6 data-start=\"554\" data-end=\"589\"><strong data-start=\"558\" data-end=\"589\">Principais Caracter\u00edsticas:<\/strong><\/h6>\n<ul data-start=\"591\" data-end=\"1847\" data-is-last-node=\"\" data-is-only-node=\"\">\n<li class=\"\" data-start=\"591\" data-end=\"691\">\n<p class=\"\" data-start=\"593\" data-end=\"691\"><strong data-start=\"593\" data-end=\"626\">Compatibilidade com baterias:<\/strong> Funciona com baterias de \u00edon de l\u00edtio e chumbo-\u00e1cido (40V\u201360V)<\/p>\n<\/li>\n<li class=\"\" data-start=\"692\" data-end=\"810\">\n<p class=\"\" data-start=\"694\" data-end=\"810\"><strong data-start=\"694\" data-end=\"735\">Gerenciamento de energia inteligente:<\/strong> Modos como autoconsumo, prioridade para venda \u00e0 rede e opera\u00e7\u00e3o off-grid<\/p>\n<\/li>\n<li class=\"\" data-start=\"811\" data-end=\"904\">\n<p class=\"\" data-start=\"813\" data-end=\"904\"><strong data-start=\"813\" data-end=\"832\">Acoplamento AC:<\/strong> Facilita a atualiza\u00e7\u00e3o de sistemas fotovoltaicos j\u00e1 conectados \u00e0 rede<\/p>\n<\/li>\n<li class=\"\" data-start=\"905\" data-end=\"1015\">\n<p class=\"\" data-start=\"907\" data-end=\"1015\"><strong data-start=\"907\" data-end=\"936\">Fontes de energia duplas:<\/strong> O inversor e o gerador podem operar simultaneamente para alimentar as cargas<\/p>\n<\/li>\n<li class=\"\" data-start=\"1016\" data-end=\"1140\">\n<p class=\"\" data-start=\"1018\" data-end=\"1140\"><strong data-start=\"1018\" data-end=\"1050\">Fun\u00e7\u00e3o de carga inteligente:<\/strong> Suporta desligamento autom\u00e1tico de cargas n\u00e3o cr\u00edticas para priorizar cargas essenciais<\/p>\n<\/li>\n<li class=\"\" data-start=\"1141\" data-end=\"1265\">\n<p class=\"\" data-start=\"1143\" data-end=\"1265\"><strong data-start=\"1143\" data-end=\"1168\">Opera\u00e7\u00e3o em paralelo:<\/strong> At\u00e9 6 unidades podem ser conectadas em paralelo para formar sistemas monof\u00e1sicos ou trif\u00e1sicos<\/p>\n<\/li>\n<li class=\"\" data-start=\"1266\" data-end=\"1381\">\n<p class=\"\" data-start=\"1268\" data-end=\"1381\"><strong data-start=\"1268\" data-end=\"1300\">Suporte a pot\u00eancia de surto:<\/strong> Capacidade de sobrecarga de 200% por 10 segundos \u2013 ideal para cargas indutivas<\/p>\n<\/li>\n<li class=\"\" data-start=\"1382\" data-end=\"1475\">\n<p class=\"\" data-start=\"1384\" data-end=\"1475\"><strong data-start=\"1384\" data-end=\"1430\">Tela colorida de 7&#8243; + Bluetooth integrado:<\/strong> Opera\u00e7\u00e3o local sem necessidade de internet<\/p>\n<\/li>\n<li class=\"\" data-start=\"1476\" data-end=\"1552\">\n<p class=\"\" data-start=\"1478\" data-end=\"1552\"><strong data-start=\"1478\" data-end=\"1503\">Monitoramento remoto:<\/strong> Compat\u00edvel com SolisCloud via Wi-Fi, 4G ou LAN<\/p>\n<\/li>\n<li class=\"\" data-start=\"1553\" data-end=\"1653\">\n<p class=\"\" data-start=\"1555\" data-end=\"1653\"><strong data-start=\"1555\" data-end=\"1589\">Comuta\u00e7\u00e3o de n\u00edvel UPS (&lt;4ms):<\/strong> Garante fornecimento ininterrupto para equipamentos sens\u00edveis<\/p>\n<\/li>\n<li class=\"\" data-start=\"1654\" data-end=\"1765\">\n<p class=\"\" data-start=\"1656\" data-end=\"1765\"><strong data-start=\"1656\" data-end=\"1678\">Prote\u00e7\u00e3o avan\u00e7ada:<\/strong> Inclui AFCI, detec\u00e7\u00e3o de falha \u00e0 terra, RCMU e prote\u00e7\u00e3o contra polaridade reversa DC<\/p>\n<\/li>\n<li class=\"\" data-start=\"1766\" data-end=\"1847\">\n<p class=\"\" data-start=\"1768\" data-end=\"1847\"><strong data-start=\"1768\" data-end=\"1796\">Pronto para uso externo:<\/strong> Classifica\u00e7\u00e3o IP66 \u2013 resistente \u00e0 poeira e \u00e0 \u00e1gua.<\/p>\n<\/li>\n<\/ul>\n","protected":false},"excerpt":{"rendered":"<p>Vis\u00e3o Geral: A s\u00e9rie MOTOMA Solis S6-EH1P (6\u20138)K-L-PLUS \u00e9 um&hellip;<\/p>\n","protected":false},"featured_media":53915,"template":"","meta":{"content-type":"","om_disable_all_campaigns":false,"_monsterinsights_skip_tracking":false,"_monsterinsights_sitenote_active":false,"_monsterinsights_sitenote_note":"","_monsterinsights_sitenote_category":0},"product_brand":[],"product_cat":[182,230],"product_tag":[],"class_list":{"0":"post-53914","1":"product","2":"type-product","3":"status-publish","4":"has-post-thumbnail","6":"product_cat-solar-inverter","7":"product_cat-low-voltage-inverter","9":"first","10":"instock","11":"shipping-taxable","12":"product-type-simple"},"_links":{"self":[{"href":"https:\/\/motoma.cn\/pt\/wp-json\/wp\/v2\/product\/53914","targetHints":{"allow":["GET"]}}],"collection":[{"href":"https:\/\/motoma.cn\/pt\/wp-json\/wp\/v2\/product"}],"about":[{"href":"https:\/\/motoma.cn\/pt\/wp-json\/wp\/v2\/types\/product"}],"version-history":[{"count":5,"href":"https:\/\/motoma.cn\/pt\/wp-json\/wp\/v2\/product\/53914\/revisions"}],"predecessor-version":[{"id":54166,"href":"https:\/\/motoma.cn\/pt\/wp-json\/wp\/v2\/product\/53914\/revisions\/54166"}],"wp:featuredmedia":[{"embeddable":true,"href":"https:\/\/motoma.cn\/pt\/wp-json\/wp\/v2\/media\/53915"}],"wp:attachment":[{"href":"https:\/\/motoma.cn\/pt\/wp-json\/wp\/v2\/media?parent=53914"}],"wp:term":[{"taxonomy":"product_brand","embeddable":true,"href":"https:\/\/motoma.cn\/pt\/wp-json\/wp\/v2\/product_brand?post=53914"},{"taxonomy":"product_cat","embeddable":true,"href":"https:\/\/motoma.cn\/pt\/wp-json\/wp\/v2\/product_cat?post=53914"},{"taxonomy":"product_tag","embeddable":true,"href":"https:\/\/motoma.cn\/pt\/wp-json\/wp\/v2\/product_tag?post=53914"}],"curies":[{"name":"wp","href":"https:\/\/api.w.org\/{rel}","templated":true}]}}