

{"id":53922,"date":"2025-03-21T18:19:00","date_gmt":"2025-03-21T18:19:00","guid":{"rendered":"https:\/\/motoma.cn\/pt\/?post_type=product&#038;p=53922"},"modified":"2025-04-25T01:52:51","modified_gmt":"2025-04-25T01:52:51","slug":"50kw-3-phase-s6-eh3p50k-h","status":"publish","type":"product","link":"https:\/\/motoma.cn\/pt\/product\/50kw-3-phase-s6-eh3p50k-h\/","title":{"rendered":"30K\/50K &#8211; Three Phase"},"content":{"rendered":"<h6 data-start=\"0\" data-end=\"16\"><strong data-start=\"0\" data-end=\"16\">Vis\u00e3o Geral:<\/strong><\/h6>\n<p class=\"\" data-start=\"18\" data-end=\"537\">A s\u00e9rie <strong data-start=\"26\" data-end=\"60\">MOTOMA Solis S6-EH3P (30\u201350KW)<\/strong> \u00e9 um inversor h\u00edbrido de alta tens\u00e3o e grande capacidade, projetado para aplica\u00e7\u00f5es exigentes de armazenamento de energia em sistemas trif\u00e1sicos residenciais e comerciais. Com efici\u00eancia MPPT de at\u00e9 99,9%, suporte para entradas duplas de bateria (at\u00e9 140A no total) e fun\u00e7\u00f5es inteligentes integradas como controle de gerador, <strong data-start=\"387\" data-end=\"403\">peak shaving<\/strong> (redu\u00e7\u00e3o de picos) e suporte a cargas inteligentes, essa s\u00e9rie oferece uma gest\u00e3o de energia potente, flex\u00edvel e altamente confi\u00e1vel.<\/p>\n<h6 data-start=\"544\" data-end=\"579\"><strong data-start=\"548\" data-end=\"579\">Principais Caracter\u00edsticas:<\/strong><\/h6>\n<ul data-start=\"581\" data-end=\"1812\" data-is-last-node=\"\" data-is-only-node=\"\">\n<li class=\"\" data-start=\"581\" data-end=\"666\">\n<p class=\"\" data-start=\"583\" data-end=\"666\"><strong data-start=\"583\" data-end=\"612\">Entrada dupla de bateria:<\/strong> Suporta 2 portas com at\u00e9 70A cada, totalizando 140A<\/p>\n<\/li>\n<li class=\"\" data-start=\"667\" data-end=\"745\">\n<p class=\"\" data-start=\"669\" data-end=\"745\"><strong data-start=\"669\" data-end=\"705\">Alta pot\u00eancia de carga\/descarga:<\/strong> At\u00e9 55KW de pot\u00eancia total da bateria<\/p>\n<\/li>\n<li class=\"\" data-start=\"746\" data-end=\"835\">\n<p class=\"\" data-start=\"748\" data-end=\"835\"><strong data-start=\"748\" data-end=\"779\">4 MPPTs com 20A por string:<\/strong> Compat\u00edvel com m\u00f3dulos fotovoltaicos de 182mm e 210mm<\/p>\n<\/li>\n<li class=\"\" data-start=\"836\" data-end=\"946\">\n<p class=\"\" data-start=\"838\" data-end=\"946\"><strong data-start=\"838\" data-end=\"878\">Sobretens\u00e3o 1,6\u00d7 na porta de backup:<\/strong> Opera\u00e7\u00e3o est\u00e1vel de cargas pesadas como bombas e ar-condicionados<\/p>\n<\/li>\n<li class=\"\" data-start=\"947\" data-end=\"1046\">\n<p class=\"\" data-start=\"949\" data-end=\"1046\"><strong data-start=\"949\" data-end=\"997\">Suporte a 100% de desequil\u00edbrio entre fases:<\/strong> Ideal para cen\u00e1rios com cargas desequilibradas<\/p>\n<\/li>\n<li class=\"\" data-start=\"1047\" data-end=\"1128\">\n<p class=\"\" data-start=\"1049\" data-end=\"1128\"><strong data-start=\"1049\" data-end=\"1087\">Paraleliza\u00e7\u00e3o de at\u00e9 6 inversores:<\/strong> Escal\u00e1vel para projetos de maior porte<\/p>\n<\/li>\n<li class=\"\" data-start=\"1129\" data-end=\"1236\">\n<p class=\"\" data-start=\"1131\" data-end=\"1236\"><strong data-start=\"1131\" data-end=\"1166\">Modos inteligentes de opera\u00e7\u00e3o:<\/strong> Autoconsumo, prioridade para venda \u00e0 rede, e funcionamento off-grid<\/p>\n<\/li>\n<li class=\"\" data-start=\"1237\" data-end=\"1323\">\n<p class=\"\" data-start=\"1239\" data-end=\"1323\"><strong data-start=\"1239\" data-end=\"1293\">Carga inteligente + acoplamento AC + peak shaving:<\/strong> Gest\u00e3o de energia otimizada<\/p>\n<\/li>\n<li class=\"\" data-start=\"1324\" data-end=\"1416\">\n<p class=\"\" data-start=\"1326\" data-end=\"1416\"><strong data-start=\"1326\" data-end=\"1369\">Comuta\u00e7\u00e3o para backup em menos de 10ms:<\/strong> Desempenho de n\u00edvel UPS para cargas cr\u00edticas<\/p>\n<\/li>\n<li class=\"\" data-start=\"1417\" data-end=\"1505\">\n<p class=\"\" data-start=\"1419\" data-end=\"1505\"><strong data-start=\"1419\" data-end=\"1450\">Tela LCD de 7\u201d + Bluetooth:<\/strong> Monitoramento local mesmo sem conex\u00e3o com a internet<\/p>\n<\/li>\n<li class=\"\" data-start=\"1506\" data-end=\"1587\">\n<p class=\"\" data-start=\"1508\" data-end=\"1587\"><strong data-start=\"1508\" data-end=\"1533\">Monitoramento remoto:<\/strong> Via Wi-Fi, 4G, LAN e Ethernet atrav\u00e9s do SolisCloud<\/p>\n<\/li>\n<li class=\"\" data-start=\"1588\" data-end=\"1723\">\n<p class=\"\" data-start=\"1590\" data-end=\"1723\"><strong data-start=\"1590\" data-end=\"1623\">Pacote completo de prote\u00e7\u00f5es:<\/strong> Inclui AFCI, prote\u00e7\u00e3o contra surtos, isolamento, polaridade reversa, curto-circuito, entre outros<\/p>\n<\/li>\n<li class=\"\" data-start=\"1724\" data-end=\"1812\">\n<p class=\"\" data-start=\"1726\" data-end=\"1812\"><strong data-start=\"1726\" data-end=\"1754\">Pronto para uso externo:<\/strong> Classifica\u00e7\u00e3o IP66, com faixa de opera\u00e7\u00e3o de -25\u2103 a +60\u2103.<\/p>\n<\/li>\n<\/ul>\n","protected":false},"excerpt":{"rendered":"<p>Vis\u00e3o Geral: A s\u00e9rie MOTOMA Solis S6-EH3P (30\u201350KW) \u00e9 um&hellip;<\/p>\n","protected":false},"featured_media":53923,"template":"","meta":{"content-type":"","om_disable_all_campaigns":false,"_monsterinsights_skip_tracking":false,"_monsterinsights_sitenote_active":false,"_monsterinsights_sitenote_note":"","_monsterinsights_sitenote_category":0},"product_brand":[],"product_cat":[182,231],"product_tag":[],"class_list":{"0":"post-53922","1":"product","2":"type-product","3":"status-publish","4":"has-post-thumbnail","6":"product_cat-solar-inverter","7":"product_cat-high-voltage-inverter","9":"first","10":"instock","11":"shipping-taxable","12":"product-type-simple"},"_links":{"self":[{"href":"https:\/\/motoma.cn\/pt\/wp-json\/wp\/v2\/product\/53922","targetHints":{"allow":["GET"]}}],"collection":[{"href":"https:\/\/motoma.cn\/pt\/wp-json\/wp\/v2\/product"}],"about":[{"href":"https:\/\/motoma.cn\/pt\/wp-json\/wp\/v2\/types\/product"}],"version-history":[{"count":7,"href":"https:\/\/motoma.cn\/pt\/wp-json\/wp\/v2\/product\/53922\/revisions"}],"predecessor-version":[{"id":54171,"href":"https:\/\/motoma.cn\/pt\/wp-json\/wp\/v2\/product\/53922\/revisions\/54171"}],"wp:featuredmedia":[{"embeddable":true,"href":"https:\/\/motoma.cn\/pt\/wp-json\/wp\/v2\/media\/53923"}],"wp:attachment":[{"href":"https:\/\/motoma.cn\/pt\/wp-json\/wp\/v2\/media?parent=53922"}],"wp:term":[{"taxonomy":"product_brand","embeddable":true,"href":"https:\/\/motoma.cn\/pt\/wp-json\/wp\/v2\/product_brand?post=53922"},{"taxonomy":"product_cat","embeddable":true,"href":"https:\/\/motoma.cn\/pt\/wp-json\/wp\/v2\/product_cat?post=53922"},{"taxonomy":"product_tag","embeddable":true,"href":"https:\/\/motoma.cn\/pt\/wp-json\/wp\/v2\/product_tag?post=53922"}],"curies":[{"name":"wp","href":"https:\/\/api.w.org\/{rel}","templated":true}]}}