

{"id":53938,"date":"2025-03-24T07:24:00","date_gmt":"2025-03-24T07:24:00","guid":{"rendered":"https:\/\/motoma.cn\/pt\/?post_type=product&#038;p=53938"},"modified":"2025-04-25T01:52:43","modified_gmt":"2025-04-25T01:52:43","slug":"12k-15k-three-phase-s6-eh3p12-15k02-nv-yd-l","status":"publish","type":"product","link":"https:\/\/motoma.cn\/pt\/product\/12k-15k-three-phase-s6-eh3p12-15k02-nv-yd-l\/","title":{"rendered":"12K\/15K &#8211; Three Phase"},"content":{"rendered":"<h6 data-start=\"0\" data-end=\"16\"><strong data-start=\"0\" data-end=\"16\">Vis\u00e3o Geral:<\/strong><\/h6>\n<p class=\"\" data-start=\"18\" data-end=\"582\">A s\u00e9rie <strong data-start=\"26\" data-end=\"62\">MOTOMA Solis S6-EH3P (12KW\u201315KW)<\/strong> representa uma nova gera\u00e7\u00e3o de inversores h\u00edbridos trif\u00e1sicos de baixa tens\u00e3o, desenvolvidos para sistemas de armazenamento de energia residenciais e comerciais de pequeno porte. Compat\u00edvel com baterias de \u00edon de l\u00edtio e chumbo-\u00e1cido de 48V, oferece configura\u00e7\u00f5es flex\u00edveis e uma poderosa capacidade de carga\/descarga de at\u00e9 290A. Com gerenciamento inteligente de cargas, transi\u00e7\u00e3o autom\u00e1tica para modo de backup e conectividade avan\u00e7ada, garante desempenho confi\u00e1vel, independ\u00eancia energ\u00e9tica e economia a longo prazo.<\/p>\n<h6 data-start=\"589\" data-end=\"624\"><strong data-start=\"593\" data-end=\"624\">Principais Caracter\u00edsticas:<\/strong><\/h6>\n<ul data-start=\"626\" data-end=\"1838\" data-is-last-node=\"\" data-is-only-node=\"\">\n<li class=\"\" data-start=\"626\" data-end=\"719\">\n<p class=\"\" data-start=\"628\" data-end=\"719\"><strong data-start=\"628\" data-end=\"668\">Compatibilidade com baterias de 48V:<\/strong> Suporta baterias de \u00edon de l\u00edtio e chumbo-\u00e1cido.<\/p>\n<\/li>\n<li class=\"\" data-start=\"720\" data-end=\"801\">\n<p class=\"\" data-start=\"722\" data-end=\"801\"><strong data-start=\"722\" data-end=\"760\">Corrente m\u00e1xima de carga\/descarga:<\/strong> 250A (modelo 12KW), 290A (modelo 15KW)<\/p>\n<\/li>\n<li class=\"\" data-start=\"802\" data-end=\"887\">\n<p class=\"\" data-start=\"804\" data-end=\"887\"><strong data-start=\"804\" data-end=\"829\">Entradas duplas MPPT:<\/strong> Suporta at\u00e9 4 strings fotovoltaicas (no modelo de 15KW)<\/p>\n<\/li>\n<li class=\"\" data-start=\"888\" data-end=\"991\">\n<p class=\"\" data-start=\"890\" data-end=\"991\"><strong data-start=\"890\" data-end=\"929\">Compatibilidade com acoplamento AC:<\/strong> Ideal para atualiza\u00e7\u00e3o de sistemas fotovoltaicos existentes<\/p>\n<\/li>\n<li class=\"\" data-start=\"992\" data-end=\"1080\">\n<p class=\"\" data-start=\"994\" data-end=\"1080\"><strong data-start=\"994\" data-end=\"1016\">Suporte a gerador:<\/strong> In\u00edcio\/parada autom\u00e1tica e monitoramento do status do gerador<\/p>\n<\/li>\n<li class=\"\" data-start=\"1081\" data-end=\"1190\">\n<p class=\"\" data-start=\"1083\" data-end=\"1190\"><strong data-start=\"1083\" data-end=\"1114\">Porta de carga inteligente:<\/strong> Gerencia cargas n\u00e3o cr\u00edticas com base no estado de carga (SOC) da bateria<\/p>\n<\/li>\n<li class=\"\" data-start=\"1191\" data-end=\"1286\">\n<p class=\"\" data-start=\"1193\" data-end=\"1286\"><strong data-start=\"1193\" data-end=\"1218\">Opera\u00e7\u00e3o em paralelo:<\/strong> Conex\u00e3o de at\u00e9 6 inversores em sistemas monof\u00e1sicos ou trif\u00e1sicos<\/p>\n<\/li>\n<li class=\"\" data-start=\"1287\" data-end=\"1385\">\n<p class=\"\" data-start=\"1289\" data-end=\"1385\"><strong data-start=\"1289\" data-end=\"1313\">3 modos de opera\u00e7\u00e3o:<\/strong> Autoconsumo \/ Prioridade de inje\u00e7\u00e3o na rede \/ Off-grid (fora da rede)<\/p>\n<\/li>\n<li class=\"\" data-start=\"1386\" data-end=\"1478\">\n<p class=\"\" data-start=\"1388\" data-end=\"1478\"><strong data-start=\"1388\" data-end=\"1424\">Tela colorida de 7\u201d + Bluetooth:<\/strong> Controle local completo sem necessidade de internet<\/p>\n<\/li>\n<li class=\"\" data-start=\"1479\" data-end=\"1562\">\n<p class=\"\" data-start=\"1481\" data-end=\"1562\"><strong data-start=\"1481\" data-end=\"1506\">Monitoramento remoto:<\/strong> Compat\u00edvel com Wi-Fi, 4G, LAN e aplicativo SolisCloud<\/p>\n<\/li>\n<li class=\"\" data-start=\"1563\" data-end=\"1652\">\n<p class=\"\" data-start=\"1565\" data-end=\"1652\"><strong data-start=\"1565\" data-end=\"1600\">Comuta\u00e7\u00e3o para backup em &lt;10ms:<\/strong> Transi\u00e7\u00e3o r\u00e1pida e est\u00e1vel durante falhas na rede<\/p>\n<\/li>\n<li class=\"\" data-start=\"1653\" data-end=\"1737\">\n<p class=\"\" data-start=\"1655\" data-end=\"1737\"><strong data-start=\"1655\" data-end=\"1678\">Classifica\u00e7\u00e3o IP66:<\/strong> Prote\u00e7\u00e3o contra poeira e \u00e1gua para uso interno e externo<\/p>\n<\/li>\n<li class=\"\" data-start=\"1738\" data-end=\"1838\">\n<p class=\"\" data-start=\"1740\" data-end=\"1838\"><strong data-start=\"1740\" data-end=\"1764\">Prote\u00e7\u00f5es avan\u00e7adas:<\/strong> Inclui AFCI, prote\u00e7\u00e3o contra surtos, curto-circuito e polaridade reversa.<\/p>\n<\/li>\n<\/ul>\n","protected":false},"excerpt":{"rendered":"<p>Vis\u00e3o Geral: A s\u00e9rie MOTOMA Solis S6-EH3P (12KW\u201315KW) representa uma&hellip;<\/p>\n","protected":false},"featured_media":53939,"template":"","meta":{"content-type":"","om_disable_all_campaigns":false,"_monsterinsights_skip_tracking":false,"_monsterinsights_sitenote_active":false,"_monsterinsights_sitenote_note":"","_monsterinsights_sitenote_category":0},"product_brand":[],"product_cat":[182,230],"product_tag":[],"class_list":{"0":"post-53938","1":"product","2":"type-product","3":"status-publish","4":"has-post-thumbnail","6":"product_cat-solar-inverter","7":"product_cat-low-voltage-inverter","9":"first","10":"instock","11":"shipping-taxable","12":"product-type-simple"},"_links":{"self":[{"href":"https:\/\/motoma.cn\/pt\/wp-json\/wp\/v2\/product\/53938","targetHints":{"allow":["GET"]}}],"collection":[{"href":"https:\/\/motoma.cn\/pt\/wp-json\/wp\/v2\/product"}],"about":[{"href":"https:\/\/motoma.cn\/pt\/wp-json\/wp\/v2\/types\/product"}],"version-history":[{"count":4,"href":"https:\/\/motoma.cn\/pt\/wp-json\/wp\/v2\/product\/53938\/revisions"}],"predecessor-version":[{"id":54155,"href":"https:\/\/motoma.cn\/pt\/wp-json\/wp\/v2\/product\/53938\/revisions\/54155"}],"wp:featuredmedia":[{"embeddable":true,"href":"https:\/\/motoma.cn\/pt\/wp-json\/wp\/v2\/media\/53939"}],"wp:attachment":[{"href":"https:\/\/motoma.cn\/pt\/wp-json\/wp\/v2\/media?parent=53938"}],"wp:term":[{"taxonomy":"product_brand","embeddable":true,"href":"https:\/\/motoma.cn\/pt\/wp-json\/wp\/v2\/product_brand?post=53938"},{"taxonomy":"product_cat","embeddable":true,"href":"https:\/\/motoma.cn\/pt\/wp-json\/wp\/v2\/product_cat?post=53938"},{"taxonomy":"product_tag","embeddable":true,"href":"https:\/\/motoma.cn\/pt\/wp-json\/wp\/v2\/product_tag?post=53938"}],"curies":[{"name":"wp","href":"https:\/\/api.w.org\/{rel}","templated":true}]}}