

{"id":53945,"date":"2025-03-24T07:54:00","date_gmt":"2025-03-24T07:54:00","guid":{"rendered":"https:\/\/motoma.cn\/pt\/?post_type=product&#038;p=53945"},"modified":"2025-04-25T01:52:29","modified_gmt":"2025-04-25T01:52:29","slug":"12k-15k-20k-three-phase-s6-eh3p12-20k-h","status":"publish","type":"product","link":"https:\/\/motoma.cn\/pt\/product\/12k-15k-20k-three-phase-s6-eh3p12-20k-h\/","title":{"rendered":"20K &#8211; Three Phase"},"content":{"rendered":"<h6 data-start=\"0\" data-end=\"16\"><strong data-start=\"0\" data-end=\"16\">Vis\u00e3o Geral:<\/strong><\/h6>\n<p class=\"\" data-start=\"18\" data-end=\"461\">A s\u00e9rie <strong data-start=\"26\" data-end=\"62\">MOTOMA Solis S6-EH3P (12KW\u201320KW)<\/strong> \u00e9 um sistema de inversor h\u00edbrido robusto e de alta tens\u00e3o, projetado para aplica\u00e7\u00f5es de armazenamento de energia trif\u00e1sicas em resid\u00eancias e pequenos com\u00e9rcios. Com suporte a diversos recursos inteligentes, prote\u00e7\u00f5es avan\u00e7adas e comuta\u00e7\u00e3o fluida entre rede e fora da rede, oferece uma solu\u00e7\u00e3o confi\u00e1vel e eficiente para maximizar o uso da energia solar e garantir fornecimento de energia de backup.<\/p>\n<article class=\"text-token-text-primary w-full\" dir=\"auto\" data-testid=\"conversation-turn-243\" data-scroll-anchor=\"true\">\n<div class=\"text-base my-auto mx-auto py-5 [--thread-content-margin:--spacing(4)] @[37rem]:[--thread-content-margin:--spacing(6)] @[70rem]:[--thread-content-margin:--spacing(12)] px-(--thread-content-margin)\">\n<div class=\"[--thread-content-max-width:32rem] @[34rem]:[--thread-content-max-width:40rem] @[64rem]:[--thread-content-max-width:48rem] mx-auto flex max-w-(--thread-content-max-width) flex-1 text-base gap-4 md:gap-5 lg:gap-6 group\/turn-messages focus-visible:outline-hidden\" tabindex=\"-1\">\n<div class=\"group\/conversation-turn relative flex w-full min-w-0 flex-col agent-turn\">\n<div class=\"relative flex-col gap-1 md:gap-3\">\n<div class=\"flex max-w-full flex-col grow\">\n<div class=\"min-h-8 text-message relative flex w-full flex-col items-end gap-2 text-start break-words whitespace-normal [.text-message+&amp;]:mt-5\" dir=\"auto\" data-message-author-role=\"assistant\" data-message-id=\"5e150699-0693-48a1-9d9c-e6e87b468ba2\" data-message-model-slug=\"gpt-4o\">\n<div class=\"flex w-full flex-col gap-1 empty:hidden first:pt-[3px]\">\n<div class=\"markdown prose dark:prose-invert w-full break-words light\">\n<h6 data-start=\"468\" data-end=\"503\"><strong data-start=\"472\" data-end=\"503\">Principais Caracter\u00edsticas:<\/strong><\/h6>\n<ul data-start=\"505\" data-end=\"1683\" data-is-last-node=\"\" data-is-only-node=\"\">\n<li class=\"\" data-start=\"505\" data-end=\"600\">\n<p class=\"\" data-start=\"507\" data-end=\"600\"><strong data-start=\"507\" data-end=\"545\">Sistema de Bateria de Alta Tens\u00e3o:<\/strong> Compat\u00edvel com baterias de \u00edons de l\u00edtio de 120\u2013800V<\/p>\n<\/li>\n<li class=\"\" data-start=\"601\" data-end=\"703\">\n<p class=\"\" data-start=\"603\" data-end=\"703\"><strong data-start=\"603\" data-end=\"639\">Alta Corrente de Carga\/Descarga:<\/strong> At\u00e9 50A por canal, com sa\u00edda AC m\u00e1xima de 30,4A (modelo 20KW)<\/p>\n<\/li>\n<li class=\"\" data-start=\"704\" data-end=\"813\">\n<p class=\"\" data-start=\"706\" data-end=\"813\"><strong data-start=\"706\" data-end=\"741\">Modos de Opera\u00e7\u00e3o Inteligentes:<\/strong> Autoconsumo, prioridade para inje\u00e7\u00e3o na rede e funcionamento off-grid<\/p>\n<\/li>\n<li class=\"\" data-start=\"814\" data-end=\"933\">\n<p class=\"\" data-start=\"816\" data-end=\"933\"><strong data-start=\"816\" data-end=\"841\">Opera\u00e7\u00e3o em Paralelo:<\/strong> Conex\u00e3o de at\u00e9 6 inversores para formar sistemas monof\u00e1sicos ou trif\u00e1sicos de maior porte<\/p>\n<\/li>\n<li class=\"\" data-start=\"934\" data-end=\"1028\">\n<p class=\"\" data-start=\"936\" data-end=\"1028\"><strong data-start=\"936\" data-end=\"967\">Suporte para Gerador e ATS:<\/strong> In\u00edcio\/parada autom\u00e1tica e op\u00e7\u00f5es de roteamento de energia<\/p>\n<\/li>\n<li class=\"\" data-start=\"1029\" data-end=\"1132\">\n<p class=\"\" data-start=\"1031\" data-end=\"1132\"><strong data-start=\"1031\" data-end=\"1070\">Compatibilidade com Acoplamento AC:<\/strong> Integra\u00e7\u00e3o facilitada com sistemas fotovoltaicos existentes<\/p>\n<\/li>\n<li class=\"\" data-start=\"1133\" data-end=\"1246\">\n<p class=\"\" data-start=\"1135\" data-end=\"1246\"><strong data-start=\"1135\" data-end=\"1167\">Fun\u00e7\u00e3o de Carga Inteligente:<\/strong> Controle de cargas n\u00e3o cr\u00edticas com base no SOC (estado de carga) da bateria<\/p>\n<\/li>\n<li class=\"\" data-start=\"1247\" data-end=\"1343\">\n<p class=\"\" data-start=\"1249\" data-end=\"1343\"><strong data-start=\"1249\" data-end=\"1292\">Display LCD Colorido de 7&#8243; + Bluetooth:<\/strong> Controle total local mesmo sem acesso \u00e0 internet<\/p>\n<\/li>\n<li class=\"\" data-start=\"1344\" data-end=\"1420\">\n<p class=\"\" data-start=\"1346\" data-end=\"1420\"><strong data-start=\"1346\" data-end=\"1371\">Monitoramento Remoto:<\/strong> Suporta Wi-Fi, 4G, LAN e aplicativo SolisCloud<\/p>\n<\/li>\n<li class=\"\" data-start=\"1421\" data-end=\"1514\">\n<p class=\"\" data-start=\"1423\" data-end=\"1514\"><strong data-start=\"1423\" data-end=\"1446\">Classifica\u00e7\u00e3o IP66:<\/strong> Resistente \u00e0 poeira e \u00e1gua, ideal para ambientes externos severos<\/p>\n<\/li>\n<li class=\"\" data-start=\"1515\" data-end=\"1683\">\n<p class=\"\" data-start=\"1517\" data-end=\"1683\"><strong data-start=\"1517\" data-end=\"1553\">Recursos Avan\u00e7ados de Seguran\u00e7a:<\/strong> Inclui AFCI, monitoramento de isolamento, prote\u00e7\u00e3o contra curto-circuito, RCD, prote\u00e7\u00e3o contra ilhamento (anti-islanding) e mais.<\/p>\n<\/li>\n<\/ul>\n<\/div>\n<\/div>\n<\/div>\n<\/div>\n<\/div>\n<\/div>\n<\/div>\n<\/div>\n<\/article>\n","protected":false},"excerpt":{"rendered":"<p>Vis\u00e3o Geral: A s\u00e9rie MOTOMA Solis S6-EH3P (12KW\u201320KW) \u00e9 um&hellip;<\/p>\n","protected":false},"featured_media":53946,"template":"","meta":{"content-type":"","om_disable_all_campaigns":false,"_monsterinsights_skip_tracking":false,"_monsterinsights_sitenote_active":false,"_monsterinsights_sitenote_note":"","_monsterinsights_sitenote_category":0},"product_brand":[],"product_cat":[182,231],"product_tag":[],"class_list":{"0":"post-53945","1":"product","2":"type-product","3":"status-publish","4":"has-post-thumbnail","6":"product_cat-solar-inverter","7":"product_cat-high-voltage-inverter","9":"first","10":"instock","11":"shipping-taxable","12":"product-type-simple"},"_links":{"self":[{"href":"https:\/\/motoma.cn\/pt\/wp-json\/wp\/v2\/product\/53945","targetHints":{"allow":["GET"]}}],"collection":[{"href":"https:\/\/motoma.cn\/pt\/wp-json\/wp\/v2\/product"}],"about":[{"href":"https:\/\/motoma.cn\/pt\/wp-json\/wp\/v2\/types\/product"}],"version-history":[{"count":4,"href":"https:\/\/motoma.cn\/pt\/wp-json\/wp\/v2\/product\/53945\/revisions"}],"predecessor-version":[{"id":54151,"href":"https:\/\/motoma.cn\/pt\/wp-json\/wp\/v2\/product\/53945\/revisions\/54151"}],"wp:featuredmedia":[{"embeddable":true,"href":"https:\/\/motoma.cn\/pt\/wp-json\/wp\/v2\/media\/53946"}],"wp:attachment":[{"href":"https:\/\/motoma.cn\/pt\/wp-json\/wp\/v2\/media?parent=53945"}],"wp:term":[{"taxonomy":"product_brand","embeddable":true,"href":"https:\/\/motoma.cn\/pt\/wp-json\/wp\/v2\/product_brand?post=53945"},{"taxonomy":"product_cat","embeddable":true,"href":"https:\/\/motoma.cn\/pt\/wp-json\/wp\/v2\/product_cat?post=53945"},{"taxonomy":"product_tag","embeddable":true,"href":"https:\/\/motoma.cn\/pt\/wp-json\/wp\/v2\/product_tag?post=53945"}],"curies":[{"name":"wp","href":"https:\/\/api.w.org\/{rel}","templated":true}]}}