

{"id":53960,"date":"2025-03-24T10:40:00","date_gmt":"2025-03-24T10:40:00","guid":{"rendered":"https:\/\/motoma.cn\/pt\/?post_type=product&#038;p=53960"},"modified":"2025-04-25T01:05:29","modified_gmt":"2025-04-25T01:05:29","slug":"liquid-cooling-container-ess-m2500-5015","status":"publish","type":"product","link":"https:\/\/motoma.cn\/pt\/product\/liquid-cooling-container-ess-m2500-5015\/","title":{"rendered":"Liquid-cooling Container ESS M2500-5015"},"content":{"rendered":"<h6><strong>Vis\u00e3o Geral:<\/strong><\/h6>\n<p class=\"\" data-start=\"18\" data-end=\"404\">O <strong data-start=\"20\" data-end=\"39\">MOTOMA 5015 ESS<\/strong> \u00e9 composto por uma bateria de 314Ah, pacote de baterias com resfriamento l\u00edquido, agrupamento de baterias (cluster), sistema de distribui\u00e7\u00e3o de energia, sistema de controle de temperatura com resfriamento l\u00edquido, sistema de prote\u00e7\u00e3o contra inc\u00eandios, BMS (sistema de gerenciamento de bateria), entre outros. A capacidade nominal do sistema \u00e9 de <strong data-start=\"386\" data-end=\"401\">5015,96 kWh<\/strong>.<\/p>\n<p class=\"\" data-start=\"406\" data-end=\"851\">Cada cluster \u00e9 equipado com um <strong data-start=\"437\" data-end=\"455\">subcontrolador<\/strong> para gerenciamento independente de carga e descarga. Cada cluster \u00e9 formado por oito pacotes de baterias <strong data-start=\"561\" data-end=\"570\">1P52S<\/strong> conectados em s\u00e9rie. S\u00e3o utilizadas c\u00e9lulas de bateria de alta densidade energ\u00e9tica de 314Ah, com a energia sendo direcionada \u00e0 interface externa do cont\u00eainer ap\u00f3s passar pelo subcontrolador. O cont\u00eainer possui um design de manuten\u00e7\u00e3o externa <strong data-start=\"814\" data-end=\"850\">sem acesso interno (non-walk-in)<\/strong>.<\/p>\n<p class=\"\" data-start=\"853\" data-end=\"962\">Recomenda-se sua aplica\u00e7\u00e3o em diversos cen\u00e1rios de uso de sistemas de armazenamento de energia (ESS), como:<\/p>\n<ul data-start=\"963\" data-end=\"1237\">\n<li class=\"\" data-start=\"963\" data-end=\"1009\">\n<p class=\"\" data-start=\"965\" data-end=\"1009\">Regula\u00e7\u00e3o de frequ\u00eancia em hor\u00e1rio de pico<\/p>\n<\/li>\n<li class=\"\" data-start=\"1010\" data-end=\"1044\">\n<p class=\"\" data-start=\"1012\" data-end=\"1044\">Suaviza\u00e7\u00e3o de sa\u00edda de energia<\/p>\n<\/li>\n<li class=\"\" data-start=\"1045\" data-end=\"1072\">\n<p class=\"\" data-start=\"1047\" data-end=\"1072\">Suporte \u00e0 rede el\u00e9trica<\/p>\n<\/li>\n<li class=\"\" data-start=\"1073\" data-end=\"1108\">\n<p class=\"\" data-start=\"1075\" data-end=\"1108\">Redu\u00e7\u00e3o de picos (peak shaving)<\/p>\n<\/li>\n<li class=\"\" data-start=\"1109\" data-end=\"1237\">\n<p class=\"\" data-start=\"1111\" data-end=\"1237\">Preenchimento de vales (valley filling)<br data-start=\"1150\" data-end=\"1153\" \/>em ambientes de gera\u00e7\u00e3o de energia renov\u00e1vel, no lado da rede ou no lado do usu\u00e1rio.<\/p>\n<\/li>\n<\/ul>\n<h6 data-start=\"1244\" data-end=\"1267\"><strong data-start=\"1248\" data-end=\"1267\">Par\u00e2metros ESS:<\/strong><\/h6>\n<table style=\"width: 100%; border-collapse: collapse; font-family: Arial, sans-serif; font-size: 14px; text-align: center;\">\n<thead>\n<tr style=\"color: white;\">\n<th style=\"padding: 8px; border: 1px solid black; background-color: #a51d1d;\"><strong data-start=\"1303\" data-end=\"1311\">Tipo<\/strong><\/th>\n<th style=\"padding: 8px; border: 1px solid black; background-color: #a51d1d;\">Nome<\/th>\n<th style=\"padding: 8px; border: 1px solid black; background-color: #a51d1d;\"><strong data-start=\"1354\" data-end=\"1367\">Par\u00e2metro<\/strong><\/th>\n<th style=\"padding: 8px; border: 1px solid black; background-color: #a51d1d;\">Observa\u00e7\u00f5es<\/th>\n<\/tr>\n<\/thead>\n<tbody>\n<tr>\n<td style=\"background-color: #ffffff; color: black; font-weight: bold; padding: 8px; border: 1px solid black; vertical-align: middle;\" rowspan=\"11\">Par\u00e2metros da Bateria<\/td>\n<td style=\"padding: 8px; border: 1px solid black;\">Tipo de c\u00e9lula<\/td>\n<td style=\"padding: 8px; border: 1px solid black;\">LFP-3.2V-314Ah<\/td>\n<td style=\"padding: 8px; border: 1px solid black;\"><\/td>\n<\/tr>\n<tr>\n<td style=\"padding: 8px; border: 1px solid black;\">Capacidade nominal [kWh]<\/td>\n<td style=\"padding: 8px; border: 1px solid black;\">5015.96<\/td>\n<td style=\"padding: 8px; border: 1px solid black;\">P2, @25\u00b0C\u00b13\u00b0C<\/td>\n<\/tr>\n<tr>\n<td style=\"padding: 8px; border: 1px solid black;\">Tens\u00e3o nominal [V]<\/td>\n<td style=\"padding: 8px; border: 1px solid black;\">1331.2<\/td>\n<td style=\"padding: 8px; border: 1px solid black;\"><\/td>\n<\/tr>\n<tr>\n<td style=\"padding: 8px; border: 1px solid black;\">Faixa de tens\u00e3o [V]<\/td>\n<td style=\"padding: 8px; border: 1px solid black;\">1164.8~1497.6<\/td>\n<td style=\"padding: 8px; border: 1px solid black;\"><\/td>\n<\/tr>\n<tr>\n<td style=\"padding: 8px; border: 1px solid black;\">Taxa carga\/descarga<\/td>\n<td style=\"padding: 8px; border: 1px solid black;\">\u22640.5CP<\/td>\n<td style=\"padding: 8px; border: 1px solid black;\"><\/td>\n<\/tr>\n<tr>\n<td style=\"padding: 8px; border: 1px solid black;\">Pot\u00eancia m\u00e1x. carga\/descarga [kW]<\/td>\n<td style=\"padding: 8px; border: 1px solid black;\">2500<\/td>\n<td style=\"padding: 8px; border: 1px solid black;\">PCS modular de 215kW<\/td>\n<\/tr>\n<tr>\n<td style=\"padding: 8px; border: 1px solid black;\">Temperatura opera\u00e7\u00e3o<\/td>\n<td style=\"padding: 8px; border: 1px solid black;\">Carga: 0~50\u00b0C<br \/>\nDescarga:: -20~55\u00b0C<\/td>\n<td style=\"padding: 8px; border: 1px solid black;\"><\/td>\n<\/tr>\n<tr>\n<td style=\"padding: 8px; border: 1px solid black;\">Temp. ambiente recomendada [\u00b0C]<\/td>\n<td style=\"padding: 8px; border: 1px solid black;\">25\u00b110<\/td>\n<td style=\"padding: 8px; border: 1px solid black;\"><\/td>\n<\/tr>\n<tr>\n<td style=\"padding: 8px; border: 1px solid black;\">Ciclos de vida \u00fatil<\/td>\n<td style=\"padding: 8px; border: 1px solid black;\">\u22656000 times<\/td>\n<td style=\"padding: 8px; border: 1px solid black;\">25\u00b110\u00b0C, 90%DOD, 80%EOL<\/td>\n<\/tr>\n<tr>\n<td style=\"padding: 8px; border: 1px solid black;\">M\u00e9todo de resfriamento<\/td>\n<td style=\"padding: 8px; border: 1px solid black;\">Resfriamento l\u00edquido<\/td>\n<td style=\"padding: 8px; border: 1px solid black;\">Meio: \u00e1gua + glicol<\/td>\n<\/tr>\n<tr>\n<td style=\"padding: 8px; border: 1px solid black;\">BMS<\/td>\n<td style=\"padding: 8px; border: 1px solid black;\">N\u00edvel 3<\/td>\n<td style=\"padding: 8px; border: 1px solid black;\"><\/td>\n<\/tr>\n<tr>\n<td style=\"background-color: #ffffff; color: black; font-weight: bold; padding: 8px; border: 1px solid black; vertical-align: middle;\" rowspan=\"17\">Par\u00e2metros do Sistema<\/td>\n<td style=\"padding: 8px; border: 1px solid black;\">Par\u00e2metro el\u00e9trico auxiliar<\/td>\n<td style=\"padding: 8px; border: 1px solid black;\">~40kW-400V\/50Hz<\/td>\n<td style=\"padding: 8px; border: 1px solid black;\">~3N+PE<\/td>\n<\/tr>\n<tr>\n<td style=\"padding: 8px; border: 1px solid black;\">Sistema de prote\u00e7\u00e3o contra inc\u00eandio<\/td>\n<td style=\"padding: 8px; border: 1px solid black;\">Perfluorohexanona + prote\u00e7\u00e3o por \u00e1gua<\/td>\n<td style=\"padding: 8px; border: 1px solid black;\">A\u00e9rosol tipo S \/ HFC-227ea opcional<\/td>\n<\/tr>\n<tr>\n<td style=\"padding: 8px; border: 1px solid black;\">N\u00edvel anticorrosivo<\/td>\n<td style=\"padding: 8px; border: 1px solid black;\">C4<\/td>\n<td style=\"padding: 8px; border: 1px solid black;\">C5 opcional<\/td>\n<\/tr>\n<tr>\n<td style=\"padding: 8px; border: 1px solid black;\">N\u00edvel de prote\u00e7\u00e3o contra raios<\/td>\n<td style=\"padding: 8px; border: 1px solid black;\">N\u00edvel II<\/td>\n<td style=\"padding: 8px; border: 1px solid black;\"><\/td>\n<\/tr>\n<tr>\n<td style=\"padding: 8px; border: 1px solid black;\">Prote\u00e7\u00e3o contra intrus\u00e3o<\/td>\n<td style=\"padding: 8px; border: 1px solid black;\">IP55<\/td>\n<td style=\"padding: 8px; border: 1px solid black;\"><\/td>\n<\/tr>\n<tr>\n<td style=\"padding: 8px; border: 1px solid black;\">Faixa de temperatura de opera\u00e7\u00e3o [\u00b0C]<\/td>\n<td style=\"padding: 8px; border: 1px solid black;\">-20~+50<\/td>\n<td style=\"padding: 8px; border: 1px solid black;\">Redu\u00e7\u00e3o de pot\u00eancia acima de 45\u00b0C<\/td>\n<\/tr>\n<tr>\n<td style=\"padding: 8px; border: 1px solid black;\">Faixa de temperatura de armazenamento [\u00b0C]<\/td>\n<td style=\"padding: 8px; border: 1px solid black;\">-20~+55<\/td>\n<td style=\"padding: 8px; border: 1px solid black;\">At\u00e9 6 meses<\/td>\n<\/tr>\n<tr>\n<td style=\"padding: 8px; border: 1px solid black;\">Umidade operacional<\/td>\n<td style=\"padding: 8px; border: 1px solid black;\">0~95%RH<\/td>\n<td style=\"padding: 8px; border: 1px solid black;\">Sem condensa\u00e7\u00e3o<\/td>\n<\/tr>\n<tr>\n<td style=\"padding: 8px; border: 1px solid black;\">Modo de instala\u00e7\u00e3o<\/td>\n<td style=\"padding: 8px; border: 1px solid black;\">Modo padr\u00e3o<\/td>\n<td style=\"padding: 8px; border: 1px solid black;\"><\/td>\n<\/tr>\n<tr>\n<td style=\"padding: 8px; border: 1px solid black;\">Condi\u00e7\u00f5es de trabalho<\/td>\n<td style=\"padding: 8px; border: 1px solid black;\">M\u00e1x. 2 cargas e 2 descargas por dia<\/td>\n<td style=\"padding: 8px; border: 1px solid black;\"><\/td>\n<\/tr>\n<tr>\n<td style=\"padding: 8px; border: 1px solid black;\">Interface de comunica\u00e7\u00e3o do sistema<\/td>\n<td style=\"padding: 8px; border: 1px solid black;\">CAN\/Ethernet\/RS485<\/td>\n<td style=\"padding: 8px; border: 1px solid black;\"><\/td>\n<\/tr>\n<tr>\n<td style=\"padding: 8px; border: 1px solid black;\">Protocolo externo de comunica\u00e7\u00e3o<\/td>\n<td style=\"padding: 8px; border: 1px solid black;\">Modbus TCP<\/td>\n<td style=\"padding: 8px; border: 1px solid black;\"><\/td>\n<\/tr>\n<tr>\n<td style=\"padding: 8px; border: 1px solid black;\">Altitude operacional [m]<\/td>\n<td style=\"padding: 8px; border: 1px solid black;\">\u22643000<\/td>\n<td style=\"padding: 8px; border: 1px solid black;\"><\/td>\n<\/tr>\n<tr>\n<td style=\"padding: 8px; border: 1px solid black;\">Dimens\u00f5es (L \u00d7 P \u00d7 A)<\/td>\n<td style=\"padding: 8px; border: 1px solid black;\">6058*2438*2896<\/td>\n<td style=\"padding: 8px; border: 1px solid black;\">Cont\u00eainer de 20 p\u00e9s<\/td>\n<\/tr>\n<tr>\n<td style=\"padding: 8px; border: 1px solid black;\">Peso [T]<\/td>\n<td style=\"padding: 8px; border: 1px solid black;\">~41<\/td>\n<td style=\"padding: 8px; border: 1px solid black;\"><\/td>\n<\/tr>\n<tr>\n<td style=\"padding: 8px; border: 1px solid black;\">Modelo da bateria<\/td>\n<td style=\"padding: 8px; border: 1px solid black;\">M2500-5015<\/td>\n<td style=\"padding: 8px; border: 1px solid black;\"><\/td>\n<\/tr>\n<tr>\n<td style=\"padding: 8px; border: 1px solid black;\">Certifica\u00e7\u00f5es<\/td>\n<td style=\"padding: 8px; border: 1px solid black;\" colspan=\"2\">GB\/T 36276, GB\/T 34131<\/td>\n<\/tr>\n<\/tbody>\n<\/table>\n<p>&nbsp;<\/p>\n<h6 data-start=\"5101\" data-end=\"5135\"><strong data-start=\"5105\" data-end=\"5135\">Caracter\u00edsticas Principais<\/strong><\/h6>\n<p><strong>Seguran\u00e7a:<\/strong><\/p>\n<ul>\n<li class=\"\" data-start=\"5161\" data-end=\"5261\">\n<p class=\"\" data-start=\"5163\" data-end=\"5261\">Detec\u00e7\u00e3o em milissegundos no n\u00edvel do PACK e do cont\u00eainer para extin\u00e7\u00e3o de inc\u00eandio direcionada.<\/p>\n<\/li>\n<li class=\"\" data-start=\"5262\" data-end=\"5333\">\n<p class=\"\" data-start=\"5264\" data-end=\"5333\">Sistema de combate a inc\u00eandio com g\u00e1s e \u00e1gua para evitar reigni\u00e7\u00e3o.<\/p>\n<\/li>\n<li class=\"\" data-start=\"5334\" data-end=\"5434\">\n<p class=\"\" data-start=\"5336\" data-end=\"5434\">Exaust\u00e3o ativa + sistema de ventila\u00e7\u00e3o de explos\u00e3o em tr\u00eas n\u00edveis para evitar danos secund\u00e1rios.<\/p>\n<\/li>\n<li class=\"\" data-start=\"5435\" data-end=\"5544\">\n<p class=\"\" data-start=\"5437\" data-end=\"5544\">Isolamento t\u00e9rmico em tr\u00eas n\u00edveis (c\u00e9lulas, PACK e clusters), com resist\u00eancia ao fogo superior a 2 horas.<\/p>\n<\/li>\n<li class=\"\" data-start=\"5545\" data-end=\"5663\">\n<p class=\"\" data-start=\"5547\" data-end=\"5663\">Sistema de prote\u00e7\u00e3o com fus\u00edveis em quatro n\u00edveis (PACK, cluster, conjunto e sistema), reduzindo os riscos em 30%.<\/p>\n<\/li>\n<li class=\"\" data-start=\"5664\" data-end=\"5764\">\n<p class=\"\" data-start=\"5666\" data-end=\"5764\">Novo material isolante com retardante de chama n\u00edvel 5VA, aumentando a resist\u00eancia ao fogo em 25%.<\/p>\n<\/li>\n<\/ul>\n<p><strong>Simplicidade:<\/strong><\/p>\n<ul>\n<li class=\"\" data-start=\"5793\" data-end=\"5959\">\n<p class=\"\" data-start=\"5795\" data-end=\"5959\">Bateria de 314Ah, placa fria extremamente estreita, cont\u00eainer HQ padr\u00e3o de 20 p\u00e9s com energia nominal de 5.015MWh, \u00e1rea ocupada &lt;15m\u00b2, reduzindo os custos de EPC.<\/p>\n<\/li>\n<li class=\"\" data-start=\"5960\" data-end=\"6083\">\n<p class=\"\" data-start=\"5962\" data-end=\"6083\">Arquitetura em strings e acoplamento do lado AC, evita circula\u00e7\u00e3o entre clusters e aumenta a pot\u00eancia dispon\u00edvel em 9%.<\/p>\n<\/li>\n<li class=\"\" data-start=\"6084\" data-end=\"6190\">\n<p class=\"\" data-start=\"6086\" data-end=\"6190\">Cont\u00eainer totalmente pr\u00e9-fabricado, instalado e testado em f\u00e1brica, reduzindo o prazo de entrega em 50%.<\/p>\n<\/li>\n<\/ul>\n<p><strong>Intelig\u00eancia:<\/strong><\/p>\n<ul>\n<li class=\"\" data-start=\"6219\" data-end=\"6290\">\n<p class=\"\" data-start=\"6221\" data-end=\"6290\">Diferen\u00e7a de temperatura entre n\u00facleos de bateria inferior a 2.5\u00b0C.<\/p>\n<\/li>\n<li class=\"\" data-start=\"6291\" data-end=\"6433\">\n<p class=\"\" data-start=\"6293\" data-end=\"6433\">Modelo de IA prev\u00ea vida \u00fatil restante e riscos \u00e0 seguran\u00e7a, orientando a manuten\u00e7\u00e3o preventiva e aumentando a vida \u00fatil da bateria em 12%.<\/p>\n<\/li>\n<li class=\"\" data-start=\"6434\" data-end=\"6612\">\n<p class=\"\" data-start=\"6436\" data-end=\"6612\">Equaliza\u00e7\u00e3o ativa sem perdas, autorrepara\u00e7\u00e3o e autoequil\u00edbrio, com controle autom\u00e1tico de comuta\u00e7\u00e3o por cluster, eliminando a necessidade de t\u00e9cnicos especializados no local.<\/p>\n<\/li>\n<li class=\"\" data-start=\"6613\" data-end=\"6683\">\n<p class=\"\" data-start=\"6615\" data-end=\"6683\">Sistema inteligente de detec\u00e7\u00e3o de erros antecipada durante o debug.<\/p>\n<\/li>\n<\/ul>\n","protected":false},"excerpt":{"rendered":"<p>Vis\u00e3o Geral: O MOTOMA 5015 ESS \u00e9 composto por uma&hellip;<\/p>\n","protected":false},"featured_media":53961,"template":"","meta":{"content-type":"","om_disable_all_campaigns":false,"_monsterinsights_skip_tracking":false,"_monsterinsights_sitenote_active":false,"_monsterinsights_sitenote_note":"","_monsterinsights_sitenote_category":0},"product_brand":[],"product_cat":[256,72],"product_tag":[],"class_list":{"0":"post-53960","1":"product","2":"type-product","3":"status-publish","4":"has-post-thumbnail","6":"product_cat-utilities-ess","7":"product_cat-lithium-battery","9":"first","10":"instock","11":"shipping-taxable","12":"product-type-simple"},"_links":{"self":[{"href":"https:\/\/motoma.cn\/pt\/wp-json\/wp\/v2\/product\/53960","targetHints":{"allow":["GET"]}}],"collection":[{"href":"https:\/\/motoma.cn\/pt\/wp-json\/wp\/v2\/product"}],"about":[{"href":"https:\/\/motoma.cn\/pt\/wp-json\/wp\/v2\/types\/product"}],"version-history":[{"count":5,"href":"https:\/\/motoma.cn\/pt\/wp-json\/wp\/v2\/product\/53960\/revisions"}],"predecessor-version":[{"id":54138,"href":"https:\/\/motoma.cn\/pt\/wp-json\/wp\/v2\/product\/53960\/revisions\/54138"}],"wp:featuredmedia":[{"embeddable":true,"href":"https:\/\/motoma.cn\/pt\/wp-json\/wp\/v2\/media\/53961"}],"wp:attachment":[{"href":"https:\/\/motoma.cn\/pt\/wp-json\/wp\/v2\/media?parent=53960"}],"wp:term":[{"taxonomy":"product_brand","embeddable":true,"href":"https:\/\/motoma.cn\/pt\/wp-json\/wp\/v2\/product_brand?post=53960"},{"taxonomy":"product_cat","embeddable":true,"href":"https:\/\/motoma.cn\/pt\/wp-json\/wp\/v2\/product_cat?post=53960"},{"taxonomy":"product_tag","embeddable":true,"href":"https:\/\/motoma.cn\/pt\/wp-json\/wp\/v2\/product_tag?post=53960"}],"curies":[{"name":"wp","href":"https:\/\/api.w.org\/{rel}","templated":true}]}}