

{"id":53980,"date":"2025-03-24T17:21:00","date_gmt":"2025-03-24T17:21:00","guid":{"rendered":"https:\/\/motoma.cn\/pt\/?post_type=product&#038;p=53980"},"modified":"2025-04-25T01:05:24","modified_gmt":"2025-04-25T01:05:24","slug":"centralized-medium-voltage-converter-system-ft25-690v-3450kw","status":"publish","type":"product","link":"https:\/\/motoma.cn\/pt\/product\/centralized-medium-voltage-converter-system-ft25-690v-3450kw\/","title":{"rendered":"Centralized Medium-Voltage Converter System FT25-690V 3450KW"},"content":{"rendered":"<p><strong>Vis\u00e3o Geral:<\/strong><\/p>\n<p class=\"\" data-start=\"18\" data-end=\"368\">O <strong data-start=\"20\" data-end=\"46\">MOTOMA FT25-690V3450KW<\/strong> \u00e9 um sistema de conversor de m\u00e9dia tens\u00e3o altamente integrado, projetado para aplica\u00e7\u00f5es do lado da rede, lado do usu\u00e1rio e em energia renov\u00e1vel. Ele combina m\u00faltiplos componentes de gerenciamento de energia em um \u00fanico cont\u00eainer compacto, garantindo uma implanta\u00e7\u00e3o r\u00e1pida, alta confiabilidade e manuten\u00e7\u00e3o simplificada.<\/p>\n<p class=\"\" data-start=\"370\" data-end=\"878\">Com uma avan\u00e7ada adaptabilidade \u00e0 rede \u2014 incluindo suporte a varia\u00e7\u00f5es de alta\/baixa tens\u00e3o, capacidade de partida aut\u00f4noma (&#8220;black start&#8221;) e despacho r\u00e1pido de pot\u00eancia \u2014 o sistema proporciona estabilidade e efici\u00eancia excepcionais. Sua arquitetura de bateria dupla permite ciclos independentes de carga\/descarga, aumentando a vida \u00fatil das baterias e reduzindo os riscos operacionais. A unidade \u00e9 otimizada para operar em condi\u00e7\u00f5es ambientais severas, sendo adequada para v\u00e1rias aplica\u00e7\u00f5es em larga escala.<\/p>\n<p class=\"\" data-start=\"879\" data-end=\"1213\"><strong>Par\u00e2metros ESS:<\/strong><\/p>\n<table style=\"width: 100%; border-collapse: collapse; font-family: Arial, sans-serif; font-size: 14px; text-align: center;\">\n<thead>\n<tr style=\"color: white;\">\n<th style=\"padding: 8px; border: 1px solid black; background-color: #a51d1d;\">Categoria<\/th>\n<th style=\"padding: 8px; border: 1px solid black; background-color: #a51d1d;\">Nome<\/th>\n<th style=\"padding: 8px; border: 1px solid black; background-color: #a51d1d;\">Par\u00e2metro<\/th>\n<th style=\"padding: 8px; border: 1px solid black; background-color: #a51d1d;\">Observa\u00e7\u00e3o<\/th>\n<\/tr>\n<\/thead>\n<tbody>\n<tr>\n<td style=\"background-color: #ffffff; color: black; font-weight: bold; padding: 8px; border: 1px solid black; vertical-align: middle;\" rowspan=\"4\">Par\u00e2metros DC<\/td>\n<td style=\"padding: 8px; border: 1px solid black;\">Tens\u00e3o de entrada m\u00e1xima<\/td>\n<td style=\"padding: 8px; border: 1px solid black;\">1500V<\/td>\n<td style=\"padding: 8px; border: 1px solid black;\"><\/td>\n<\/tr>\n<tr>\n<td style=\"padding: 8px; border: 1px solid black;\">Corrente DC m\u00e1xima<\/td>\n<td style=\"padding: 8px; border: 1px solid black;\">3872A<\/td>\n<td style=\"padding: 8px; border: 1px solid black;\"><\/td>\n<\/tr>\n<tr>\n<td style=\"padding: 8px; border: 1px solid black;\">Faixa de tens\u00e3o do grupo de baterias<\/td>\n<td style=\"padding: 8px; border: 1px solid black;\">1000~1500V<\/td>\n<td style=\"padding: 8px; border: 1px solid black;\"><\/td>\n<\/tr>\n<tr>\n<td style=\"padding: 8px; border: 1px solid black;\">M\u00e1ximo de grupos de baterias<\/td>\n<td style=\"padding: 8px; border: 1px solid black;\">2<\/td>\n<td style=\"padding: 8px; border: 1px solid black;\"><\/td>\n<\/tr>\n<tr>\n<td style=\"background-color: #ffffff; color: black; font-weight: bold; padding: 8px; border: 1px solid black; vertical-align: middle;\" rowspan=\"7\">Par\u00e2metros AC (Rede)<\/td>\n<td style=\"padding: 8px; border: 1px solid black;\">Pot\u00eancia AC nominal<\/td>\n<td style=\"padding: 8px; border: 1px solid black;\">3450kW<\/td>\n<td style=\"padding: 8px; border: 1px solid black;\"><\/td>\n<\/tr>\n<tr>\n<td style=\"padding: 8px; border: 1px solid black;\">Pot\u00eancia AC m\u00e1xima<\/td>\n<td style=\"padding: 8px; border: 1px solid black;\">3795kW<\/td>\n<td style=\"padding: 8px; border: 1px solid black;\"><\/td>\n<\/tr>\n<tr>\n<td style=\"padding: 8px; border: 1px solid black;\">Tens\u00e3o AC<\/td>\n<td style=\"padding: 8px; border: 1px solid black;\">690V<\/td>\n<td style=\"padding: 8px; border: 1px solid black;\"><\/td>\n<\/tr>\n<tr>\n<td style=\"padding: 8px; border: 1px solid black;\">Tens\u00e3o nominal da rede<\/td>\n<td style=\"padding: 8px; border: 1px solid black;\">10kV\/20kV\/35kV<\/td>\n<td style=\"padding: 8px; border: 1px solid black;\"><\/td>\n<\/tr>\n<tr>\n<td style=\"padding: 8px; border: 1px solid black;\">Frequ\u00eancia nominal da rede<\/td>\n<td style=\"padding: 8px; border: 1px solid black;\">50\/60Hz<\/td>\n<td style=\"padding: 8px; border: 1px solid black;\"><\/td>\n<\/tr>\n<tr>\n<td style=\"padding: 8px; border: 1px solid black;\">Distor\u00e7\u00e3o harm\u00f4nica (THD)<\/td>\n<td style=\"padding: 8px; border: 1px solid black;\">&lt;1.5%<\/td>\n<td style=\"padding: 8px; border: 1px solid black;\"><\/td>\n<\/tr>\n<tr>\n<td style=\"padding: 8px; border: 1px solid black;\">Fator de pot\u00eancia<\/td>\n<td style=\"padding: 8px; border: 1px solid black;\">&gt;0.99 (at rated power)<\/td>\n<td style=\"padding: 8px; border: 1px solid black;\"><\/td>\n<\/tr>\n<tr>\n<td style=\"background-color: #ffffff; color: black; font-weight: bold; padding: 8px; border: 1px solid black; vertical-align: middle;\" rowspan=\"6\">Par\u00e2metros Sistema<\/td>\n<td style=\"padding: 8px; border: 1px solid black;\">Efici\u00eancia m\u00e1xima do sistema<\/td>\n<td style=\"padding: 8px; border: 1px solid black;\">98.31%<\/td>\n<td style=\"padding: 8px; border: 1px solid black;\"><\/td>\n<\/tr>\n<tr>\n<td style=\"padding: 8px; border: 1px solid black;\">Faixa de temperatura operacional<\/td>\n<td style=\"padding: 8px; border: 1px solid black;\">-30\u00b0C ~ +60\u00b0C<\/td>\n<td style=\"padding: 8px; border: 1px solid black;\"><\/td>\n<\/tr>\n<tr>\n<td style=\"padding: 8px; border: 1px solid black;\">Faixa de umidade<\/td>\n<td style=\"padding: 8px; border: 1px solid black;\">0~100%RH<\/td>\n<td style=\"padding: 8px; border: 1px solid black;\">Sem condensa\u00e7\u00e3o<\/td>\n<\/tr>\n<tr>\n<td style=\"padding: 8px; border: 1px solid black;\">Altitude operacional m\u00e1xima<\/td>\n<td style=\"padding: 8px; border: 1px solid black;\">5000m<\/td>\n<td style=\"padding: 8px; border: 1px solid black;\"><\/td>\n<\/tr>\n<tr>\n<td style=\"padding: 8px; border: 1px solid black;\">Interfaces de comunica\u00e7\u00e3o<\/td>\n<td style=\"padding: 8px; border: 1px solid black;\">RS485\/Ethernet\/CAN<\/td>\n<td style=\"padding: 8px; border: 1px solid black;\"><\/td>\n<\/tr>\n<tr>\n<td style=\"padding: 8px; border: 1px solid black;\">Protocolos de comunica\u00e7\u00e3o externos<\/td>\n<td style=\"padding: 8px; border: 1px solid black;\">Modbus TCP\/Modbus RTU<\/td>\n<td style=\"padding: 8px; border: 1px solid black;\"><\/td>\n<\/tr>\n<tr>\n<td style=\"background-color: #ffffff; color: black; font-weight: bold; padding: 8px; border: 1px solid black; vertical-align: middle;\" rowspan=\"4\">Par\u00e2metros Mec\u00e2nicos<\/td>\n<td style=\"padding: 8px; border: 1px solid black;\">Dimens\u00f5es (C \u00d7 L \u00d7 A)<\/td>\n<td style=\"padding: 8px; border: 1px solid black;\">7620\u00d72438\u00d72896mm<\/td>\n<td style=\"padding: 8px; border: 1px solid black;\"><\/td>\n<\/tr>\n<tr>\n<td style=\"padding: 8px; border: 1px solid black;\">Peso<\/td>\n<td style=\"padding: 8px; border: 1px solid black;\">14500kg<\/td>\n<td style=\"padding: 8px; border: 1px solid black;\">Transformador a seco<\/td>\n<\/tr>\n<tr>\n<td style=\"padding: 8px; border: 1px solid black;\">N\u00edvel de prote\u00e7\u00e3o<\/td>\n<td style=\"padding: 8px; border: 1px solid black;\">IP54<\/td>\n<td style=\"padding: 8px; border: 1px solid black;\"><\/td>\n<\/tr>\n<tr>\n<td style=\"padding: 8px; border: 1px solid black;\">N\u00edvel de prote\u00e7\u00e3o anticorrosiva<\/td>\n<td style=\"padding: 8px; border: 1px solid black;\">C3<\/td>\n<td style=\"padding: 8px; border: 1px solid black;\">C4 e C5 opcionais<\/td>\n<\/tr>\n<tr>\n<td style=\"background-color: #ffffff; color: black; font-weight: bold; padding: 8px; border: 1px solid black; vertical-align: middle;\">Certifica\u00e7\u00f5es<\/td>\n<td style=\"padding: 8px; border: 1px solid black;\" colspan=\"2\">GB\/T 34120, GB\/T 34133<\/td>\n<td style=\"padding: 8px; border: 1px solid black;\"><\/td>\n<\/tr>\n<\/tbody>\n<\/table>\n<p>&nbsp;<\/p>\n<p><strong>Caracter\u00edsticas Principais:<\/strong><\/p>\n<ul>\n<li class=\"\" data-start=\"4002\" data-end=\"4108\">\n<p class=\"\" data-start=\"4004\" data-end=\"4108\">Suporte \u00e0s fun\u00e7\u00f5es <strong data-start=\"4023\" data-end=\"4044\">PQ, VF, SVG e VSG<\/strong>, com capacidade de suportar varia\u00e7\u00f5es de alta e baixa tens\u00e3o.<\/p>\n<\/li>\n<li class=\"\" data-start=\"4109\" data-end=\"4241\">\n<p class=\"\" data-start=\"4111\" data-end=\"4241\">Despacho de energia r\u00e1pido, opera\u00e7\u00e3o off-grid (fora da rede) e capacidade de <strong data-start=\"4188\" data-end=\"4205\">&#8220;black start&#8221;<\/strong>, com forte adaptabilidade \u00e0 rede.<\/p>\n<\/li>\n<li class=\"\" data-start=\"4242\" data-end=\"4368\">\n<p class=\"\" data-start=\"4244\" data-end=\"4368\">Suporte a dois grupos de baterias com gerenciamento independente de carga\/descarga \u2014 mais amig\u00e1vel \u00e0 vida \u00fatil da bateria.<\/p>\n<\/li>\n<li class=\"\" data-start=\"4369\" data-end=\"4439\">\n<p class=\"\" data-start=\"4371\" data-end=\"4439\">Layout racional e eficiente para <strong data-start=\"4404\" data-end=\"4436\">maximiza\u00e7\u00e3o do uso do espa\u00e7o<\/strong>.<\/p>\n<\/li>\n<li class=\"\" data-start=\"4440\" data-end=\"4521\">\n<p class=\"\" data-start=\"4442\" data-end=\"4521\">Circuito secund\u00e1rio integrado com medi\u00e7\u00e3o, prote\u00e7\u00e3o e comunica\u00e7\u00e3o unificadas.<\/p>\n<\/li>\n<li class=\"\" data-start=\"4522\" data-end=\"4646\">\n<p class=\"\" data-start=\"4524\" data-end=\"4646\">Design integrado de <strong data-start=\"4544\" data-end=\"4582\">transforma\u00e7\u00e3o e eleva\u00e7\u00e3o de tens\u00e3o<\/strong>, permitindo entrega completa do produto em uma \u00fanica solu\u00e7\u00e3o.<\/p>\n<\/li>\n<li class=\"\" data-start=\"4647\" data-end=\"4722\">\n<p class=\"\" data-start=\"4649\" data-end=\"4722\">Transporte, i\u00e7amento, instala\u00e7\u00e3o e manuten\u00e7\u00e3o mais f\u00e1ceis e eficientes.<\/p>\n<\/li>\n<li class=\"\" data-start=\"4723\" data-end=\"4841\">\n<p class=\"\" data-start=\"4725\" data-end=\"4841\">Adequado para ambientes agressivos, incluindo altas temperaturas, alta umidade, grande altitude e alta salinidade.<\/p>\n<\/li>\n<li class=\"\" data-start=\"4842\" data-end=\"4974\">\n<p class=\"\" data-start=\"4844\" data-end=\"4974\">Controle inteligente de velocidade da ventoinha em m\u00faltiplos est\u00e1gios, opera\u00e7\u00e3o est\u00e1vel em at\u00e9 50\u00b0C <strong data-start=\"4944\" data-end=\"4971\">sem perda de desempenho<\/strong>.<\/p>\n<\/li>\n<li class=\"\" data-start=\"4975\" data-end=\"5087\">\n<p class=\"\" data-start=\"4977\" data-end=\"5087\">Topologia em tr\u00eas n\u00edveis com <strong data-start=\"5006\" data-end=\"5044\">efici\u00eancia de convers\u00e3o de at\u00e9 99%<\/strong>, garantindo <strong data-start=\"5057\" data-end=\"5086\">alta qualidade de energia<\/strong>.<\/p>\n<\/li>\n<\/ul>\n","protected":false},"excerpt":{"rendered":"<p>Vis\u00e3o Geral: O MOTOMA FT25-690V3450KW \u00e9 um sistema de conversor&hellip;<\/p>\n","protected":false},"featured_media":53981,"template":"","meta":{"content-type":"","om_disable_all_campaigns":false,"_monsterinsights_skip_tracking":false,"_monsterinsights_sitenote_active":false,"_monsterinsights_sitenote_note":"","_monsterinsights_sitenote_category":0},"product_brand":[],"product_cat":[256,72],"product_tag":[],"class_list":{"0":"post-53980","1":"product","2":"type-product","3":"status-publish","4":"has-post-thumbnail","6":"product_cat-utilities-ess","7":"product_cat-lithium-battery","9":"first","10":"instock","11":"shipping-taxable","12":"product-type-simple"},"_links":{"self":[{"href":"https:\/\/motoma.cn\/pt\/wp-json\/wp\/v2\/product\/53980","targetHints":{"allow":["GET"]}}],"collection":[{"href":"https:\/\/motoma.cn\/pt\/wp-json\/wp\/v2\/product"}],"about":[{"href":"https:\/\/motoma.cn\/pt\/wp-json\/wp\/v2\/types\/product"}],"version-history":[{"count":6,"href":"https:\/\/motoma.cn\/pt\/wp-json\/wp\/v2\/product\/53980\/revisions"}],"predecessor-version":[{"id":54132,"href":"https:\/\/motoma.cn\/pt\/wp-json\/wp\/v2\/product\/53980\/revisions\/54132"}],"wp:featuredmedia":[{"embeddable":true,"href":"https:\/\/motoma.cn\/pt\/wp-json\/wp\/v2\/media\/53981"}],"wp:attachment":[{"href":"https:\/\/motoma.cn\/pt\/wp-json\/wp\/v2\/media?parent=53980"}],"wp:term":[{"taxonomy":"product_brand","embeddable":true,"href":"https:\/\/motoma.cn\/pt\/wp-json\/wp\/v2\/product_brand?post=53980"},{"taxonomy":"product_cat","embeddable":true,"href":"https:\/\/motoma.cn\/pt\/wp-json\/wp\/v2\/product_cat?post=53980"},{"taxonomy":"product_tag","embeddable":true,"href":"https:\/\/motoma.cn\/pt\/wp-json\/wp\/v2\/product_tag?post=53980"}],"curies":[{"name":"wp","href":"https:\/\/api.w.org\/{rel}","templated":true}]}}