

{"id":54092,"date":"2025-03-29T05:43:00","date_gmt":"2025-03-29T05:43:00","guid":{"rendered":"https:\/\/motoma.cn\/pt\/?post_type=product&#038;p=54092"},"modified":"2025-04-30T07:29:26","modified_gmt":"2025-04-30T07:29:26","slug":"dse-lifepo4-614-4-v-150-ah","status":"publish","type":"product","link":"https:\/\/motoma.cn\/pt\/product\/dse-lifepo4-614-4-v-150-ah\/","title":{"rendered":"DSE LiFePO4 614.4 V 150 AH (92.16\u00a0KWh)"},"content":{"rendered":"<p><strong>Vis\u00e3o geral:<\/strong><br \/>\nApresentamos a bateria de alta tens\u00e3o MOTOMA 614,4 V, o ep\u00edtome de seguran\u00e7a e confiabilidade no armazenamento de energia. Este sistema de fosfato de ferro-l\u00edtio foi projetado para aplica\u00e7\u00f5es exigentes em UPS, armazenamento residencial e armazenamento de energia industrial e comercial. Com desempenho elevado, estabilidade excepcional e efici\u00eancia inigual\u00e1vel, garante opera\u00e7\u00e3o cont\u00ednua em diversas situa\u00e7\u00f5es. Seja para garantir fornecimento ininterrupto, otimizar o consumo residencial ou ampliar capacidades industriais, este sistema de 614,4 V entrega a solu\u00e7\u00e3o ideal com versatilidade e confiabilidade sem igual.<\/p>\n<p><strong>Par\u00e2metros da bateria:<\/strong><\/p>\n<table>\n<tbody>\n<tr>\n<td>N\u00famero do modelo da bateria<\/td>\n<td>DSE-LFP614.4V 150A<\/td>\n<\/tr>\n<tr>\n<td>Tens\u00e3o nominal<\/td>\n<td>614.4V<\/td>\n<\/tr>\n<tr>\n<td>Capacidade nominal<\/td>\n<td>150A<\/td>\n<\/tr>\n<tr>\n<td>Capacidade de pot\u00eancia<\/td>\n<td>92.16<span class=\"fontstyle0\">\u00a0<\/span>KWh<\/td>\n<\/tr>\n<tr>\n<td>Vida \u00fatil de ciclo<\/td>\n<td>\u2265 6000 cycles @80% DOD<\/td>\n<\/tr>\n<tr>\n<td>Faixa de tens\u00e3o de opera\u00e7\u00e3o<\/td>\n<td>518.4~700.8V<\/td>\n<\/tr>\n<tr>\n<td>Corrente m\u00e1xima de carga<\/td>\n<td>100A<\/td>\n<\/tr>\n<tr>\n<td>Corrente m\u00e1xima de descarga<\/td>\n<td>100A<\/td>\n<\/tr>\n<tr>\n<td>Dimens\u00f5es (CxLxA)<\/td>\n<td>1800\u00d71100\u00d7600mm<\/td>\n<\/tr>\n<tr>\n<td>Peso unit\u00e1rio<\/td>\n<td>950Kg<\/td>\n<\/tr>\n<tr>\n<td>Comunica\u00e7\u00e3o<\/td>\n<td>CAN\/RS485<\/td>\n<\/tr>\n<tr>\n<td>Paralelismo de m\u00f3dulos<\/td>\n<td>Support up to 10 packs<\/td>\n<\/tr>\n<tr>\n<td>Prote\u00e7\u00f5es BMS<\/td>\n<td>Support<\/td>\n<\/tr>\n<tr>\n<td>Temperatura de carga<\/td>\n<td>0~45<sup>o<\/sup>C<\/td>\n<\/tr>\n<tr>\n<td>Temperatura de descarga<\/td>\n<td>-20~60<sup>o<\/sup>C<\/td>\n<\/tr>\n<tr>\n<td>Certifica\u00e7\u00f5es<\/td>\n<td>ISO \/ UL \/ IEC \/CE \/ UN38.3 \/MSDS<\/td>\n<\/tr>\n<\/tbody>\n<\/table>\n<p>&nbsp;<\/p>\n<p><strong>Principais caracter\u00edsticas:<\/strong><\/p>\n<ul>\n<li><strong>Seguro, confi\u00e1vel e longa vida \u00fatil:<\/strong>\u00a0Constru\u00e7\u00e3o focada na seguran\u00e7a, garantindo durabilidade e confiabilidade m\u00e1ximas.<\/li>\n<li><strong>Design modular padronizado:<\/strong>\u00a0Facilita a instala\u00e7\u00e3o e expans\u00e3o, integrando-se facilmente a diferentes aplica\u00e7\u00f5es.<\/li>\n<li><strong>Controle de carga\/descarga:<\/strong>\u00a0Gest\u00e3o otimizada para prolongar a vida \u00fatil e melhorar o desempenho.<\/li>\n<li><strong>Fornecedor de energia cont\u00ednua:<\/strong>\u00a0Garante suprimento sem interrup\u00e7\u00f5es.<\/li>\n<li><strong>Portas de comunica\u00e7\u00e3o (CAN\/RS485\/LAN):<\/strong>\u00a0Monitoramento e controle em tempo real.<\/li>\n<li><strong>Display LCD:<\/strong>\u00a0Informa\u00e7\u00f5es essenciais exibidas de forma clara e intuitiva.<\/li>\n<li><strong>Capacidade flex\u00edvel:<\/strong>\u00a0Projeto expans\u00edvel para atender necessidades espec\u00edficas de energia.<\/li>\n<li><strong>Opera\u00e7\u00e3o e manuten\u00e7\u00e3o eficientes:<\/strong>\u00a0Minimiza custos operacionais e tempo de inatividade.<\/li>\n<\/ul>\n<p>&nbsp;<\/p>\n","protected":false},"excerpt":{"rendered":"<p>Vis\u00e3o geral: Apresentamos a bateria de alta tens\u00e3o MOTOMA 614,4&hellip;<\/p>\n","protected":false},"featured_media":54093,"template":"","meta":{"content-type":"","om_disable_all_campaigns":false,"_monsterinsights_skip_tracking":false,"_monsterinsights_sitenote_active":false,"_monsterinsights_sitenote_note":"","_monsterinsights_sitenote_category":0},"product_brand":[],"product_cat":[72,250],"product_tag":[],"class_list":{"0":"post-54092","1":"product","2":"type-product","3":"status-publish","4":"has-post-thumbnail","6":"product_cat-lithium-battery","7":"product_cat-high-voltage-battery","9":"first","10":"instock","11":"virtual","12":"product-type-simple"},"_links":{"self":[{"href":"https:\/\/motoma.cn\/pt\/wp-json\/wp\/v2\/product\/54092","targetHints":{"allow":["GET"]}}],"collection":[{"href":"https:\/\/motoma.cn\/pt\/wp-json\/wp\/v2\/product"}],"about":[{"href":"https:\/\/motoma.cn\/pt\/wp-json\/wp\/v2\/types\/product"}],"version-history":[{"count":7,"href":"https:\/\/motoma.cn\/pt\/wp-json\/wp\/v2\/product\/54092\/revisions"}],"predecessor-version":[{"id":54200,"href":"https:\/\/motoma.cn\/pt\/wp-json\/wp\/v2\/product\/54092\/revisions\/54200"}],"wp:featuredmedia":[{"embeddable":true,"href":"https:\/\/motoma.cn\/pt\/wp-json\/wp\/v2\/media\/54093"}],"wp:attachment":[{"href":"https:\/\/motoma.cn\/pt\/wp-json\/wp\/v2\/media?parent=54092"}],"wp:term":[{"taxonomy":"product_brand","embeddable":true,"href":"https:\/\/motoma.cn\/pt\/wp-json\/wp\/v2\/product_brand?post=54092"},{"taxonomy":"product_cat","embeddable":true,"href":"https:\/\/motoma.cn\/pt\/wp-json\/wp\/v2\/product_cat?post=54092"},{"taxonomy":"product_tag","embeddable":true,"href":"https:\/\/motoma.cn\/pt\/wp-json\/wp\/v2\/product_tag?post=54092"}],"curies":[{"name":"wp","href":"https:\/\/api.w.org\/{rel}","templated":true}]}}